{"id":5710,"date":"2025-08-05T03:13:51","date_gmt":"2025-08-05T07:13:51","guid":{"rendered":"https:\/\/ntdctraining.org\/?page_id=5710"},"modified":"2025-08-19T12:56:40","modified_gmt":"2025-08-19T16:56:40","slug":"resource-library","status":"publish","type":"page","link":"https:\/\/ntdctraining.org\/es\/resource-library\/","title":{"rendered":"Biblioteca de recursos"},"content":{"rendered":"<div  class='flex_column av-5mb01q-9fbccda94be25a557442bd3906abd22a av_three_fourth  avia-builder-el-0  el_before_av_hr  avia-builder-el-first  first flex_column_div'     ><p>\n<style type=\"text\/css\" data-created_by=\"avia_inline_auto\" id=\"style-css-av-mdy9b3du-978633cff969c2fbf1f953e7bfc17e41\">\n#top .av-special-heading.av-mdy9b3du-978633cff969c2fbf1f953e7bfc17e41{\npadding-bottom:10px;\nfont-size:60px;\n}\nbody .av-special-heading.av-mdy9b3du-978633cff969c2fbf1f953e7bfc17e41 .av-special-heading-tag .heading-char{\nfont-size:25px;\n}\n#top #wrap_all .av-special-heading.av-mdy9b3du-978633cff969c2fbf1f953e7bfc17e41 .av-special-heading-tag{\nfont-size:60px;\n}\n.av-special-heading.av-mdy9b3du-978633cff969c2fbf1f953e7bfc17e41 .av-subheading{\nfont-size:15px;\n}\n\n@media only screen and (min-width: 768px) and (max-width: 989px){ \n#top #wrap_all .av-special-heading.av-mdy9b3du-978633cff969c2fbf1f953e7bfc17e41 .av-special-heading-tag{\nfont-size:48px;\n}\n}\n\n@media only screen and (min-width: 480px) and (max-width: 767px){ \n#top #wrap_all .av-special-heading.av-mdy9b3du-978633cff969c2fbf1f953e7bfc17e41 .av-special-heading-tag{\nfont-size:32px;\n}\n}\n\n@media only screen and (max-width: 479px){ \n#top #wrap_all .av-special-heading.av-mdy9b3du-978633cff969c2fbf1f953e7bfc17e41 .av-special-heading-tag{\nfont-size:22px;\n}\n}\n<\/style>\n<div  class='av-special-heading av-mdy9b3du-978633cff969c2fbf1f953e7bfc17e41 av-special-heading-h1 custom-color-heading blockquote modern-quote  avia-builder-el-1  el_before_av_textblock  avia-builder-el-first  av-inherit-size'><h1 class='av-special-heading-tag'  itemprop=\"headline\"  >Biblioteca de recursos<\/h1><div class=\"special-heading-border\"><div class=\"special-heading-inner-border\"><\/div><\/div><\/div><br \/>\n<section  class='av_textblock_section av-5ye3mm-e43cf88ec7c59253efd98d3d9c5defd0'   itemscope=\"itemscope\" itemtype=\"https:\/\/schema.org\/CreativeWork\" ><div class='avia_textblock'  itemprop=\"text\" ><p>Tu viaje de aprendizaje no termina con la formaci\u00f3n. Es s\u00f3lo el principio. La Biblioteca de Recursos del NTDC ofrece v\u00eddeos, podcasts y art\u00edculos alineados con cada tema para profundizar su comprensi\u00f3n. Estos recursos est\u00e1n dise\u00f1ados para fortalecer su capacidad para satisfacer las necesidades de los ni\u00f1os y j\u00f3venes bajo su cuidado. Utilice la funci\u00f3n de b\u00fasqueda para encontrar recursos por tema.<\/p>\n<\/div><\/section><\/p><\/div>\n<div  class='hr av-2ydn26-15fe422351b7056b77c4e9e90e173f9d hr-default  avia-builder-el-3  el_after_av_three_fourth  el_before_av_two_third'><span class='hr-inner'><span class=\"hr-inner-style\"><\/span><\/span><\/div>\n<div class='av-column-wrapper-individual av-mobile-columns-flex av-columns-individual'>\n<style type=\"text\/css\" data-created_by=\"avia_inline_auto\" id=\"style-css-av-49lyha-cb26f20797faadbb75d4c61e6fa7c42e\">\n.flex_column.av-49lyha-cb26f20797faadbb75d4c61e6fa7c42e{\norder:1;\n}\n<\/style>\n<div  class='flex_column av-49lyha-cb26f20797faadbb75d4c61e6fa7c42e av_two_third  avia-builder-el-4  el_after_av_hr  el_before_av_one_third  first flex_column_div'     ><p>\n<style type=\"text\/css\" data-created_by=\"avia_inline_auto\" id=\"style-css-av-mdzitq10-4fac12ed75b2304891bf31dd79592b87\">\n#top .av-special-heading.av-mdzitq10-4fac12ed75b2304891bf31dd79592b87{\npadding-bottom:10px;\n}\nbody .av-special-heading.av-mdzitq10-4fac12ed75b2304891bf31dd79592b87 .av-special-heading-tag .heading-char{\nfont-size:25px;\n}\n.av-special-heading.av-mdzitq10-4fac12ed75b2304891bf31dd79592b87 .av-subheading{\nfont-size:15px;\n}\n<\/style>\n<div  class='av-special-heading av-mdzitq10-4fac12ed75b2304891bf31dd79592b87 av-special-heading-h2 blockquote modern-quote  avia-builder-el-5  el_before_av_textblock  avia-builder-el-first'><h2 class='av-special-heading-tag'  itemprop=\"headline\"  >Recursos<\/h2><div class=\"special-heading-border\"><div class=\"special-heading-inner-border\"><\/div><\/div><\/div><br \/>\n<section  class='av_textblock_section av-mdy8z13w-3d1657f13c14e35fea011db8dd48cdf3'   itemscope=\"itemscope\" itemtype=\"https:\/\/schema.org\/CreativeWork\" ><div class='avia_textblock'  itemprop=\"text\" ><div class=\"search-filter-query search-filter-query--id-1\">\t\n\t<div class=\"results-found\"><strong>155<\/strong> Resultados | P\u00e1gina 1 de 16<\/div>\n\n\t<!-- Keep this wrapper class for Load More to work -->\n\t<div class=\"search-filter-query-posts\">\n\t\t\n\t\t\t<div class=\"result-card\">\n\t\t\t\t<div class=\"card-content\">\n\t\t\t\t\t\n\t\t\t\t\n\t\t\t\t\t<!-- Post Title -->\n\t\t\t\t\t<h3>Adaptarse a la vida como cuidador familiar<\/h3>\n\t\t\t\t\t\n\t\t\t\t\t<!-- Taxonomies -->\n\t\t\t\t\t<div class=\"result-tags\">\n\t\t\t\t\t\t\t\t\t\t\t\t\t\t<span class=\"result-tag theme-tag\">Tema: Parentesco<\/span>\n\t\t\t\t\t\t\t\t\t\t\t\t\t\t\t<span class=\"result-tag type-tag\">Folleto<\/span>\n\t\t\t\t\t\t\t\t\t\t\t\t<\/div>\n\t\t\t\t\t\n\t\t\t\t\t<hr \/>\n\n\n\t\t\t\t\t<!-- English Button (Default Theme Color) -->\n    <a href=\"https:\/\/spaulding.sharefile.com\/public\/share\/web-sf7517b826ff64f2cbcdf42e95eeb8c94\" \n       class=\"avia-button avia-size-medium avia-position-center avia-color-theme-color\" \n       target=\"_blank\" rel=\"noopener\">\n        Ver recurso (EN)\n    <\/a>\n\n<!-- Spanish Button (Keep as is) -->\n    <a href=\"https:\/\/spauldingyolandabrownmccutchen.sharefile.com\/public\/share\/web-sdc058894014b4f01bbff6a0d24aaf069\" \n       class=\"avia-button avia-size-medium avia-position-center\" \n       target=\"_blank\" rel=\"noopener\">\n        Ver Recurso (ES)\n    <\/a>\n\n\t\t\t\t<\/div>\n\t\t\t<\/div>\n\n\n\t\t\t\n\t\t\t<div class=\"result-card\">\n\t\t\t\t<div class=\"card-content\">\n\t\t\t\t\t\n\t\t\t\t\n\t\t\t\t\t<!-- Post Title -->\n\t\t\t\t\t<h3>Adolescentes y adopci\u00f3n<\/h3>\n\t\t\t\t\t\n\t\t\t\t\t<!-- Taxonomies -->\n\t\t\t\t\t<div class=\"result-tags\">\n\t\t\t\t\t\t\t\t\t\t\t\t\t\t<span class=\"result-tag theme-tag\">Tema: Sentimientos comunes asociados a la adopci\u00f3n<\/span>\n\t\t\t\t\t\t\t\t\t\t\t\t\t\t\t<span class=\"result-tag type-tag\">Art\u00edculo<\/span>\n\t\t\t\t\t\t\t\t\t\t\t\t<\/div>\n\t\t\t\t\t\n\t\t\t\t\t<hr \/>\n\n\n\t\t\t\t\t<!-- English Button (Default Theme Color) -->\n    <a href=\"https:\/\/spaulding.sharefile.com\/public\/share\/web-s1674cc65c5ae4519a47707cab585f237\" \n       class=\"avia-button avia-size-medium avia-position-center avia-color-theme-color\" \n       target=\"_blank\" rel=\"noopener\">\n        Ver recurso (EN)\n    <\/a>\n\n<!-- Spanish Button (Keep as is) -->\n\n\t\t\t\t<\/div>\n\t\t\t<\/div>\n\n\n\t\t\t\n\t\t\t<div class=\"result-card\">\n\t\t\t\t<div class=\"card-content\">\n\t\t\t\t\t\n\t\t\t\t\n\t\t\t\t\t<!-- Post Title -->\n\t\t\t\t\t<h3>Los ni\u00f1os adoptados y sus iguales<\/h3>\n\t\t\t\t\t\n\t\t\t\t\t<!-- Taxonomies -->\n\t\t\t\t\t<div class=\"result-tags\">\n\t\t\t\t\t\t\t\t\t\t\t\t\t\t<span class=\"result-tag theme-tag\">Tema: Preparaci\u00f3n y gesti\u00f3n de las preguntas intrusivas<\/span>\n\t\t\t\t\t\t\t\t\t\t\t\t\t\t\t<span class=\"result-tag type-tag\">Art\u00edculo<\/span>\n\t\t\t\t\t\t\t\t\t\t\t\t<\/div>\n\t\t\t\t\t\n\t\t\t\t\t<hr \/>\n\n\n\t\t\t\t\t<!-- English Button (Default Theme Color) -->\n    <a href=\"https:\/\/spaulding.sharefile.com\/public\/share\/web-s0884bb0d1a5646fcae963d1dee6960a6\" \n       class=\"avia-button avia-size-medium avia-position-center avia-color-theme-color\" \n       target=\"_blank\" rel=\"noopener\">\n        Ver recurso (EN)\n    <\/a>\n\n<!-- Spanish Button (Keep as is) -->\n\n\t\t\t\t<\/div>\n\t\t\t<\/div>\n\n\n\t\t\t\n\t\t\t<div class=\"result-card\">\n\t\t\t\t<div class=\"card-content\">\n\t\t\t\t\t\n\t\t\t\t\n\t\t\t\t\t<!-- Post Title -->\n\t\t\t\t\t<h3>Medicina de la adopci\u00f3n: Mejorar la vida y el bienestar de los ni\u00f1os adoptados<\/h3>\n\t\t\t\t\t\n\t\t\t\t\t<!-- Taxonomies -->\n\t\t\t\t\t<div class=\"result-tags\">\n\t\t\t\t\t\t\t\t\t\t\t\t\t\t<span class=\"result-tag theme-tag\">Tema: La adopci\u00f3n internacional: Consideraciones m\u00e9dicas<\/span>\n\t\t\t\t\t\t\t\t\t\t\t\t\t\t\t<span class=\"result-tag type-tag\">Art\u00edculo<\/span>\n\t\t\t\t\t\t\t\t\t\t\t\t<\/div>\n\t\t\t\t\t\n\t\t\t\t\t<hr \/>\n\n\n\t\t\t\t\t<!-- English Button (Default Theme Color) -->\n    <a href=\"https:\/\/spaulding.sharefile.com\/public\/share\/web-s11cbb86a8cc74ed0a3770e2f144a3baf\" \n       class=\"avia-button avia-size-medium avia-position-center avia-color-theme-color\" \n       target=\"_blank\" rel=\"noopener\">\n        Ver recurso (EN)\n    <\/a>\n\n<!-- Spanish Button (Keep as is) -->\n\n\t\t\t\t<\/div>\n\t\t\t<\/div>\n\n\n\t\t\t\n\t\t\t<div class=\"result-card\">\n\t\t\t\t<div class=\"card-content\">\n\t\t\t\t\t\n\t\t\t\t\n\t\t\t\t\t<!-- Post Title -->\n\t\t\t\t\t<h3>Mayor\u00eda de edad - Hoja informativa del PEI<\/h3>\n\t\t\t\t\t\n\t\t\t\t\t<!-- Taxonomies -->\n\t\t\t\t\t<div class=\"result-tags\">\n\t\t\t\t\t\t\t\t\t\t\t\t\t\t<span class=\"result-tag theme-tag\">Tema: Educaci\u00f3n<\/span>\n\t\t\t\t\t\t\t\t\t\t\t\t\t\t\t<span class=\"result-tag type-tag\">Art\u00edculo<\/span>\n\t\t\t\t\t\t\t\t\t\t\t\t<\/div>\n\t\t\t\t\t\n\t\t\t\t\t<hr \/>\n\n\n\t\t\t\t\t<!-- English Button (Default Theme Color) -->\n    <a href=\"https:\/\/spaulding.sharefile.com\/public\/share\/web-sf5e968c98e424a5093d43398419b321c\" \n       class=\"avia-button avia-size-medium avia-position-center avia-color-theme-color\" \n       target=\"_blank\" rel=\"noopener\">\n        Ver recurso (EN)\n    <\/a>\n\n<!-- Spanish Button (Keep as is) -->\n    <a href=\"https:\/\/spaulding.sharefile.com\/public\/share\/web-sea64526c41f34d71a2c87de45de72cdd\" \n       class=\"avia-button avia-size-medium avia-position-center\" \n       target=\"_blank\" rel=\"noopener\">\n        Ver Recurso (ES)\n    <\/a>\n\n\t\t\t\t<\/div>\n\t\t\t<\/div>\n\n\n\t\t\t\n\t\t\t<div class=\"result-card\">\n\t\t\t\t<div class=\"card-content\">\n\t\t\t\t\t\n\t\t\t\t\n\t\t\t\t\t<!-- Post Title -->\n\t\t\t\t\t<h3>Visi\u00f3n general del PEI - Hoja informativa sobre el PEI<\/h3>\n\t\t\t\t\t\n\t\t\t\t\t<!-- Taxonomies -->\n\t\t\t\t\t<div class=\"result-tags\">\n\t\t\t\t\t\t\t\t\t\t\t\t\t\t<span class=\"result-tag theme-tag\">Tema: Educaci\u00f3n<\/span>\n\t\t\t\t\t\t\t\t\t\t\t\t\t\t\t<span class=\"result-tag type-tag\">Art\u00edculo<\/span>\n\t\t\t\t\t\t\t\t\t\t\t\t<\/div>\n\t\t\t\t\t\n\t\t\t\t\t<hr \/>\n\n\n\t\t\t\t\t<!-- English Button (Default Theme Color) -->\n    <a href=\"https:\/\/spaulding.sharefile.com\/public\/share\/web-s8113788a44ed4f659017ad13ff0c4cd8\" \n       class=\"avia-button avia-size-medium avia-position-center avia-color-theme-color\" \n       target=\"_blank\" rel=\"noopener\">\n        Ver recurso (EN)\n    <\/a>\n\n<!-- Spanish Button (Keep as is) -->\n    <a href=\"https:\/\/spaulding.sharefile.com\/public\/share\/web-s38ac3723b9df49709a5f7ba9c82540c5\" \n       class=\"avia-button avia-size-medium avia-position-center\" \n       target=\"_blank\" rel=\"noopener\">\n        Ver Recurso (ES)\n    <\/a>\n\n\t\t\t\t<\/div>\n\t\t\t<\/div>\n\n\n\t\t\t\n\t\t\t<div class=\"result-card\">\n\t\t\t\t<div class=\"card-content\">\n\t\t\t\t\t\n\t\t\t\t\n\t\t\t\t\t<!-- Post Title -->\n\t\t\t\t\t<h3>Medidor de ira<\/h3>\n\t\t\t\t\t\n\t\t\t\t\t<!-- Taxonomies -->\n\t\t\t\t\t<div class=\"result-tags\">\n\t\t\t\t\t\t\t\t\t\t\t\t\t\t<span class=\"result-tag theme-tag\">Tema: Respuesta a los ni\u00f1os en crisis<\/span>\n\t\t\t\t\t\t\t\t\t\t\t\t\t\t\t<span class=\"result-tag type-tag\">Folleto<\/span>\n\t\t\t\t\t\t\t\t\t\t\t\t<\/div>\n\t\t\t\t\t\n\t\t\t\t\t<hr \/>\n\n\n\t\t\t\t\t<!-- English Button (Default Theme Color) -->\n    <a href=\"https:\/\/spaulding.sharefile.com\/public\/share\/web-s8931d56e01574c05aae4fb7ed1fa6c90\" \n       class=\"avia-button avia-size-medium avia-position-center avia-color-theme-color\" \n       target=\"_blank\" rel=\"noopener\">\n        Ver recurso (EN)\n    <\/a>\n\n<!-- Spanish Button (Keep as is) -->\n\n\t\t\t\t<\/div>\n\t\t\t<\/div>\n\n\n\t\t\t\n\t\t\t<div class=\"result-card\">\n\t\t\t\t<div class=\"card-content\">\n\t\t\t\t\t\n\t\t\t\t\n\t\t\t\t\t<!-- Post Title -->\n\t\t\t\t\t<h3>Pregunte sobre la tutela<\/h3>\n\t\t\t\t\t\n\t\t\t\t\t<!-- Taxonomies -->\n\t\t\t\t\t<div class=\"result-tags\">\n\t\t\t\t\t\t\t\t\t\t\t\t\t\t<span class=\"result-tag theme-tag\">Tema: Parentesco<\/span>\n\t\t\t\t\t\t\t\t\t\t\t\t\t\t\t<span class=\"result-tag type-tag\">Art\u00edculo<\/span>\n\t\t\t\t\t\t\t\t\t\t\t\t<\/div>\n\t\t\t\t\t\n\t\t\t\t\t<hr \/>\n\n\n\t\t\t\t\t<!-- English Button (Default Theme Color) -->\n    <a href=\"https:\/\/spaulding.sharefile.com\/public\/share\/web-sa92303d44bb14da0b9b7841d3b809fdc\" \n       class=\"avia-button avia-size-medium avia-position-center avia-color-theme-color\" \n       target=\"_blank\" rel=\"noopener\">\n        Ver recurso (EN)\n    <\/a>\n\n<!-- Spanish Button (Keep as is) -->\n\n\t\t\t\t<\/div>\n\t\t\t<\/div>\n\n\n\t\t\t\n\t\t\t<div class=\"result-card\">\n\t\t\t\t<div class=\"card-content\">\n\t\t\t\t\t\n\t\t\t\t\n\t\t\t\t\t<!-- Post Title -->\n\t\t\t\t\t<h3>Pregunte sobre la tutela: Lo que los profesionales de los servicios sociales deben saber para apoyar a las familias tuteladas<\/h3>\n\t\t\t\t\t\n\t\t\t\t\t<!-- Taxonomies -->\n\t\t\t\t\t<div class=\"result-tags\">\n\t\t\t\t\t\t\t\t\t\t\t\t\t\t<span class=\"result-tag theme-tag\">Tema: Din\u00e1mica familiar - Parentesco<\/span>\n\t\t\t\t\t\t\t\t\t\t\t\t\t\t\t<span class=\"result-tag type-tag\">Art\u00edculo<\/span>\n\t\t\t\t\t\t\t\t\t\t\t\t<\/div>\n\t\t\t\t\t\n\t\t\t\t\t<hr \/>\n\n\n\t\t\t\t\t<!-- English Button (Default Theme Color) -->\n    <a href=\"https:\/\/spaulding.sharefile.com\/public\/share\/web-s49f5a53500d544b6be08c6ebe34b84f1\" \n       class=\"avia-button avia-size-medium avia-position-center avia-color-theme-color\" \n       target=\"_blank\" rel=\"noopener\">\n        Ver recurso (EN)\n    <\/a>\n\n<!-- Spanish Button (Keep as is) -->\n\n\t\t\t\t<\/div>\n\t\t\t<\/div>\n\n\n\t\t\t\n\t\t\t<div class=\"result-card\">\n\t\t\t\t<div class=\"card-content\">\n\t\t\t\t\t\n\t\t\t\t\n\t\t\t\t\t<!-- Post Title -->\n\t\t\t\t\t<h3>El apego: por qu\u00e9 es importante<\/h3>\n\t\t\t\t\t\n\t\t\t\t\t<!-- Taxonomies -->\n\t\t\t\t\t<div class=\"result-tags\">\n\t\t\t\t\t\t\t\t\t\t\t\t\t\t<span class=\"result-tag theme-tag\">Tema: Ampliar el paradigma de la paternidad<\/span>\n\t\t\t\t\t\t\t\t\t\t\t\t\t\t\t<span class=\"result-tag type-tag\">V\u00eddeo<\/span>\n\t\t\t\t\t\t\t\t\t\t\t\t<\/div>\n\t\t\t\t\t\n\t\t\t\t\t<hr \/>\n\n\n\t\t\t\t\t<!-- English Button (Default Theme Color) -->\n    <a href=\"https:\/\/spaulding.sharefile.com\/public\/share\/web-sc19008717c8c478bb8e2d0443bba8d92\" \n       class=\"avia-button avia-size-medium avia-position-center avia-color-theme-color\" \n       target=\"_blank\" rel=\"noopener\">\n        Ver recurso (EN)\n    <\/a>\n\n<!-- Spanish Button (Keep as is) -->\n\n\t\t\t\t<\/div>\n\t\t\t<\/div>\n\n\n\t\t\t\t<\/div>\n\n\tP\u00e1gina 1 de 16<br \/>\n\t\n\t<div class=\"pagination\">\n\t\t<div class=\"nav-previous\"><a href=\"https:\/\/ntdctraining.org\/es\/wp-json\/wp\/v2\/pages\/5710\/page\/2\/\" >P\u00e1gina siguiente \"<\/a><\/div>\n\t\t<div class=\"nav-next\"><\/div>\n\t\t\t<\/div>\n\n\n\n\n\n\t<\/div>\n<\/div><\/section><\/p><\/div>\n<style type=\"text\/css\" data-created_by=\"avia_inline_auto\" id=\"style-css-av-20b7tq-e4ca1c619c9777814a225d8c30ef8498\">\n.flex_column.av-20b7tq-e4ca1c619c9777814a225d8c30ef8498{\norder:0;\n}\n<\/style>\n<div  class='flex_column av-20b7tq-e4ca1c619c9777814a225d8c30ef8498 av_one_third flex_column_div'     ><p>\n<style type=\"text\/css\" data-created_by=\"avia_inline_auto\" id=\"style-css-av-mdziu48b-4cd827583e719f3bb8436ccd9af76ced\">\n#top .av-special-heading.av-mdziu48b-4cd827583e719f3bb8436ccd9af76ced{\npadding-bottom:10px;\n}\nbody .av-special-heading.av-mdziu48b-4cd827583e719f3bb8436ccd9af76ced .av-special-heading-tag .heading-char{\nfont-size:25px;\n}\n.av-special-heading.av-mdziu48b-4cd827583e719f3bb8436ccd9af76ced .av-subheading{\nfont-size:15px;\n}\n<\/style>\n<div  class='av-special-heading av-mdziu48b-4cd827583e719f3bb8436ccd9af76ced av-special-heading-h3 blockquote modern-quote'><h3 class='av-special-heading-tag'  itemprop=\"headline\"  >Refinar la b\u00fasqueda<\/h3><div class=\"special-heading-border\"><div class=\"special-heading-inner-border\"><\/div><\/div><\/div><br \/>\n<section  class='av_textblock_section av-mdy98miu-3a4e73248cd34487cfa53e76ae8ef141'   itemscope=\"itemscope\" itemtype=\"https:\/\/schema.org\/CreativeWork\" ><div class='avia_textblock'  itemprop=\"text\" ><div  class=\"search-filter-base search-filter-field search-filter-field--id-4 search-filter-field--type-search search-filter-field--input-type-text search-filter-style--id-1 search-filter-style--search-text\"  data-search-filter-id=\"4\" ><\/div>\n<p><div  class=\"search-filter-base search-filter-field search-filter-field--id-2 search-filter-field--type-choice search-filter-field--input-type-select search-filter-style--id-1 search-filter-style--choice-select\"  data-search-filter-id=\"2\" ><\/div><br \/>\n<div  class=\"search-filter-base search-filter-field search-filter-field--id-1 search-filter-field--type-choice search-filter-field--input-type-checkbox search-filter-style--id-1 search-filter-style--choice-checkbox\"  data-search-filter-id=\"1\" ><\/div><\/p>\n<div  class=\"search-filter-base search-filter-field search-filter-field--id-3 search-filter-field--type-choice search-filter-field--input-type-checkbox search-filter-style--id-1 search-filter-style--choice-checkbox\"  data-search-filter-id=\"3\" ><\/div>\n<\/div><\/section><\/p><\/div><\/div><!--close flex column wrapper. Autoclose: 1 --><\/p>","protected":false},"excerpt":{"rendered":"","protected":false},"author":3,"featured_media":341,"parent":0,"menu_order":0,"comment_status":"closed","ping_status":"closed","template":"","meta":{"_acf_changed":false,"footnotes":""},"class_list":["post-5710","page","type-page","status-publish","has-post-thumbnail","hentry"],"acf":[],"yoast_head":"<!-- This site is optimized with the Yoast SEO plugin v27.5 - https:\/\/yoast.com\/product\/yoast-seo-wordpress\/ -->\n<title>Resource Library - National Training and Development Curriculum<\/title>\n<meta name=\"robots\" content=\"index, follow, max-snippet:-1, max-image-preview:large, max-video-preview:-1\" \/>\n<link rel=\"canonical\" href=\"https:\/\/ntdctraining.org\/es\/resource-library\/\" \/>\n<meta property=\"og:locale\" content=\"es_ES\" \/>\n<meta property=\"og:type\" content=\"article\" \/>\n<meta property=\"og:title\" content=\"Resource Library - National Training and Development Curriculum\" \/>\n<meta property=\"og:url\" content=\"https:\/\/ntdctraining.org\/es\/resource-library\/\" \/>\n<meta property=\"og:site_name\" content=\"National Training and Development Curriculum\" \/>\n<meta property=\"article:modified_time\" content=\"2025-08-19T16:56:40+00:00\" \/>\n<meta property=\"og:image\" content=\"https:\/\/ntdctraining.org\/wp-content\/uploads\/2020\/06\/NTDC-Resources-1500x430-1.jpg\" \/>\n\t<meta property=\"og:image:width\" content=\"1500\" \/>\n\t<meta property=\"og:image:height\" content=\"430\" \/>\n\t<meta property=\"og:image:type\" content=\"image\/jpeg\" \/>\n<meta name=\"twitter:card\" content=\"summary_large_image\" \/>\n<meta name=\"twitter:label1\" content=\"Tiempo de lectura\" \/>\n\t<meta name=\"twitter:data1\" content=\"2 minutos\" \/>\n<script type=\"application\/ld+json\" class=\"yoast-schema-graph\">{\"@context\":\"https:\\\/\\\/schema.org\",\"@graph\":[{\"@type\":\"WebPage\",\"@id\":\"https:\\\/\\\/ntdctraining.org\\\/resource-library\\\/\",\"url\":\"https:\\\/\\\/ntdctraining.org\\\/resource-library\\\/\",\"name\":\"Resource Library - National Training and Development Curriculum\",\"isPartOf\":{\"@id\":\"https:\\\/\\\/ntdctraining.org\\\/#website\"},\"primaryImageOfPage\":{\"@id\":\"https:\\\/\\\/ntdctraining.org\\\/resource-library\\\/#primaryimage\"},\"image\":{\"@id\":\"https:\\\/\\\/ntdctraining.org\\\/resource-library\\\/#primaryimage\"},\"thumbnailUrl\":\"https:\\\/\\\/ntdctraining.org\\\/wp-content\\\/uploads\\\/2020\\\/06\\\/NTDC-Resources-1500x430-1.jpg\",\"datePublished\":\"2025-08-05T07:13:51+00:00\",\"dateModified\":\"2025-08-19T16:56:40+00:00\",\"breadcrumb\":{\"@id\":\"https:\\\/\\\/ntdctraining.org\\\/resource-library\\\/#breadcrumb\"},\"inLanguage\":\"es\",\"potentialAction\":[{\"@type\":\"ReadAction\",\"target\":[\"https:\\\/\\\/ntdctraining.org\\\/resource-library\\\/\"]}]},{\"@type\":\"ImageObject\",\"inLanguage\":\"es\",\"@id\":\"https:\\\/\\\/ntdctraining.org\\\/resource-library\\\/#primaryimage\",\"url\":\"https:\\\/\\\/ntdctraining.org\\\/wp-content\\\/uploads\\\/2020\\\/06\\\/NTDC-Resources-1500x430-1.jpg\",\"contentUrl\":\"https:\\\/\\\/ntdctraining.org\\\/wp-content\\\/uploads\\\/2020\\\/06\\\/NTDC-Resources-1500x430-1.jpg\",\"width\":1500,\"height\":430,\"caption\":\"Library\"},{\"@type\":\"BreadcrumbList\",\"@id\":\"https:\\\/\\\/ntdctraining.org\\\/resource-library\\\/#breadcrumb\",\"itemListElement\":[{\"@type\":\"ListItem\",\"position\":1,\"name\":\"Home\",\"item\":\"https:\\\/\\\/ntdctraining.org\\\/\"},{\"@type\":\"ListItem\",\"position\":2,\"name\":\"Resource Library\"}]},{\"@type\":\"WebSite\",\"@id\":\"https:\\\/\\\/ntdctraining.org\\\/#website\",\"url\":\"https:\\\/\\\/ntdctraining.org\\\/\",\"name\":\"National Training and Development Curriculum\",\"description\":\"A State-of-the-Art Training Program for Foster and Adoptive Parents\",\"potentialAction\":[{\"@type\":\"SearchAction\",\"target\":{\"@type\":\"EntryPoint\",\"urlTemplate\":\"https:\\\/\\\/ntdctraining.org\\\/?s={search_term_string}\"},\"query-input\":{\"@type\":\"PropertyValueSpecification\",\"valueRequired\":true,\"valueName\":\"search_term_string\"}}],\"inLanguage\":\"es\"}]}<\/script>\n<!-- \/ Yoast SEO plugin. -->","yoast_head_json":{"title":"Biblioteca de recursos - Programa nacional de formaci\u00f3n y desarrollo","robots":{"index":"index","follow":"follow","max-snippet":"max-snippet:-1","max-image-preview":"max-image-preview:large","max-video-preview":"max-video-preview:-1"},"canonical":"https:\/\/ntdctraining.org\/es\/resource-library\/","og_locale":"es_ES","og_type":"article","og_title":"Resource Library - National Training and Development Curriculum","og_url":"https:\/\/ntdctraining.org\/es\/resource-library\/","og_site_name":"National Training and Development Curriculum","article_modified_time":"2025-08-19T16:56:40+00:00","og_image":[{"width":1500,"height":430,"url":"https:\/\/ntdctraining.org\/wp-content\/uploads\/2020\/06\/NTDC-Resources-1500x430-1.jpg","type":"image\/jpeg"}],"twitter_card":"summary_large_image","twitter_misc":{"Tiempo de lectura":"2 minutos"},"schema":{"@context":"https:\/\/schema.org","@graph":[{"@type":"WebPage","@id":"https:\/\/ntdctraining.org\/resource-library\/","url":"https:\/\/ntdctraining.org\/resource-library\/","name":"Biblioteca de recursos - Programa nacional de formaci\u00f3n y desarrollo","isPartOf":{"@id":"https:\/\/ntdctraining.org\/#website"},"primaryImageOfPage":{"@id":"https:\/\/ntdctraining.org\/resource-library\/#primaryimage"},"image":{"@id":"https:\/\/ntdctraining.org\/resource-library\/#primaryimage"},"thumbnailUrl":"https:\/\/ntdctraining.org\/wp-content\/uploads\/2020\/06\/NTDC-Resources-1500x430-1.jpg","datePublished":"2025-08-05T07:13:51+00:00","dateModified":"2025-08-19T16:56:40+00:00","breadcrumb":{"@id":"https:\/\/ntdctraining.org\/resource-library\/#breadcrumb"},"inLanguage":"es","potentialAction":[{"@type":"ReadAction","target":["https:\/\/ntdctraining.org\/resource-library\/"]}]},{"@type":"ImageObject","inLanguage":"es","@id":"https:\/\/ntdctraining.org\/resource-library\/#primaryimage","url":"https:\/\/ntdctraining.org\/wp-content\/uploads\/2020\/06\/NTDC-Resources-1500x430-1.jpg","contentUrl":"https:\/\/ntdctraining.org\/wp-content\/uploads\/2020\/06\/NTDC-Resources-1500x430-1.jpg","width":1500,"height":430,"caption":"Library"},{"@type":"BreadcrumbList","@id":"https:\/\/ntdctraining.org\/resource-library\/#breadcrumb","itemListElement":[{"@type":"ListItem","position":1,"name":"Home","item":"https:\/\/ntdctraining.org\/"},{"@type":"ListItem","position":2,"name":"Resource Library"}]},{"@type":"WebSite","@id":"https:\/\/ntdctraining.org\/#website","url":"https:\/\/ntdctraining.org\/","name":"Programa nacional de formaci\u00f3n y desarrollo","description":"Un programa de formaci\u00f3n de vanguardia para padres de acogida y adoptivos","potentialAction":[{"@type":"SearchAction","target":{"@type":"EntryPoint","urlTemplate":"https:\/\/ntdctraining.org\/?s={search_term_string}"},"query-input":{"@type":"PropertyValueSpecification","valueRequired":true,"valueName":"search_term_string"}}],"inLanguage":"es"}]}},"_links":{"self":[{"href":"https:\/\/ntdctraining.org\/es\/wp-json\/wp\/v2\/pages\/5710","targetHints":{"allow":["GET"]}}],"collection":[{"href":"https:\/\/ntdctraining.org\/es\/wp-json\/wp\/v2\/pages"}],"about":[{"href":"https:\/\/ntdctraining.org\/es\/wp-json\/wp\/v2\/types\/page"}],"author":[{"embeddable":true,"href":"https:\/\/ntdctraining.org\/es\/wp-json\/wp\/v2\/users\/3"}],"replies":[{"embeddable":true,"href":"https:\/\/ntdctraining.org\/es\/wp-json\/wp\/v2\/comments?post=5710"}],"version-history":[{"count":0,"href":"https:\/\/ntdctraining.org\/es\/wp-json\/wp\/v2\/pages\/5710\/revisions"}],"wp:featuredmedia":[{"embeddable":true,"href":"https:\/\/ntdctraining.org\/es\/wp-json\/wp\/v2\/media\/341"}],"wp:attachment":[{"href":"https:\/\/ntdctraining.org\/es\/wp-json\/wp\/v2\/media?parent=5710"}],"curies":[{"name":"wp","href":"https:\/\/api.w.org\/{rel}","templated":true}]}}