{"id":3321,"date":"2022-08-08T07:10:19","date_gmt":"2022-08-08T11:10:19","guid":{"rendered":"https:\/\/ntdctraining.org\/?page_id=3321"},"modified":"2025-08-04T10:15:09","modified_gmt":"2025-08-04T14:15:09","slug":"current-modern","status":"publish","type":"page","link":"https:\/\/ntdctraining.org\/es\/acerca-de\/mensajes-clave\/actual-moderno\/","title":{"rendered":"Actual\/Moderno"},"content":{"rendered":"<div id='av-layout-grid-1'  class='av-layout-grid-container av-j9hrzt-d1b378aec98e285beb699da36c29d8a0 entry-content-wrapper main_color av-fixed-cells  avia-builder-el-0  el_before_av_one_half  avia-builder-el-first   container_wrap sidebar_left'  >\n\n<style type=\"text\/css\" data-created_by=\"avia_inline_auto\" id=\"style-css-av-hid6q1-28e7f0ee184006c65ff6c24eda6da7e7\">\n.flex_cell.av-hid6q1-28e7f0ee184006c65ff6c24eda6da7e7{\nvertical-align:middle;\nbackground-color:#0d3f64;\n}\n.responsive #top #wrap_all .flex_cell.av-hid6q1-28e7f0ee184006c65ff6c24eda6da7e7{\npadding:10px 10px 10px 10px !important;\n}\n<\/style>\n<div class='flex_cell av-hid6q1-28e7f0ee184006c65ff6c24eda6da7e7 av-gridrow-cell av_one_fourth no_margin  avia-builder-el-1  el_before_av_cell_one_fourth  avia-builder-el-first  content-align-middle'  ><div class='flex_cell_inner'><\/div><\/div>\n<style type=\"text\/css\" data-created_by=\"avia_inline_auto\" id=\"style-css-av-fc599l-2f5b2ece1df6faad648c45d68794a7e4\">\n.flex_cell.av-fc599l-2f5b2ece1df6faad648c45d68794a7e4{\nvertical-align:middle;\nbackground-color:#94d6e0;\n}\n.responsive #top #wrap_all .flex_cell.av-fc599l-2f5b2ece1df6faad648c45d68794a7e4{\npadding:10px 10px 10px 10px !important;\n}\n<\/style>\n<div class='flex_cell av-fc599l-2f5b2ece1df6faad648c45d68794a7e4 av-gridrow-cell av_one_fourth no_margin  avia-builder-el-2  el_after_av_cell_one_fourth  el_before_av_cell_one_fourth  content-align-middle'  ><div class='flex_cell_inner'><\/div><\/div>\n<style type=\"text\/css\" data-created_by=\"avia_inline_auto\" id=\"style-css-av-dlsyih-e287efc593244fb4280d4144d9a56da7\">\n.flex_cell.av-dlsyih-e287efc593244fb4280d4144d9a56da7{\nvertical-align:middle;\nbackground-color:#e9e1e0;\n}\n.responsive #top #wrap_all .flex_cell.av-dlsyih-e287efc593244fb4280d4144d9a56da7{\npadding:10px 10px 10px 10px !important;\n}\n<\/style>\n<div class='flex_cell av-dlsyih-e287efc593244fb4280d4144d9a56da7 av-gridrow-cell av_one_fourth no_margin  avia-builder-el-3  el_after_av_cell_one_fourth  el_before_av_cell_one_fourth  content-align-middle'  ><div class='flex_cell_inner'><\/div><\/div>\n<style type=\"text\/css\" data-created_by=\"avia_inline_auto\" id=\"style-css-av-d06a3t-91da927baf9a43002f965e873f7904b0\">\n.flex_cell.av-d06a3t-91da927baf9a43002f965e873f7904b0{\nvertical-align:middle;\nbackground-color:#de4f26;\n}\n.responsive #top #wrap_all .flex_cell.av-d06a3t-91da927baf9a43002f965e873f7904b0{\npadding:10px 10px 10px 10px !important;\n}\n<\/style>\n<div class='flex_cell av-d06a3t-91da927baf9a43002f965e873f7904b0 av-gridrow-cell av_one_fourth no_margin  avia-builder-el-4  el_after_av_cell_one_fourth  avia-builder-el-last  content-align-middle'  ><div class='flex_cell_inner'><\/div><\/div>\n<\/div><div id='after_grid_row_1'  class='main_color av_default_container_wrap container_wrap sidebar_left'  ><div class='container av-section-cont-open' ><div class='template-page content  av-content-small units'><div class='post-entry post-entry-type-page post-entry-3321'><div class='entry-content-wrapper clearfix'>\n<div  class='flex_column av-a5qfrd-ee40be94fd787fde0be14b05c9fe9be3 av_one_half  avia-builder-el-5  el_after_av_layout_row  el_before_av_one_half  avia-builder-el-first  first flex_column_div'     ><p>\n<style type=\"text\/css\" data-created_by=\"avia_inline_auto\" id=\"style-css-av-l6kndj7g-802e595640855739a2d5f82591f9b18c\">\n#top .av-special-heading.av-l6kndj7g-802e595640855739a2d5f82591f9b18c{\npadding-bottom:10px;\n}\nbody .av-special-heading.av-l6kndj7g-802e595640855739a2d5f82591f9b18c .av-special-heading-tag .heading-char{\nfont-size:25px;\n}\n.av-special-heading.av-l6kndj7g-802e595640855739a2d5f82591f9b18c .av-subheading{\nfont-size:15px;\n}\n<\/style>\n<div  class='av-special-heading av-l6kndj7g-802e595640855739a2d5f82591f9b18c av-special-heading-h1 custom-color-heading  avia-builder-el-6  el_before_av_textblock  avia-builder-el-first'><h1 class='av-special-heading-tag'  itemprop=\"headline\"  >Actual\/Moderno<\/h1><div class=\"special-heading-border\"><div class=\"special-heading-inner-border\"><\/div><\/div><\/div><br \/>\n<section  class='av_textblock_section av-l6knf0n6-d04ebd87ec38af311c28124124428b9d'   itemscope=\"itemscope\" itemtype=\"https:\/\/schema.org\/CreativeWork\" ><div class='avia_textblock'  itemprop=\"text\" ><p dir=\"ltr\">Aunque nuestro mundo est\u00e1 en constante cambio, las familias de acogida, adoptivas y de parentesco siempre necesitar\u00e1n apoyo y servicios espec\u00edficos que se adapten a su situaci\u00f3n.<\/p>\n<p dir=\"ltr\">Este mes destacamos el contenido multimedia del NTDC que aborda las necesidades actuales de las familias mediante una combinaci\u00f3n de autoevaluaci\u00f3n, formaci\u00f3n facilitada y acceso permanente a contenidos as\u00edncronos.<\/p>\n<p dir=\"ltr\">La combinaci\u00f3n de la formaci\u00f3n presencial del NTDC, los podcasts y los v\u00eddeos \"a la carta\", adaptados a los distintos estilos de aprendizaje de los adultos y disponibles para los padres, tanto si necesitan explicaciones detalladas sobre los temas como un repaso r\u00e1pido, ofrecen a los padres herramientas que siempre llegan a tiempo.<\/p>\n<p dir=\"ltr\">Explorar los distintos componentes del NTDC\u00a0<a href=\"https:\/\/ntdctraining.org\/es\/materiales-curriculares-generales\/\" target=\"_blank\" rel=\"noopener\">pulse aqu\u00ed<\/a>.<\/p>\n<\/div><\/section><\/p><\/div>\n<div  class='flex_column av-8sy6g9-91fd8a37723c5042ed482f6900b18951 av_one_half  avia-builder-el-8  el_after_av_one_half  el_before_av_heading  flex_column_div'     ><style type=\"text\/css\" data-created_by=\"avia_inline_auto\" id=\"style-css-av-l6kndz3r-e29c757ef475d2ecd9090d63b6831bbb\">\n.avia-image-container.av-l6kndz3r-e29c757ef475d2ecd9090d63b6831bbb img.avia_image{\nbox-shadow:none;\n}\n.avia-image-container.av-l6kndz3r-e29c757ef475d2ecd9090d63b6831bbb .av-image-caption-overlay-center{\ncolor:#ffffff;\n}\n<\/style>\n<div  class='avia-image-container av-l6kndz3r-e29c757ef475d2ecd9090d63b6831bbb av-styling- avia-align-center  avia-builder-el-9  avia-builder-el-no-sibling'   itemprop=\"image\" itemscope=\"itemscope\" itemtype=\"https:\/\/schema.org\/ImageObject\" ><div class=\"avia-image-container-inner\"><div class=\"avia-image-overlay-wrap\"><img decoding=\"async\" fetchpriority=\"high\" class='wp-image-2890 avia-img-lazy-loading-not-2890 avia_image' src=\"https:\/\/ntdctraining.org\/wp-content\/uploads\/2022\/06\/NTDC-4-Current-Modern.jpg\" alt='' title='NTDC-4-Corriente-Moderno'  height=\"768\" width=\"768\"  itemprop=\"thumbnailUrl\" srcset=\"https:\/\/ntdctraining.org\/wp-content\/uploads\/2022\/06\/NTDC-4-Current-Modern.jpg 768w, https:\/\/ntdctraining.org\/wp-content\/uploads\/2022\/06\/NTDC-4-Current-Modern-300x300.jpg 300w, https:\/\/ntdctraining.org\/wp-content\/uploads\/2022\/06\/NTDC-4-Current-Modern-80x80.jpg 80w, https:\/\/ntdctraining.org\/wp-content\/uploads\/2022\/06\/NTDC-4-Current-Modern-36x36.jpg 36w, https:\/\/ntdctraining.org\/wp-content\/uploads\/2022\/06\/NTDC-4-Current-Modern-180x180.jpg 180w, https:\/\/ntdctraining.org\/wp-content\/uploads\/2022\/06\/NTDC-4-Current-Modern-705x705.jpg 705w\" sizes=\"(max-width: 768px) 100vw, 768px\" \/><\/div><\/div><\/div><\/div>\n\n<style type=\"text\/css\" data-created_by=\"avia_inline_auto\" id=\"style-css-av-l6kngl3k-843413456ed4b4b013b50fbf2c29545e\">\n#top .av-special-heading.av-l6kngl3k-843413456ed4b4b013b50fbf2c29545e{\npadding-bottom:10px;\n}\nbody .av-special-heading.av-l6kngl3k-843413456ed4b4b013b50fbf2c29545e .av-special-heading-tag .heading-char{\nfont-size:25px;\n}\n.av-special-heading.av-l6kngl3k-843413456ed4b4b013b50fbf2c29545e .av-subheading{\nfont-size:15px;\n}\n<\/style>\n<div  class='av-special-heading av-l6kngl3k-843413456ed4b4b013b50fbf2c29545e av-special-heading-h2 custom-color-heading  avia-builder-el-10  el_after_av_one_half  el_before_av_one_half'><h2 class='av-special-heading-tag'  itemprop=\"headline\"  >Lo que dicen los facilitadores del NTDC<\/h2><div class=\"special-heading-border\"><div class=\"special-heading-inner-border\"><\/div><\/div><\/div>\n<div  class='flex_column av-6v717t-9657d8fca8282660790ead9468a772b1 av_one_half  avia-builder-el-11  el_after_av_heading  avia-builder-el-last  first flex_column_div'     ><div  class='avia-video av-l6knh6qb-15fd792496eb9f0eaa84a10f48f81554 avia-video-16-9 av-no-preview-image avia-video-load-always av-lazyload-immediate av-lazyload-video-embed'  itemprop=\"video\" itemtype=\"https:\/\/schema.org\/VideoObject\"  data-original_url='https:\/\/youtu.be\/SN9MId0IRM8'><script type='text\/html' class='av-video-tmpl'><div class='avia-iframe-wrap'><iframe loading=\"lazy\" title=\"NTDC, A Modern Training Tool for Parents\" width=\"1500\" height=\"844\" src=\"https:\/\/www.youtube.com\/embed\/SN9MId0IRM8?feature=oembed&autoplay=0&loop=0&controls=1&mute=0\" frameborder=\"0\" allow=\"accelerometer; autoplay; clipboard-write; encrypted-media; gyroscope; picture-in-picture\" allowfullscreen><\/iframe><\/div><\/script><div class='av-click-to-play-overlay'><div class=\"avia_playpause_icon\"><\/div><\/div><\/div><\/div>","protected":false},"excerpt":{"rendered":"","protected":false},"author":1,"featured_media":0,"parent":189,"menu_order":0,"comment_status":"closed","ping_status":"closed","template":"","meta":{"_acf_changed":false,"footnotes":""},"class_list":["post-3321","page","type-page","status-publish","hentry"],"acf":[],"yoast_head":"<!-- This site is optimized with the Yoast SEO plugin v27.4 - https:\/\/yoast.com\/product\/yoast-seo-wordpress\/ -->\n<title>Current\/Modern - National Training and Development Curriculum<\/title>\n<meta name=\"robots\" content=\"index, follow, max-snippet:-1, max-image-preview:large, max-video-preview:-1\" \/>\n<link rel=\"canonical\" href=\"https:\/\/ntdctraining.org\/es\/acerca-de\/mensajes-clave\/actual-moderno\/\" \/>\n<meta property=\"og:locale\" content=\"es_ES\" \/>\n<meta property=\"og:type\" content=\"article\" \/>\n<meta property=\"og:title\" content=\"Current\/Modern - National Training and Development Curriculum\" \/>\n<meta property=\"og:url\" content=\"https:\/\/ntdctraining.org\/es\/acerca-de\/mensajes-clave\/actual-moderno\/\" \/>\n<meta property=\"og:site_name\" content=\"National Training and Development Curriculum\" \/>\n<meta property=\"article:modified_time\" content=\"2025-08-04T14:15:09+00:00\" \/>\n<meta name=\"twitter:card\" content=\"summary_large_image\" \/>\n<meta name=\"twitter:label1\" content=\"Tiempo de lectura\" \/>\n\t<meta name=\"twitter:data1\" content=\"1 minuto\" \/>\n<script type=\"application\/ld+json\" class=\"yoast-schema-graph\">{\"@context\":\"https:\\\/\\\/schema.org\",\"@graph\":[{\"@type\":\"WebPage\",\"@id\":\"https:\\\/\\\/ntdctraining.org\\\/about\\\/key-messages\\\/current-modern\\\/\",\"url\":\"https:\\\/\\\/ntdctraining.org\\\/about\\\/key-messages\\\/current-modern\\\/\",\"name\":\"Current\\\/Modern - National Training and Development Curriculum\",\"isPartOf\":{\"@id\":\"https:\\\/\\\/ntdctraining.org\\\/#website\"},\"datePublished\":\"2022-08-08T11:10:19+00:00\",\"dateModified\":\"2025-08-04T14:15:09+00:00\",\"breadcrumb\":{\"@id\":\"https:\\\/\\\/ntdctraining.org\\\/about\\\/key-messages\\\/current-modern\\\/#breadcrumb\"},\"inLanguage\":\"es\",\"potentialAction\":[{\"@type\":\"ReadAction\",\"target\":[\"https:\\\/\\\/ntdctraining.org\\\/about\\\/key-messages\\\/current-modern\\\/\"]}]},{\"@type\":\"BreadcrumbList\",\"@id\":\"https:\\\/\\\/ntdctraining.org\\\/about\\\/key-messages\\\/current-modern\\\/#breadcrumb\",\"itemListElement\":[{\"@type\":\"ListItem\",\"position\":1,\"name\":\"Home\",\"item\":\"https:\\\/\\\/ntdctraining.org\\\/\"},{\"@type\":\"ListItem\",\"position\":2,\"name\":\"About NTDC\",\"item\":\"https:\\\/\\\/ntdctraining.org\\\/about\\\/\"},{\"@type\":\"ListItem\",\"position\":3,\"name\":\"Key Messages\",\"item\":\"https:\\\/\\\/ntdctraining.org\\\/about\\\/key-messages\\\/\"},{\"@type\":\"ListItem\",\"position\":4,\"name\":\"Current\\\/Modern\"}]},{\"@type\":\"WebSite\",\"@id\":\"https:\\\/\\\/ntdctraining.org\\\/#website\",\"url\":\"https:\\\/\\\/ntdctraining.org\\\/\",\"name\":\"National Training and Development Curriculum\",\"description\":\"A State-of-the-Art Training Program for Foster and Adoptive Parents\",\"potentialAction\":[{\"@type\":\"SearchAction\",\"target\":{\"@type\":\"EntryPoint\",\"urlTemplate\":\"https:\\\/\\\/ntdctraining.org\\\/?s={search_term_string}\"},\"query-input\":{\"@type\":\"PropertyValueSpecification\",\"valueRequired\":true,\"valueName\":\"search_term_string\"}}],\"inLanguage\":\"es\"}]}<\/script>\n<!-- \/ Yoast SEO plugin. -->","yoast_head_json":{"title":"Actual\/Moderno - Curr\u00edculo nacional de formaci\u00f3n y desarrollo","robots":{"index":"index","follow":"follow","max-snippet":"max-snippet:-1","max-image-preview":"max-image-preview:large","max-video-preview":"max-video-preview:-1"},"canonical":"https:\/\/ntdctraining.org\/es\/acerca-de\/mensajes-clave\/actual-moderno\/","og_locale":"es_ES","og_type":"article","og_title":"Current\/Modern - National Training and Development Curriculum","og_url":"https:\/\/ntdctraining.org\/es\/acerca-de\/mensajes-clave\/actual-moderno\/","og_site_name":"National Training and Development Curriculum","article_modified_time":"2025-08-04T14:15:09+00:00","twitter_card":"summary_large_image","twitter_misc":{"Tiempo de lectura":"1 minuto"},"schema":{"@context":"https:\/\/schema.org","@graph":[{"@type":"WebPage","@id":"https:\/\/ntdctraining.org\/about\/key-messages\/current-modern\/","url":"https:\/\/ntdctraining.org\/about\/key-messages\/current-modern\/","name":"Actual\/Moderno - Curr\u00edculo nacional de formaci\u00f3n y desarrollo","isPartOf":{"@id":"https:\/\/ntdctraining.org\/#website"},"datePublished":"2022-08-08T11:10:19+00:00","dateModified":"2025-08-04T14:15:09+00:00","breadcrumb":{"@id":"https:\/\/ntdctraining.org\/about\/key-messages\/current-modern\/#breadcrumb"},"inLanguage":"es","potentialAction":[{"@type":"ReadAction","target":["https:\/\/ntdctraining.org\/about\/key-messages\/current-modern\/"]}]},{"@type":"BreadcrumbList","@id":"https:\/\/ntdctraining.org\/about\/key-messages\/current-modern\/#breadcrumb","itemListElement":[{"@type":"ListItem","position":1,"name":"Home","item":"https:\/\/ntdctraining.org\/"},{"@type":"ListItem","position":2,"name":"About NTDC","item":"https:\/\/ntdctraining.org\/about\/"},{"@type":"ListItem","position":3,"name":"Key Messages","item":"https:\/\/ntdctraining.org\/about\/key-messages\/"},{"@type":"ListItem","position":4,"name":"Current\/Modern"}]},{"@type":"WebSite","@id":"https:\/\/ntdctraining.org\/#website","url":"https:\/\/ntdctraining.org\/","name":"Programa nacional de formaci\u00f3n y desarrollo","description":"Un programa de formaci\u00f3n de vanguardia para padres de acogida y adoptivos","potentialAction":[{"@type":"SearchAction","target":{"@type":"EntryPoint","urlTemplate":"https:\/\/ntdctraining.org\/?s={search_term_string}"},"query-input":{"@type":"PropertyValueSpecification","valueRequired":true,"valueName":"search_term_string"}}],"inLanguage":"es"}]}},"_links":{"self":[{"href":"https:\/\/ntdctraining.org\/es\/wp-json\/wp\/v2\/pages\/3321","targetHints":{"allow":["GET"]}}],"collection":[{"href":"https:\/\/ntdctraining.org\/es\/wp-json\/wp\/v2\/pages"}],"about":[{"href":"https:\/\/ntdctraining.org\/es\/wp-json\/wp\/v2\/types\/page"}],"author":[{"embeddable":true,"href":"https:\/\/ntdctraining.org\/es\/wp-json\/wp\/v2\/users\/1"}],"replies":[{"embeddable":true,"href":"https:\/\/ntdctraining.org\/es\/wp-json\/wp\/v2\/comments?post=3321"}],"version-history":[{"count":0,"href":"https:\/\/ntdctraining.org\/es\/wp-json\/wp\/v2\/pages\/3321\/revisions"}],"up":[{"embeddable":true,"href":"https:\/\/ntdctraining.org\/es\/wp-json\/wp\/v2\/pages\/189"}],"wp:attachment":[{"href":"https:\/\/ntdctraining.org\/es\/wp-json\/wp\/v2\/media?parent=3321"}],"curies":[{"name":"wp","href":"https:\/\/api.w.org\/{rel}","templated":true}]}}