{"id":2918,"date":"2022-06-22T09:21:04","date_gmt":"2022-06-22T13:21:04","guid":{"rendered":"https:\/\/ntdctraining.org\/?page_id=2918"},"modified":"2025-08-04T10:15:33","modified_gmt":"2025-08-04T14:15:33","slug":"expanding-the-parenting-paradigm","status":"publish","type":"page","link":"https:\/\/ntdctraining.org\/es\/acerca-de\/mensajes-clave\/ampliar-el-paradigma-de-la-paternidad\/","title":{"rendered":"Ampliar el paradigma de la crianza"},"content":{"rendered":"<div id='av-layout-grid-1'  class='av-layout-grid-container av-w6ut92-d4e9f424071c6764d9b9f543761bc950 entry-content-wrapper main_color av-fixed-cells  avia-builder-el-0  el_before_av_one_half  avia-builder-el-first   container_wrap sidebar_left'  >\n\n<style type=\"text\/css\" data-created_by=\"avia_inline_auto\" id=\"style-css-av-v5opye-8c1aba4d53ddef0549577ff9469a8b0d\">\n.flex_cell.av-v5opye-8c1aba4d53ddef0549577ff9469a8b0d{\nvertical-align:middle;\nbackground-color:#0d3f64;\n}\n.responsive #top #wrap_all .flex_cell.av-v5opye-8c1aba4d53ddef0549577ff9469a8b0d{\npadding:10px 10px 10px 10px !important;\n}\n<\/style>\n<div class='flex_cell av-v5opye-8c1aba4d53ddef0549577ff9469a8b0d av-gridrow-cell av_one_fourth no_margin  avia-builder-el-1  el_before_av_cell_one_fourth  avia-builder-el-first  content-align-middle'  ><div class='flex_cell_inner'><\/div><\/div>\n<style type=\"text\/css\" data-created_by=\"avia_inline_auto\" id=\"style-css-av-syzfhy-ed6934a04c4efe11ee4cd0bd49e12f48\">\n.flex_cell.av-syzfhy-ed6934a04c4efe11ee4cd0bd49e12f48{\nvertical-align:middle;\nbackground-color:#94d6e0;\n}\n.responsive #top #wrap_all .flex_cell.av-syzfhy-ed6934a04c4efe11ee4cd0bd49e12f48{\npadding:10px 10px 10px 10px !important;\n}\n<\/style>\n<div class='flex_cell av-syzfhy-ed6934a04c4efe11ee4cd0bd49e12f48 av-gridrow-cell av_one_fourth no_margin  avia-builder-el-2  el_after_av_cell_one_fourth  el_before_av_cell_one_fourth  content-align-middle'  ><div class='flex_cell_inner'><\/div><\/div>\n<style type=\"text\/css\" data-created_by=\"avia_inline_auto\" id=\"style-css-av-ryvhnq-b82dc3f0ab22aecc384a0a677246cead\">\n.flex_cell.av-ryvhnq-b82dc3f0ab22aecc384a0a677246cead{\nvertical-align:middle;\nbackground-color:#e9e1e0;\n}\n.responsive #top #wrap_all .flex_cell.av-ryvhnq-b82dc3f0ab22aecc384a0a677246cead{\npadding:10px 10px 10px 10px !important;\n}\n<\/style>\n<div class='flex_cell av-ryvhnq-b82dc3f0ab22aecc384a0a677246cead av-gridrow-cell av_one_fourth no_margin  avia-builder-el-3  el_after_av_cell_one_fourth  el_before_av_cell_one_fourth  content-align-middle'  ><div class='flex_cell_inner'><\/div><\/div>\n<style type=\"text\/css\" data-created_by=\"avia_inline_auto\" id=\"style-css-av-p32kc6-284f14ed954d847b7bf61842b49e7cb8\">\n.flex_cell.av-p32kc6-284f14ed954d847b7bf61842b49e7cb8{\nvertical-align:middle;\nbackground-color:#de4f26;\n}\n.responsive #top #wrap_all .flex_cell.av-p32kc6-284f14ed954d847b7bf61842b49e7cb8{\npadding:10px 10px 10px 10px !important;\n}\n<\/style>\n<div class='flex_cell av-p32kc6-284f14ed954d847b7bf61842b49e7cb8 av-gridrow-cell av_one_fourth no_margin  avia-builder-el-4  el_after_av_cell_one_fourth  avia-builder-el-last  content-align-middle'  ><div class='flex_cell_inner'><\/div><\/div>\n<\/div><div id='after_grid_row_1'  class='main_color av_default_container_wrap container_wrap sidebar_left'  ><div class='container av-section-cont-open' ><div class='template-page content  av-content-small units'><div class='post-entry post-entry-type-page post-entry-2918'><div class='entry-content-wrapper clearfix'>\n<div  class='flex_column av-o6nq5y-6709e15b3bbcaa28cd0212ad1a53d738 av_one_half  avia-builder-el-5  el_after_av_layout_row  el_before_av_one_half  avia-builder-el-first  first flex_column_div'     ><p>\n<style type=\"text\/css\" data-created_by=\"avia_inline_auto\" id=\"style-css-av-l4pmad5q-37d0fdb4e82e3a7fc7f940f51fc7416c\">\n#top .av-special-heading.av-l4pmad5q-37d0fdb4e82e3a7fc7f940f51fc7416c{\npadding-bottom:10px;\n}\nbody .av-special-heading.av-l4pmad5q-37d0fdb4e82e3a7fc7f940f51fc7416c .av-special-heading-tag .heading-char{\nfont-size:25px;\n}\n.av-special-heading.av-l4pmad5q-37d0fdb4e82e3a7fc7f940f51fc7416c .av-subheading{\nfont-size:15px;\n}\n<\/style>\n<div  class='av-special-heading av-l4pmad5q-37d0fdb4e82e3a7fc7f940f51fc7416c av-special-heading-h1 custom-color-heading  avia-builder-el-6  el_before_av_textblock  avia-builder-el-first'><h1 class='av-special-heading-tag'  itemprop=\"headline\"  >Ampliar el paradigma de la crianza<\/h1><div class=\"special-heading-border\"><div class=\"special-heading-inner-border\"><\/div><\/div><\/div><br \/>\n<section  class='av_textblock_section av-l4pmf063-3b5fa4e95bdcb8cc263dbd093733d7c9'   itemscope=\"itemscope\" itemtype=\"https:\/\/schema.org\/CreativeWork\" ><div class='avia_textblock'  itemprop=\"text\" ><p>NTDC, es el plan de estudios integral sin coste que aborda la separaci\u00f3n, la p\u00e9rdida, el duelo y el trauma en la adopci\u00f3n y la acogida.  Este recurso de vanguardia ofrece a los padres adoptivos, de familia extensa y de acogida una formaci\u00f3n flexible que les capacita a lo largo del tiempo y en el momento oportuno.<\/p>\n<p>El NTDC est\u00e1 ampliando el paradigma de la paternidad para los padres de acogida, adoptivos y de familia extensa, ofreciendo experiencias de formaci\u00f3n transformadoras que ayudan a las familias a comprender su papel en el cuidado de los ni\u00f1os y les ayudan a desarrollar nuevas y necesarias habilidades parentales.<\/p>\n<\/div><\/section><\/p><\/div>\n<div  class='flex_column av-mtpoiu-1b3bdaee990101a6e3fdb0e203bdd373 av_one_half  avia-builder-el-8  el_after_av_one_half  el_before_av_heading  flex_column_div'     ><style type=\"text\/css\" data-created_by=\"avia_inline_auto\" id=\"style-css-av-l4pmgafj-15bbf49892dbaf7447b145691dc2f8bf\">\n.avia-image-container.av-l4pmgafj-15bbf49892dbaf7447b145691dc2f8bf img.avia_image{\nbox-shadow:none;\n}\n.avia-image-container.av-l4pmgafj-15bbf49892dbaf7447b145691dc2f8bf .av-image-caption-overlay-center{\ncolor:#ffffff;\n}\n<\/style>\n<div  class='avia-image-container av-l4pmgafj-15bbf49892dbaf7447b145691dc2f8bf av-styling- avia-align-center  avia-builder-el-9  avia-builder-el-no-sibling'   itemprop=\"image\" itemscope=\"itemscope\" itemtype=\"https:\/\/schema.org\/ImageObject\" ><div class=\"avia-image-container-inner\"><div class=\"avia-image-overlay-wrap\"><img decoding=\"async\" fetchpriority=\"high\" class='wp-image-2888 avia-img-lazy-loading-not-2888 avia_image' src=\"https:\/\/ntdctraining.org\/wp-content\/uploads\/2022\/06\/NTDC-1-Expands-Parenting-Paradigm.jpg\" alt='' title='Expande el paradigma de la paternidad'  height=\"768\" width=\"768\"  itemprop=\"thumbnailUrl\" srcset=\"https:\/\/ntdctraining.org\/wp-content\/uploads\/2022\/06\/NTDC-1-Expands-Parenting-Paradigm.jpg 768w, https:\/\/ntdctraining.org\/wp-content\/uploads\/2022\/06\/NTDC-1-Expands-Parenting-Paradigm-300x300.jpg 300w, https:\/\/ntdctraining.org\/wp-content\/uploads\/2022\/06\/NTDC-1-Expands-Parenting-Paradigm-80x80.jpg 80w, https:\/\/ntdctraining.org\/wp-content\/uploads\/2022\/06\/NTDC-1-Expands-Parenting-Paradigm-36x36.jpg 36w, https:\/\/ntdctraining.org\/wp-content\/uploads\/2022\/06\/NTDC-1-Expands-Parenting-Paradigm-180x180.jpg 180w, https:\/\/ntdctraining.org\/wp-content\/uploads\/2022\/06\/NTDC-1-Expands-Parenting-Paradigm-705x705.jpg 705w\" sizes=\"(max-width: 768px) 100vw, 768px\" \/><\/div><\/div><\/div><\/div>\n\n<style type=\"text\/css\" data-created_by=\"avia_inline_auto\" id=\"style-css-av-ka6pp2-9c432342d57745493b07f73216708695\">\n#top .av-special-heading.av-ka6pp2-9c432342d57745493b07f73216708695{\npadding-bottom:10px;\n}\nbody .av-special-heading.av-ka6pp2-9c432342d57745493b07f73216708695 .av-special-heading-tag .heading-char{\nfont-size:25px;\n}\n.av-special-heading.av-ka6pp2-9c432342d57745493b07f73216708695 .av-subheading{\nfont-size:15px;\n}\n<\/style>\n<div  class='av-special-heading av-ka6pp2-9c432342d57745493b07f73216708695 av-special-heading-h2 custom-color-heading  avia-builder-el-10  el_after_av_one_half  el_before_av_textblock'><h2 class='av-special-heading-tag'  itemprop=\"headline\"  >Testimonios de los padres<\/h2><div class=\"special-heading-border\"><div class=\"special-heading-inner-border\"><\/div><\/div><\/div>\n<section  class='av_textblock_section av-l4pmh4qb-cd568207588be7f2b5698d0503f0ef04'   itemscope=\"itemscope\" itemtype=\"https:\/\/schema.org\/CreativeWork\" ><div class='avia_textblock'  itemprop=\"text\" ><p>Testimonios de padres de acogida que han participado:<\/p>\n<\/div><\/section>\n<div  class='avia-testimonial-wrapper av-l4pmiqym-14556097d593792657a30051fd992899 avia-slider-testimonials avia-slider-2-testimonials avia_animate_when_almost_visible av-large-testimonial-slider av-slideshow-ui av-control-default av-slider-hover-pause av-slideshow-autoplay av-loop-endless av-loop-manual-endless' data-slideshow-options=\"{&quot;animation&quot;:&quot;fade&quot;,&quot;autoplay&quot;:true,&quot;loop_autoplay&quot;:&quot;endless&quot;,&quot;interval&quot;:5,&quot;loop_manual&quot;:&quot;manual-endless&quot;,&quot;autoplay_stopper&quot;:false,&quot;noNavigation&quot;:false,&quot;bg_slider&quot;:false,&quot;keep_padding&quot;:&quot;&quot;,&quot;hoverpause&quot;:true,&quot;show_slide_delay&quot;:0}\">\n<section class=\"avia-testimonial-row\"><div class='avia-testimonial av-l4pmi0bh-d737f3001cfe9c7b462705e9cd8f01d6 avia-testimonial-row-1 avia-first-testimonial flex_column no_margin av_one_half'><div class='avia-testimonial_inner'  itemscope=\"itemscope\" itemtype=\"https:\/\/schema.org\/CreativeWork\" ><div class='avia-testimonial-content'><div class='avia-testimonial-markup-entry-content'  itemprop=\"text\" ><p>\"La formaci\u00f3n me ayud\u00f3 a sentir mucha m\u00e1s empat\u00eda hacia los padres. Y creo que la tentaci\u00f3n es menospreciarlos. Pero cuando piensas en todo el trauma que probablemente han experimentado, siento que ha cerrado el c\u00edrculo de muchas cosas al tener m\u00e1s compasi\u00f3n por los padres.\"<\/p>\n<\/div><\/div><div class=\"avia-testimonial-meta\"><div class=\"avia-testimonial-arrow-wrap\"><div class=\"avia-arrow\"><\/div><\/div><div class='avia-testimonial-meta-mini'  itemprop=\"author\" itemscope=\"itemscope\" itemtype=\"https:\/\/schema.org\/Person\" ><strong  class='avia-testimonial-name'  itemprop=\"name\" >Padres de acogida<\/strong><\/div><\/div><\/div><\/div>\n<div class='avia-testimonial av-l4pmi0bh-1-eaeef7dce986df19ebd5744a3d170239 avia-testimonial-row-1 flex_column no_margin av_one_half'><div class='avia-testimonial_inner'  itemscope=\"itemscope\" itemtype=\"https:\/\/schema.org\/CreativeWork\" ><div class='avia-testimonial-content'><div class='avia-testimonial-markup-entry-content'  itemprop=\"text\" ><p>\"La formaci\u00f3n del NTDC cambi\u00f3 definitivamente nuestra perspectiva sobre los padres biol\u00f3gicos y nos hizo querer animarlos\".<\/p>\n<\/div><\/div><div class=\"avia-testimonial-meta\"><div class=\"avia-testimonial-arrow-wrap\"><div class=\"avia-arrow\"><\/div><\/div><div class='avia-testimonial-meta-mini'  itemprop=\"author\" itemscope=\"itemscope\" itemtype=\"https:\/\/schema.org\/Person\" ><strong  class='avia-testimonial-name'  itemprop=\"name\" >Padres de acogida<\/strong><\/div><\/div><\/div><\/div>\n<\/section><div class='avia-slideshow-arrows avia-slideshow-controls' ><a href='#prev' class='prev-slide  avia-svg-icon avia-font-svg_entypo-fontello' data-av_svg_icon='left-open-big' data-av_iconset='svg_entypo-fontello' tabindex='-1' title=\"Anterior\"><svg version=\"1.1\" xmlns=\"http:\/\/www.w3.org\/2000\/svg\" width=\"15\" height=\"32\" viewbox=\"0 0 15 32\" preserveaspectratio=\"xMidYMid meet\" aria-labelledby='av-svg-title-1' aria-describedby='av-svg-desc-1' role=\"graphics-symbol\" aria-hidden=\"true\">\n<title id='av-svg-title-1'>Anterior<\/title>\n<desc id='av-svg-desc-1'>Anterior<\/desc>\n<path d=\"M14.464 27.84q0.832 0.832 0 1.536-0.832 0.832-1.536 0l-12.544-12.608q-0.768-0.768 0-1.6l12.544-12.608q0.704-0.832 1.536 0 0.832 0.704 0 1.536l-11.456 11.904z\"><\/path>\n<\/svg><span class='avia_hidden_link_text'>Anterior<\/span><\/a><a href='#next' class='next-slide  avia-svg-icon avia-font-svg_entypo-fontello' data-av_svg_icon='right-open-big' data-av_iconset='svg_entypo-fontello' tabindex='-1' title=\"Posterior\"><svg version=\"1.1\" xmlns=\"http:\/\/www.w3.org\/2000\/svg\" width=\"15\" height=\"32\" viewbox=\"0 0 15 32\" preserveaspectratio=\"xMidYMid meet\" aria-labelledby='av-svg-title-2' aria-describedby='av-svg-desc-2' role=\"graphics-symbol\" aria-hidden=\"true\">\n<title id='av-svg-title-2'>Posterior<\/title>\n<desc id='av-svg-desc-2'>Posterior<\/desc>\n<path d=\"M0.416 27.84l11.456-11.84-11.456-11.904q-0.832-0.832 0-1.536 0.832-0.832 1.536 0l12.544 12.608q0.768 0.832 0 1.6l-12.544 12.608q-0.704 0.832-1.536 0-0.832-0.704 0-1.536z\"><\/path>\n<\/svg><span class='avia_hidden_link_text'>Posterior<\/span><\/a><\/div><\/div>","protected":false},"excerpt":{"rendered":"","protected":false},"author":1,"featured_media":0,"parent":189,"menu_order":0,"comment_status":"closed","ping_status":"closed","template":"","meta":{"_acf_changed":false,"footnotes":""},"class_list":["post-2918","page","type-page","status-publish","hentry"],"acf":[],"yoast_head":"<!-- This site is optimized with the Yoast SEO plugin v27.4 - https:\/\/yoast.com\/product\/yoast-seo-wordpress\/ -->\n<title>Expanding the Parenting Paradigm - National Training and Development Curriculum<\/title>\n<meta name=\"robots\" content=\"index, follow, max-snippet:-1, max-image-preview:large, max-video-preview:-1\" \/>\n<link rel=\"canonical\" href=\"https:\/\/ntdctraining.org\/es\/acerca-de\/mensajes-clave\/ampliar-el-paradigma-de-la-paternidad\/\" \/>\n<meta property=\"og:locale\" content=\"es_ES\" \/>\n<meta property=\"og:type\" content=\"article\" \/>\n<meta property=\"og:title\" content=\"Expanding the Parenting Paradigm - National Training and Development Curriculum\" \/>\n<meta property=\"og:url\" content=\"https:\/\/ntdctraining.org\/es\/acerca-de\/mensajes-clave\/ampliar-el-paradigma-de-la-paternidad\/\" \/>\n<meta property=\"og:site_name\" content=\"National Training and Development Curriculum\" \/>\n<meta property=\"article:modified_time\" content=\"2025-08-04T14:15:33+00:00\" \/>\n<meta name=\"twitter:card\" content=\"summary_large_image\" \/>\n<meta name=\"twitter:label1\" content=\"Tiempo de lectura\" \/>\n\t<meta name=\"twitter:data1\" content=\"2 minutos\" \/>\n<script type=\"application\/ld+json\" class=\"yoast-schema-graph\">{\"@context\":\"https:\\\/\\\/schema.org\",\"@graph\":[{\"@type\":\"WebPage\",\"@id\":\"https:\\\/\\\/ntdctraining.org\\\/about\\\/key-messages\\\/expanding-the-parenting-paradigm\\\/\",\"url\":\"https:\\\/\\\/ntdctraining.org\\\/about\\\/key-messages\\\/expanding-the-parenting-paradigm\\\/\",\"name\":\"Expanding the Parenting Paradigm - National Training and Development Curriculum\",\"isPartOf\":{\"@id\":\"https:\\\/\\\/ntdctraining.org\\\/#website\"},\"datePublished\":\"2022-06-22T13:21:04+00:00\",\"dateModified\":\"2025-08-04T14:15:33+00:00\",\"breadcrumb\":{\"@id\":\"https:\\\/\\\/ntdctraining.org\\\/about\\\/key-messages\\\/expanding-the-parenting-paradigm\\\/#breadcrumb\"},\"inLanguage\":\"es\",\"potentialAction\":[{\"@type\":\"ReadAction\",\"target\":[\"https:\\\/\\\/ntdctraining.org\\\/about\\\/key-messages\\\/expanding-the-parenting-paradigm\\\/\"]}]},{\"@type\":\"BreadcrumbList\",\"@id\":\"https:\\\/\\\/ntdctraining.org\\\/about\\\/key-messages\\\/expanding-the-parenting-paradigm\\\/#breadcrumb\",\"itemListElement\":[{\"@type\":\"ListItem\",\"position\":1,\"name\":\"Home\",\"item\":\"https:\\\/\\\/ntdctraining.org\\\/\"},{\"@type\":\"ListItem\",\"position\":2,\"name\":\"About NTDC\",\"item\":\"https:\\\/\\\/ntdctraining.org\\\/about\\\/\"},{\"@type\":\"ListItem\",\"position\":3,\"name\":\"Key Messages\",\"item\":\"https:\\\/\\\/ntdctraining.org\\\/about\\\/key-messages\\\/\"},{\"@type\":\"ListItem\",\"position\":4,\"name\":\"Expanding the Parenting Paradigm\"}]},{\"@type\":\"WebSite\",\"@id\":\"https:\\\/\\\/ntdctraining.org\\\/#website\",\"url\":\"https:\\\/\\\/ntdctraining.org\\\/\",\"name\":\"National Training and Development Curriculum\",\"description\":\"A State-of-the-Art Training Program for Foster and Adoptive Parents\",\"potentialAction\":[{\"@type\":\"SearchAction\",\"target\":{\"@type\":\"EntryPoint\",\"urlTemplate\":\"https:\\\/\\\/ntdctraining.org\\\/?s={search_term_string}\"},\"query-input\":{\"@type\":\"PropertyValueSpecification\",\"valueRequired\":true,\"valueName\":\"search_term_string\"}}],\"inLanguage\":\"es\"}]}<\/script>\n<!-- \/ Yoast SEO plugin. -->","yoast_head_json":{"title":"Ampliar el paradigma de la crianza de los hijos - Programa nacional de formaci\u00f3n y desarrollo","robots":{"index":"index","follow":"follow","max-snippet":"max-snippet:-1","max-image-preview":"max-image-preview:large","max-video-preview":"max-video-preview:-1"},"canonical":"https:\/\/ntdctraining.org\/es\/acerca-de\/mensajes-clave\/ampliar-el-paradigma-de-la-paternidad\/","og_locale":"es_ES","og_type":"article","og_title":"Expanding the Parenting Paradigm - National Training and Development Curriculum","og_url":"https:\/\/ntdctraining.org\/es\/acerca-de\/mensajes-clave\/ampliar-el-paradigma-de-la-paternidad\/","og_site_name":"National Training and Development Curriculum","article_modified_time":"2025-08-04T14:15:33+00:00","twitter_card":"summary_large_image","twitter_misc":{"Tiempo de lectura":"2 minutos"},"schema":{"@context":"https:\/\/schema.org","@graph":[{"@type":"WebPage","@id":"https:\/\/ntdctraining.org\/about\/key-messages\/expanding-the-parenting-paradigm\/","url":"https:\/\/ntdctraining.org\/about\/key-messages\/expanding-the-parenting-paradigm\/","name":"Ampliar el paradigma de la crianza de los hijos - Programa nacional de formaci\u00f3n y desarrollo","isPartOf":{"@id":"https:\/\/ntdctraining.org\/#website"},"datePublished":"2022-06-22T13:21:04+00:00","dateModified":"2025-08-04T14:15:33+00:00","breadcrumb":{"@id":"https:\/\/ntdctraining.org\/about\/key-messages\/expanding-the-parenting-paradigm\/#breadcrumb"},"inLanguage":"es","potentialAction":[{"@type":"ReadAction","target":["https:\/\/ntdctraining.org\/about\/key-messages\/expanding-the-parenting-paradigm\/"]}]},{"@type":"BreadcrumbList","@id":"https:\/\/ntdctraining.org\/about\/key-messages\/expanding-the-parenting-paradigm\/#breadcrumb","itemListElement":[{"@type":"ListItem","position":1,"name":"Home","item":"https:\/\/ntdctraining.org\/"},{"@type":"ListItem","position":2,"name":"About NTDC","item":"https:\/\/ntdctraining.org\/about\/"},{"@type":"ListItem","position":3,"name":"Key Messages","item":"https:\/\/ntdctraining.org\/about\/key-messages\/"},{"@type":"ListItem","position":4,"name":"Expanding the Parenting Paradigm"}]},{"@type":"WebSite","@id":"https:\/\/ntdctraining.org\/#website","url":"https:\/\/ntdctraining.org\/","name":"Programa nacional de formaci\u00f3n y desarrollo","description":"Un programa de formaci\u00f3n de vanguardia para padres de acogida y adoptivos","potentialAction":[{"@type":"SearchAction","target":{"@type":"EntryPoint","urlTemplate":"https:\/\/ntdctraining.org\/?s={search_term_string}"},"query-input":{"@type":"PropertyValueSpecification","valueRequired":true,"valueName":"search_term_string"}}],"inLanguage":"es"}]}},"_links":{"self":[{"href":"https:\/\/ntdctraining.org\/es\/wp-json\/wp\/v2\/pages\/2918","targetHints":{"allow":["GET"]}}],"collection":[{"href":"https:\/\/ntdctraining.org\/es\/wp-json\/wp\/v2\/pages"}],"about":[{"href":"https:\/\/ntdctraining.org\/es\/wp-json\/wp\/v2\/types\/page"}],"author":[{"embeddable":true,"href":"https:\/\/ntdctraining.org\/es\/wp-json\/wp\/v2\/users\/1"}],"replies":[{"embeddable":true,"href":"https:\/\/ntdctraining.org\/es\/wp-json\/wp\/v2\/comments?post=2918"}],"version-history":[{"count":0,"href":"https:\/\/ntdctraining.org\/es\/wp-json\/wp\/v2\/pages\/2918\/revisions"}],"up":[{"embeddable":true,"href":"https:\/\/ntdctraining.org\/es\/wp-json\/wp\/v2\/pages\/189"}],"wp:attachment":[{"href":"https:\/\/ntdctraining.org\/es\/wp-json\/wp\/v2\/media?parent=2918"}],"curies":[{"name":"wp","href":"https:\/\/api.w.org\/{rel}","templated":true}]}}