{"id":2911,"date":"2022-06-22T09:06:57","date_gmt":"2022-06-22T13:06:57","guid":{"rendered":"https:\/\/ntdctraining.org\/?page_id=2911"},"modified":"2025-08-04T10:16:19","modified_gmt":"2025-08-04T14:16:19","slug":"relatable-for-families","status":"publish","type":"page","link":"https:\/\/ntdctraining.org\/es\/acerca-de\/mensajes-clave\/para-las-familias\/","title":{"rendered":"Para las familias"},"content":{"rendered":"<div id='av-layout-grid-1'  class='av-layout-grid-container av-oys8-7aefcb575f8ca737fe86058931e62e50 entry-content-wrapper main_color av-fixed-cells  avia-builder-el-0  el_before_av_one_half  avia-builder-el-first   container_wrap sidebar_left'  >\n\n<style type=\"text\/css\" data-created_by=\"avia_inline_auto\" id=\"style-css-av-kbgulmw7-dca70123bfc3ce3dae234a9cbf3e7219\">\n.flex_cell.av-kbgulmw7-dca70123bfc3ce3dae234a9cbf3e7219{\nvertical-align:middle;\nbackground-color:#0d3f64;\n}\n.responsive #top #wrap_all .flex_cell.av-kbgulmw7-dca70123bfc3ce3dae234a9cbf3e7219{\npadding:10px 10px 10px 10px !important;\n}\n<\/style>\n<div class='flex_cell av-kbgulmw7-dca70123bfc3ce3dae234a9cbf3e7219 av-gridrow-cell av_one_fourth no_margin  avia-builder-el-1  el_before_av_cell_one_fourth  avia-builder-el-first  content-align-middle'  ><div class='flex_cell_inner'><\/div><\/div>\n<style type=\"text\/css\" data-created_by=\"avia_inline_auto\" id=\"style-css-av-kbgulzob-1427702b98ca5f1fd6fc5ec2cf650738\">\n.flex_cell.av-kbgulzob-1427702b98ca5f1fd6fc5ec2cf650738{\nvertical-align:middle;\nbackground-color:#94d6e0;\n}\n.responsive #top #wrap_all .flex_cell.av-kbgulzob-1427702b98ca5f1fd6fc5ec2cf650738{\npadding:10px 10px 10px 10px !important;\n}\n<\/style>\n<div class='flex_cell av-kbgulzob-1427702b98ca5f1fd6fc5ec2cf650738 av-gridrow-cell av_one_fourth no_margin  avia-builder-el-2  el_after_av_cell_one_fourth  el_before_av_cell_one_fourth  content-align-middle'  ><div class='flex_cell_inner'><\/div><\/div>\n<style type=\"text\/css\" data-created_by=\"avia_inline_auto\" id=\"style-css-av-kbgumawb-9e13596a3d2e63de723952bbb8d5c8a5\">\n.flex_cell.av-kbgumawb-9e13596a3d2e63de723952bbb8d5c8a5{\nvertical-align:middle;\nbackground-color:#e9e1e0;\n}\n.responsive #top #wrap_all .flex_cell.av-kbgumawb-9e13596a3d2e63de723952bbb8d5c8a5{\npadding:10px 10px 10px 10px !important;\n}\n<\/style>\n<div class='flex_cell av-kbgumawb-9e13596a3d2e63de723952bbb8d5c8a5 av-gridrow-cell av_one_fourth no_margin  avia-builder-el-3  el_after_av_cell_one_fourth  el_before_av_cell_one_fourth  content-align-middle'  ><div class='flex_cell_inner'><\/div><\/div>\n<style type=\"text\/css\" data-created_by=\"avia_inline_auto\" id=\"style-css-av-kbgumjy4-2d76acf0a62fe9b4bbe938746fc83fc2\">\n.flex_cell.av-kbgumjy4-2d76acf0a62fe9b4bbe938746fc83fc2{\nvertical-align:middle;\nbackground-color:#de4f26;\n}\n.responsive #top #wrap_all .flex_cell.av-kbgumjy4-2d76acf0a62fe9b4bbe938746fc83fc2{\npadding:10px 10px 10px 10px !important;\n}\n<\/style>\n<div class='flex_cell av-kbgumjy4-2d76acf0a62fe9b4bbe938746fc83fc2 av-gridrow-cell av_one_fourth no_margin  avia-builder-el-4  el_after_av_cell_one_fourth  avia-builder-el-last  content-align-middle'  ><div class='flex_cell_inner'><\/div><\/div>\n<\/div><div id='after_grid_row_1'  class='main_color av_default_container_wrap container_wrap sidebar_left'  ><div class='container av-section-cont-open' ><div class='template-page content  av-content-small units'><div class='post-entry post-entry-type-page post-entry-2911'><div class='entry-content-wrapper clearfix'>\n<div  class='flex_column av-109dl7z-47d3b7aef37a4a97bd9eeab36bd909d7 av_one_half  avia-builder-el-5  el_after_av_layout_row  el_before_av_one_half  avia-builder-el-first  first flex_column_div'     ><p>\n<style type=\"text\/css\" data-created_by=\"avia_inline_auto\" id=\"style-css-av-xc6xrz-0b01c9264c9c1ffdf11911585839b75e\">\n#top .av-special-heading.av-xc6xrz-0b01c9264c9c1ffdf11911585839b75e{\npadding-bottom:10px;\n}\nbody .av-special-heading.av-xc6xrz-0b01c9264c9c1ffdf11911585839b75e .av-special-heading-tag .heading-char{\nfont-size:25px;\n}\n.av-special-heading.av-xc6xrz-0b01c9264c9c1ffdf11911585839b75e .av-subheading{\nfont-size:15px;\n}\n<\/style>\n<div  class='av-special-heading av-xc6xrz-0b01c9264c9c1ffdf11911585839b75e av-special-heading-h1 custom-color-heading  avia-builder-el-6  el_before_av_textblock  avia-builder-el-first'><h1 class='av-special-heading-tag'  itemprop=\"headline\"  >Para las familias<\/h1><div class=\"special-heading-border\"><div class=\"special-heading-inner-border\"><\/div><\/div><\/div><br \/>\n<section  class='av_textblock_section av-w6wqov-1d2e0ac1f3f4350f79872faa7ecc3879'   itemscope=\"itemscope\" itemtype=\"https:\/\/schema.org\/CreativeWork\" ><div class='avia_textblock'  itemprop=\"text\" ><p>Comprender a los dem\u00e1s y relacionarse con ellos es un elemento clave en la vida. Esto es especialmente cierto cuando se trata de ayudar a los padres de acogida, de parentesco y adoptivos a promover eficazmente el desarrollo saludable de los ni\u00f1os expuestos a traumas, separaciones y p\u00e9rdidas.<\/p>\n<p>Tras a\u00f1os de desarrollo, aplicaci\u00f3n en ocho centros piloto y evaluaci\u00f3n rigurosa, el programa <a href=\"https:\/\/ntdctraining.org\/es\/materiales-curriculares-generales\/\">Programa nacional de formaci\u00f3n y desarrollo<\/a> para padres de acogida y adoptivos (NTDC).<\/p>\n<p>Basado en las experiencias personales de miembros de familias de acogida, adoptivas y de parentesco, el contenido del NTDC garantiza que las estrategias de crianza sean pr\u00e1cticas, pertinentes y comprensibles.<\/p>\n<\/div><\/section><\/p><\/div>\n<div  class='flex_column av-uo05a7-8813b4d97c80e88da9d20979d0944968 av_one_half  avia-builder-el-8  el_after_av_one_half  el_before_av_one_half  flex_column_div'     ><style type=\"text\/css\" data-created_by=\"avia_inline_auto\" id=\"style-css-av-smmoov-c81c45245293c6261358424f4f65a68d\">\n.avia-image-container.av-smmoov-c81c45245293c6261358424f4f65a68d img.avia_image{\nbox-shadow:none;\n}\n.avia-image-container.av-smmoov-c81c45245293c6261358424f4f65a68d .av-image-caption-overlay-center{\ncolor:#ffffff;\n}\n<\/style>\n<div  class='avia-image-container av-smmoov-c81c45245293c6261358424f4f65a68d av-styling- avia-align-center  avia-builder-el-9  avia-builder-el-no-sibling'   itemprop=\"image\" itemscope=\"itemscope\" itemtype=\"https:\/\/schema.org\/ImageObject\" ><div class=\"avia-image-container-inner\"><div class=\"avia-image-overlay-wrap\"><img decoding=\"async\" fetchpriority=\"high\" class='wp-image-2650 avia-img-lazy-loading-not-2650 avia_image' src=\"https:\/\/ntdctraining.org\/wp-content\/uploads\/2022\/05\/NTDC-Key-Message-Relatable-for-Families.jpeg\" alt='Gr\u00e1fico con mensaje clave para las familias' title='NTDC-Mensaje-clave-relevante-para-familias'  height=\"768\" width=\"768\"  itemprop=\"thumbnailUrl\" srcset=\"https:\/\/ntdctraining.org\/wp-content\/uploads\/2022\/05\/NTDC-Key-Message-Relatable-for-Families.jpeg 768w, https:\/\/ntdctraining.org\/wp-content\/uploads\/2022\/05\/NTDC-Key-Message-Relatable-for-Families-300x300.jpeg 300w, https:\/\/ntdctraining.org\/wp-content\/uploads\/2022\/05\/NTDC-Key-Message-Relatable-for-Families-80x80.jpeg 80w, https:\/\/ntdctraining.org\/wp-content\/uploads\/2022\/05\/NTDC-Key-Message-Relatable-for-Families-36x36.jpeg 36w, https:\/\/ntdctraining.org\/wp-content\/uploads\/2022\/05\/NTDC-Key-Message-Relatable-for-Families-180x180.jpeg 180w, https:\/\/ntdctraining.org\/wp-content\/uploads\/2022\/05\/NTDC-Key-Message-Relatable-for-Families-705x705.jpeg 705w\" sizes=\"(max-width: 768px) 100vw, 768px\" \/><\/div><\/div><\/div><\/div>\n<div  class='flex_column av-5avf2n-8ace4f2ee65e7d343882022f0dd85070 av_one_half  avia-builder-el-10  el_after_av_one_half  el_before_av_one_half  first flex_column_div  column-top-margin'     ><p>\n<style type=\"text\/css\" data-created_by=\"avia_inline_auto\" id=\"style-css-av-pxlvy7-e773048abae863dafacd0a0f8bb52b94\">\n#top .av-special-heading.av-pxlvy7-e773048abae863dafacd0a0f8bb52b94{\npadding-bottom:10px;\n}\nbody .av-special-heading.av-pxlvy7-e773048abae863dafacd0a0f8bb52b94 .av-special-heading-tag .heading-char{\nfont-size:25px;\n}\n.av-special-heading.av-pxlvy7-e773048abae863dafacd0a0f8bb52b94 .av-subheading{\nfont-size:15px;\n}\n<\/style>\n<div  class='av-special-heading av-pxlvy7-e773048abae863dafacd0a0f8bb52b94 av-special-heading-h2 custom-color-heading  avia-builder-el-11  el_before_av_textblock  avia-builder-el-first'><h2 class='av-special-heading-tag'  itemprop=\"headline\"  >Testimonios de los padres<\/h2><div class=\"special-heading-border\"><div class=\"special-heading-inner-border\"><\/div><\/div><\/div><br \/>\n<section  class='av_textblock_section av-ndmmpb-09070ab17383a852272fa710191b471d'   itemscope=\"itemscope\" itemtype=\"https:\/\/schema.org\/CreativeWork\" ><div class='avia_textblock'  itemprop=\"text\" ><p>Los padres que han probado este completo plan de estudios gratuito...<\/p>\n<\/div><\/section><\/p><\/div>\n<div  class='flex_column av-3k9h3j-00611fdd7efc4abfd3000f82042320e7 av_one_half  avia-builder-el-13  el_after_av_one_half  el_before_av_hr  flex_column_div  column-top-margin'     ><div  class='avia-video av-l51hazhb-25638bb1852dea885165704a89876efe avia-video-16-9 av-no-preview-image avia-video-load-always av-lazyload-immediate av-lazyload-video-embed'  itemprop=\"video\" itemtype=\"https:\/\/schema.org\/VideoObject\"  data-original_url='https:\/\/www.youtube.com\/watch?v=jpwZTYE06Wo'><script type='text\/html' class='av-video-tmpl'><div class='avia-iframe-wrap'><iframe loading=\"lazy\" title=\"NTDC Parent Testimonial: Melissa\" width=\"1500\" height=\"844\" src=\"https:\/\/www.youtube.com\/embed\/jpwZTYE06Wo?feature=oembed&autoplay=0&loop=0&controls=1&mute=0\" frameborder=\"0\" allow=\"accelerometer; autoplay; clipboard-write; encrypted-media; gyroscope; picture-in-picture\" allowfullscreen><\/iframe><\/div><\/script><div class='av-click-to-play-overlay'><div class=\"avia_playpause_icon\"><\/div><\/div><\/div><\/div>\n\n<style type=\"text\/css\" data-created_by=\"avia_inline_auto\" id=\"style-css-av-8aezj-fa6c88bc825e736b1f1c758b65de3817\">\n#top .hr.hr-invisible.av-8aezj-fa6c88bc825e736b1f1c758b65de3817{\nheight:50px;\n}\n<\/style>\n<div  class='hr av-8aezj-fa6c88bc825e736b1f1c758b65de3817 hr-invisible  avia-builder-el-15  el_after_av_one_half  el_before_av_heading'><span class='hr-inner'><span class=\"hr-inner-style\"><\/span><\/span><\/div>\n\n<style type=\"text\/css\" data-created_by=\"avia_inline_auto\" id=\"style-css-av-k2fv3z-54c28109cf47041920b1203fbb303026\">\n#top .av-special-heading.av-k2fv3z-54c28109cf47041920b1203fbb303026{\npadding-bottom:10px;\n}\nbody .av-special-heading.av-k2fv3z-54c28109cf47041920b1203fbb303026 .av-special-heading-tag .heading-char{\nfont-size:25px;\n}\n.av-special-heading.av-k2fv3z-54c28109cf47041920b1203fbb303026 .av-subheading{\nfont-size:15px;\n}\n<\/style>\n<div  class='av-special-heading av-k2fv3z-54c28109cf47041920b1203fbb303026 av-special-heading-h2 custom-color-heading  avia-builder-el-16  el_after_av_hr  el_before_av_textblock'><h2 class='av-special-heading-tag'  itemprop=\"headline\"  >Ejemplos de componentes del plan de estudios<\/h2><div class=\"special-heading-border\"><div class=\"special-heading-inner-border\"><\/div><\/div><\/div>\n<section  class='av_textblock_section av-1w5c5b-15f9138ba09190283defffd552693bc6'   itemscope=\"itemscope\" itemtype=\"https:\/\/schema.org\/CreativeWork\" ><div class='avia_textblock'  itemprop=\"text\" ><p>Eche un vistazo a los contenidos actuales y modernos del NTDC, que presentan las experiencias de miembros de las comunidades de acogida, parentesco y adopci\u00f3n.<\/p>\n<\/div><\/section>\n<div  class='flex_column av-i2jzj3-c3fc257ce310e87f787a8ebc3abb77e8 av_one_half  avia-builder-el-18  el_after_av_textblock  el_before_av_one_half  first flex_column_div  column-top-margin'     ><style type=\"text\/css\" data-created_by=\"avia_inline_auto\" id=\"style-css-av-gad133-01cae7691c92fce13874a6d43b72615d\">\n.avia-image-container.av-gad133-01cae7691c92fce13874a6d43b72615d img.avia_image{\nbox-shadow:none;\n}\n.avia-image-container.av-gad133-01cae7691c92fce13874a6d43b72615d .av-image-caption-overlay-center{\ncolor:#ffffff;\n}\n<\/style>\n<div  class='avia-image-container av-gad133-01cae7691c92fce13874a6d43b72615d av-styling- avia-align-center  avia-builder-el-19  avia-builder-el-no-sibling'   itemprop=\"image\" itemscope=\"itemscope\" itemtype=\"https:\/\/schema.org\/ImageObject\" ><div class=\"avia-image-container-inner\"><div class=\"avia-image-overlay-wrap\"><img decoding=\"async\" fetchpriority=\"high\" class='wp-image-2656 avia-img-lazy-loading-not-2656 avia_image' src=\"https:\/\/ntdctraining.org\/wp-content\/uploads\/2022\/05\/Mini-Podcast.png\" alt='La historia de Kelscey Mini Podcast' title='Minipodcast'  height=\"340\" width=\"340\"  itemprop=\"thumbnailUrl\" srcset=\"https:\/\/ntdctraining.org\/wp-content\/uploads\/2022\/05\/Mini-Podcast.png 340w, https:\/\/ntdctraining.org\/wp-content\/uploads\/2022\/05\/Mini-Podcast-300x300.png 300w, https:\/\/ntdctraining.org\/wp-content\/uploads\/2022\/05\/Mini-Podcast-80x80.png 80w, https:\/\/ntdctraining.org\/wp-content\/uploads\/2022\/05\/Mini-Podcast-36x36.png 36w, https:\/\/ntdctraining.org\/wp-content\/uploads\/2022\/05\/Mini-Podcast-180x180.png 180w\" sizes=\"(max-width: 340px) 100vw, 340px\" \/><\/div><\/div><\/div><\/div>\n<div  class='flex_column av-cohym7-685c282d6cab4832a6bf99dcec839917 av_one_half  avia-builder-el-20  el_after_av_one_half  el_before_av_one_full  flex_column_div  column-top-margin'     ><section  class='av_textblock_section av-drgkfz-17330f664ca1176264f9dca3dc3fa60a'   itemscope=\"itemscope\" itemtype=\"https:\/\/schema.org\/CreativeWork\" ><div class='avia_textblock'  itemprop=\"text\" ><p><strong>Mini podcasts \"Mi historia\" del NTDC<\/strong><br \/>\nPresenta las poderosas voces de adultos y j\u00f3venes adultos con experiencia vivida en hogares de acogida y ayuda a los padres a comprender m\u00e1s profundamente una experiencia que ellos mismos pueden no haber tenido. En este v\u00eddeo escuchamos a Kelscey como parte del tema Construir la resiliencia de los ni\u00f1os.<br \/>\n<a href=\"https:\/\/youtu.be\/KPf6mX5XP1o\" target=\"_blank\" rel=\"noopener\">Escucha la historia de Kelscey<\/a><\/p>\n<\/div><\/section><\/div>\n<div  class='flex_column av-2xz07j-d01daf1be2f889f4c83bd94eb56a774c av_one_full  avia-builder-el-22  el_after_av_one_half  avia-builder-el-last  first flex_column_div  column-top-margin'     ><style type=\"text\/css\" data-created_by=\"avia_inline_auto\" id=\"style-css-av-m6p56exx-6fca8a22de4de836a351009054b57b3f\">\n#top .hr.hr-invisible.av-m6p56exx-6fca8a22de4de836a351009054b57b3f{\nheight:50px;\n}\n<\/style>\n<div  class='hr av-m6p56exx-6fca8a22de4de836a351009054b57b3f hr-invisible  avia-builder-el-23  avia-builder-el-no-sibling'><span class='hr-inner'><span class=\"hr-inner-style\"><\/span><\/span><\/div><\/div>","protected":false},"excerpt":{"rendered":"","protected":false},"author":1,"featured_media":0,"parent":189,"menu_order":0,"comment_status":"closed","ping_status":"closed","template":"","meta":{"_acf_changed":false,"footnotes":""},"class_list":["post-2911","page","type-page","status-publish","hentry"],"acf":[],"yoast_head":"<!-- This site is optimized with the Yoast SEO plugin v27.4 - https:\/\/yoast.com\/product\/yoast-seo-wordpress\/ -->\n<title>Relatable for Families - National Training and Development Curriculum<\/title>\n<meta name=\"robots\" content=\"index, follow, max-snippet:-1, max-image-preview:large, max-video-preview:-1\" \/>\n<link rel=\"canonical\" href=\"https:\/\/ntdctraining.org\/es\/acerca-de\/mensajes-clave\/para-las-familias\/\" \/>\n<meta property=\"og:locale\" content=\"es_ES\" \/>\n<meta property=\"og:type\" content=\"article\" \/>\n<meta property=\"og:title\" content=\"Relatable for Families - National Training and Development Curriculum\" \/>\n<meta property=\"og:url\" content=\"https:\/\/ntdctraining.org\/es\/acerca-de\/mensajes-clave\/para-las-familias\/\" \/>\n<meta property=\"og:site_name\" content=\"National Training and Development Curriculum\" \/>\n<meta property=\"article:modified_time\" content=\"2025-08-04T14:16:19+00:00\" \/>\n<meta name=\"twitter:card\" content=\"summary_large_image\" \/>\n<meta name=\"twitter:label1\" content=\"Tiempo de lectura\" \/>\n\t<meta name=\"twitter:data1\" content=\"2 minutos\" \/>\n<script type=\"application\/ld+json\" class=\"yoast-schema-graph\">{\"@context\":\"https:\\\/\\\/schema.org\",\"@graph\":[{\"@type\":\"WebPage\",\"@id\":\"https:\\\/\\\/ntdctraining.org\\\/about\\\/key-messages\\\/relatable-for-families\\\/\",\"url\":\"https:\\\/\\\/ntdctraining.org\\\/about\\\/key-messages\\\/relatable-for-families\\\/\",\"name\":\"Relatable for Families - National Training and Development Curriculum\",\"isPartOf\":{\"@id\":\"https:\\\/\\\/ntdctraining.org\\\/#website\"},\"datePublished\":\"2022-06-22T13:06:57+00:00\",\"dateModified\":\"2025-08-04T14:16:19+00:00\",\"breadcrumb\":{\"@id\":\"https:\\\/\\\/ntdctraining.org\\\/about\\\/key-messages\\\/relatable-for-families\\\/#breadcrumb\"},\"inLanguage\":\"es\",\"potentialAction\":[{\"@type\":\"ReadAction\",\"target\":[\"https:\\\/\\\/ntdctraining.org\\\/about\\\/key-messages\\\/relatable-for-families\\\/\"]}]},{\"@type\":\"BreadcrumbList\",\"@id\":\"https:\\\/\\\/ntdctraining.org\\\/about\\\/key-messages\\\/relatable-for-families\\\/#breadcrumb\",\"itemListElement\":[{\"@type\":\"ListItem\",\"position\":1,\"name\":\"Home\",\"item\":\"https:\\\/\\\/ntdctraining.org\\\/\"},{\"@type\":\"ListItem\",\"position\":2,\"name\":\"About NTDC\",\"item\":\"https:\\\/\\\/ntdctraining.org\\\/about\\\/\"},{\"@type\":\"ListItem\",\"position\":3,\"name\":\"Key Messages\",\"item\":\"https:\\\/\\\/ntdctraining.org\\\/about\\\/key-messages\\\/\"},{\"@type\":\"ListItem\",\"position\":4,\"name\":\"Relatable for Families\"}]},{\"@type\":\"WebSite\",\"@id\":\"https:\\\/\\\/ntdctraining.org\\\/#website\",\"url\":\"https:\\\/\\\/ntdctraining.org\\\/\",\"name\":\"National Training and Development Curriculum\",\"description\":\"A State-of-the-Art Training Program for Foster and Adoptive Parents\",\"potentialAction\":[{\"@type\":\"SearchAction\",\"target\":{\"@type\":\"EntryPoint\",\"urlTemplate\":\"https:\\\/\\\/ntdctraining.org\\\/?s={search_term_string}\"},\"query-input\":{\"@type\":\"PropertyValueSpecification\",\"valueRequired\":true,\"valueName\":\"search_term_string\"}}],\"inLanguage\":\"es\"}]}<\/script>\n<!-- \/ Yoast SEO plugin. -->","yoast_head_json":{"title":"Relatable for Families - Curr\u00edculo nacional de formaci\u00f3n y desarrollo","robots":{"index":"index","follow":"follow","max-snippet":"max-snippet:-1","max-image-preview":"max-image-preview:large","max-video-preview":"max-video-preview:-1"},"canonical":"https:\/\/ntdctraining.org\/es\/acerca-de\/mensajes-clave\/para-las-familias\/","og_locale":"es_ES","og_type":"article","og_title":"Relatable for Families - National Training and Development Curriculum","og_url":"https:\/\/ntdctraining.org\/es\/acerca-de\/mensajes-clave\/para-las-familias\/","og_site_name":"National Training and Development Curriculum","article_modified_time":"2025-08-04T14:16:19+00:00","twitter_card":"summary_large_image","twitter_misc":{"Tiempo de lectura":"2 minutos"},"schema":{"@context":"https:\/\/schema.org","@graph":[{"@type":"WebPage","@id":"https:\/\/ntdctraining.org\/about\/key-messages\/relatable-for-families\/","url":"https:\/\/ntdctraining.org\/about\/key-messages\/relatable-for-families\/","name":"Relatable for Families - Curr\u00edculo nacional de formaci\u00f3n y desarrollo","isPartOf":{"@id":"https:\/\/ntdctraining.org\/#website"},"datePublished":"2022-06-22T13:06:57+00:00","dateModified":"2025-08-04T14:16:19+00:00","breadcrumb":{"@id":"https:\/\/ntdctraining.org\/about\/key-messages\/relatable-for-families\/#breadcrumb"},"inLanguage":"es","potentialAction":[{"@type":"ReadAction","target":["https:\/\/ntdctraining.org\/about\/key-messages\/relatable-for-families\/"]}]},{"@type":"BreadcrumbList","@id":"https:\/\/ntdctraining.org\/about\/key-messages\/relatable-for-families\/#breadcrumb","itemListElement":[{"@type":"ListItem","position":1,"name":"Home","item":"https:\/\/ntdctraining.org\/"},{"@type":"ListItem","position":2,"name":"About NTDC","item":"https:\/\/ntdctraining.org\/about\/"},{"@type":"ListItem","position":3,"name":"Key Messages","item":"https:\/\/ntdctraining.org\/about\/key-messages\/"},{"@type":"ListItem","position":4,"name":"Relatable for Families"}]},{"@type":"WebSite","@id":"https:\/\/ntdctraining.org\/#website","url":"https:\/\/ntdctraining.org\/","name":"Programa nacional de formaci\u00f3n y desarrollo","description":"Un programa de formaci\u00f3n de vanguardia para padres de acogida y adoptivos","potentialAction":[{"@type":"SearchAction","target":{"@type":"EntryPoint","urlTemplate":"https:\/\/ntdctraining.org\/?s={search_term_string}"},"query-input":{"@type":"PropertyValueSpecification","valueRequired":true,"valueName":"search_term_string"}}],"inLanguage":"es"}]}},"_links":{"self":[{"href":"https:\/\/ntdctraining.org\/es\/wp-json\/wp\/v2\/pages\/2911","targetHints":{"allow":["GET"]}}],"collection":[{"href":"https:\/\/ntdctraining.org\/es\/wp-json\/wp\/v2\/pages"}],"about":[{"href":"https:\/\/ntdctraining.org\/es\/wp-json\/wp\/v2\/types\/page"}],"author":[{"embeddable":true,"href":"https:\/\/ntdctraining.org\/es\/wp-json\/wp\/v2\/users\/1"}],"replies":[{"embeddable":true,"href":"https:\/\/ntdctraining.org\/es\/wp-json\/wp\/v2\/comments?post=2911"}],"version-history":[{"count":0,"href":"https:\/\/ntdctraining.org\/es\/wp-json\/wp\/v2\/pages\/2911\/revisions"}],"up":[{"embeddable":true,"href":"https:\/\/ntdctraining.org\/es\/wp-json\/wp\/v2\/pages\/189"}],"wp:attachment":[{"href":"https:\/\/ntdctraining.org\/es\/wp-json\/wp\/v2\/media?parent=2911"}],"curies":[{"name":"wp","href":"https:\/\/api.w.org\/{rel}","templated":true}]}}