{"id":2610,"date":"2022-04-28T11:20:02","date_gmt":"2022-04-28T15:20:02","guid":{"rendered":"https:\/\/ntdctraining.org\/?page_id=2610"},"modified":"2025-08-01T12:23:33","modified_gmt":"2025-08-01T16:23:33","slug":"accessing-the-curriculum","status":"publish","type":"page","link":"https:\/\/ntdctraining.org\/es\/materiales-curriculares-generales\/acceso-al-plan-de-estudios\/","title":{"rendered":"Acceso al plan de estudios"},"content":{"rendered":"<style type=\"text\/css\" data-created_by=\"avia_inline_auto\" id=\"style-css-av-9oha3m-edc995684ef7fcd41c0a5ca8a9a1d5f4\">\n.avia-section.av-9oha3m-edc995684ef7fcd41c0a5ca8a9a1d5f4{\nbackground-color:#f8f8f8;\nbackground-image:unset;\n}\n<\/style>\n<div id='av_section_1'  class='avia-section av-9oha3m-edc995684ef7fcd41c0a5ca8a9a1d5f4 main_color avia-section-default avia-no-border-styling  avia-builder-el-0  el_before_av_one_full  avia-builder-el-first  avia-bg-style-scroll container_wrap sidebar_left'  ><div class='container av-section-cont-open' ><main  role=\"main\" itemprop=\"mainContentOfPage\"  class='template-page content  av-content-small units'><div class='post-entry post-entry-type-page post-entry-2610'><div class='entry-content-wrapper clearfix'>\n<div  class='flex_column av-7s003m-5048dc8c533561548d3b9597ef026180 av_one_full  avia-builder-el-1  avia-builder-el-no-sibling  first flex_column_div'     ><style type=\"text\/css\" data-created_by=\"avia_inline_auto\" id=\"style-css-av-l2j5iw73-a54ada745ed5e55f62c165217a55cdd8\">\n#top .av-special-heading.av-l2j5iw73-a54ada745ed5e55f62c165217a55cdd8{\npadding-bottom:10px;\ncolor:#000000;\n}\nbody .av-special-heading.av-l2j5iw73-a54ada745ed5e55f62c165217a55cdd8 .av-special-heading-tag .heading-char{\nfont-size:25px;\n}\n.av-special-heading.av-l2j5iw73-a54ada745ed5e55f62c165217a55cdd8 .special-heading-inner-border{\nborder-color:#000000;\n}\n.av-special-heading.av-l2j5iw73-a54ada745ed5e55f62c165217a55cdd8 .av-subheading{\nfont-size:15px;\n}\n<\/style>\n<div  class='av-special-heading av-l2j5iw73-a54ada745ed5e55f62c165217a55cdd8 av-special-heading-h1 custom-color-heading blockquote modern-quote  avia-builder-el-2  avia-builder-el-no-sibling'><h1 class='av-special-heading-tag'  itemprop=\"headline\"  >Acceso al plan de estudios<\/h1><div class=\"special-heading-border\"><div class=\"special-heading-inner-border\"><\/div><\/div><\/div><\/div>\n<\/div><\/div><\/main><!-- close content main element --><\/div><\/div><div id='after_section_1'  class='main_color av_default_container_wrap container_wrap sidebar_left'  ><div class='container av-section-cont-open' ><div class='template-page content  av-content-small units'><div class='post-entry post-entry-type-page post-entry-2610'><div class='entry-content-wrapper clearfix'>\n<div  class='flex_column av-4ofl1u-5e0b917ba740dca08654a1e9913bfcb2 av_one_full  avia-builder-el-3  el_after_av_section  el_before_av_tab_container  avia-builder-el-first  first flex_column_div'     ><section  class='av_textblock_section av-386daa-f328bb47ef56adeb161f447561f701d3'   itemscope=\"itemscope\" itemtype=\"https:\/\/schema.org\/CreativeWork\" ><div class='avia_textblock'  itemprop=\"text\" ><p>Todos los materiales curriculares del NTDC est\u00e1n disponibles a trav\u00e9s de este sitio web. Los usuarios pueden ver o descargar libremente los materiales y pueden volver a publicarlos o cargarlos en sitios web internos o sistemas de gesti\u00f3n del aprendizaje (LMS), con la debida atribuci\u00f3n.<\/p>\n<p>Los materiales est\u00e1n organizados por temas y pueden descargarse directamente a su dispositivo.<\/p>\n<p>No hay restricciones en cuanto al uso de los materiales. Sin embargo, al volver a publicar o adaptar el contenido, incluya el siguiente reconocimiento:<\/p>\n<p>\"Este contenido procede (o ha sido adaptado) del National Training and Development Curriculum for Foster and Adoptive Parents, financiado mediante un acuerdo de cooperaci\u00f3n con la Children's Bureau, Administration on Children, Youth and Families, U.S. Department of Health and Human Services. El plan de estudios completo puede consultarse en www.ntdctraining.org.\"<\/p>\n<p>Haga clic en las pesta\u00f1as siguientes:<\/p>\n<\/div><\/section><\/div><div  class='tabcontainer av-l4i2vbvn-f90960cb21034c09bf98e9eb6f4a82a1 top_tab  avia-builder-el-5  el_after_av_one_full  avia-builder-el-last'>\n<section class='av_tab_section av_tab_section av-l4i2v94r-3072314755e792ed87f89d531243641c'  itemscope=\"itemscope\" itemtype=\"https:\/\/schema.org\/CreativeWork\" ><div id='tab-id-1-tab' class='tab active_tab' role='tab' aria-selected=\"true\" tabindex=\"0\" data-fake-id='#tab-id-1' aria-controls='tab-id-1-content'  itemprop=\"headline\" > Material did\u00e1ctico <\/div><div id='tab-id-1-content' class='tab_content active_tab_content' role='tabpanel' aria-labelledby='tab-id-1-tab' aria-hidden=\"false\"><div class='tab_inner_content invers-color'  itemprop=\"text\" ><p>Cada tema de formaci\u00f3n presencial incluye <strong>\"Ver y descargar\"<\/strong> . Desde ah\u00ed, puedes acceder a:<\/p>\n<ul>\n<li>Gu\u00eda del facilitador<\/li>\n<li>Diapositivas PowerPoint<\/li>\n<li>Material para los participantes<\/li>\n<li>Formularios de evaluaci\u00f3n<\/li>\n<li>Recursos<\/li>\n<li>V\u00eddeos y podcasts<\/li>\n<\/ul>\n<\/div><\/div><\/section>\n<section class='av_tab_section av_tab_section av-l4i312b1-9fbbb0e734706ff3b87e5b34a100de99'  itemscope=\"itemscope\" itemtype=\"https:\/\/schema.org\/CreativeWork\" ><div id='tab-id-2-tab' class='tab' role='tab' aria-selected=\"false\" tabindex=\"0\" data-fake-id='#tab-id-2' aria-controls='tab-id-2-content'  itemprop=\"headline\" >Opciones de autoevaluaci\u00f3n<\/div><div id='tab-id-2-content' class='tab_content' role='tabpanel' aria-labelledby='tab-id-2-tab' aria-hidden=\"true\"><div class='tab_inner_content invers-color'  itemprop=\"text\" ><p>Hay dos maneras de utilizar la Autoevaluaci\u00f3n del NTDC:<\/p>\n<ol>\n<li><strong>PDF descargable<\/strong><br class=\"soft-break\" \/>Una versi\u00f3n imprimible que puede completarse sin conexi\u00f3n.<\/li>\n<li><strong>Versi\u00f3n interactiva en l\u00ednea<\/strong><br class=\"soft-break\" \/>Complete la autoevaluaci\u00f3n directamente en el sitio web del NTDC. Los participantes recibir\u00e1n un informe con comentarios autom\u00e1ticos basados en sus respuestas.<\/li>\n<\/ol>\n<\/div><\/div><\/section>\n<section class='av_tab_section av_tab_section av-l4i312b1-f0e0bc27e2bd3736cdcc0d599bb43692'  itemscope=\"itemscope\" itemtype=\"https:\/\/schema.org\/CreativeWork\" ><div id='tab-id-3-tab' class='tab' role='tab' aria-selected=\"false\" tabindex=\"0\" data-fake-id='#tab-id-3' aria-controls='tab-id-3-content'  itemprop=\"headline\" >Opciones de formaci\u00f3n en el momento oportuno<\/div><div id='tab-id-3-content' class='tab_content' role='tabpanel' aria-labelledby='tab-id-3-tab' aria-hidden=\"true\"><div class='tab_inner_content invers-color'  itemprop=\"text\" ><p>Se puede acceder a los materiales de Right-Time Training de tres maneras:<\/p>\n<ol>\n<li><strong>Formato descargable<\/strong><br class=\"soft-break\" \/>Desde el bot\u00f3n \"Ver y descargar\", puede acceder a:\n<ul>\n<li>V\u00eddeo del curso<\/li>\n<li>Podcasts<\/li>\n<li>Recursos<\/li>\n<li>Formularios de evaluaci\u00f3n<\/li>\n<\/ul>\n<\/li>\n<li><strong>Cursos interactivos de aprendizaje en l\u00ednea<\/strong><br class=\"soft-break\" \/>Los cursos de aprendizaje electr\u00f3nico de Right-Time Training pueden completarse directamente en el sitio web del NTDC. Una vez que los participantes completen un curso, podr\u00e1n descargar un certificado de finalizaci\u00f3n.<\/li>\n<li><strong>Archivo SCORM para LMS<\/strong><br class=\"soft-break\" \/>Los organismos pueden solicitar versiones conformes con SCORM de cada curso de aprendizaje electr\u00f3nico para cargarlas en su propio LMS. Estos archivos pueden personalizarse para satisfacer las necesidades locales. Si se modifican, debe incluirse la atribuci\u00f3n al NTDC como fuente original.<\/li>\n<\/ol>\n<p><strong>Si tiene preguntas o desea solicitar archivos SCORM<\/strong>p\u00f3ngase en contacto con nosotros:<\/p>\n<ul>\n<li>Correo electr\u00f3nico: ntdc@spaulding.org<\/li>\n<li>Formulario de contacto: <a href=\"https:\/\/ntdctraining.org\/es\/pongase-en-contacto-con\/\" target=\"_blank\" rel=\"noopener noreferrer\">ntdctraining.org\/contacto<\/a><\/li>\n<\/ul>\n<\/div><\/div><\/section>\n<\/div><\/p>","protected":false},"excerpt":{"rendered":"","protected":false},"author":1,"featured_media":0,"parent":2325,"menu_order":0,"comment_status":"closed","ping_status":"closed","template":"","meta":{"_acf_changed":false,"footnotes":""},"class_list":["post-2610","page","type-page","status-publish","hentry"],"acf":[],"yoast_head":"<!-- This site is optimized with the Yoast SEO plugin v27.5 - https:\/\/yoast.com\/product\/yoast-seo-wordpress\/ -->\n<title>Accessing the Curriculum - National Training and Development Curriculum<\/title>\n<meta name=\"robots\" content=\"noindex, nofollow\" \/>\n<meta property=\"og:locale\" content=\"es_ES\" \/>\n<meta property=\"og:type\" content=\"article\" \/>\n<meta property=\"og:title\" content=\"Accessing the Curriculum - National Training and Development Curriculum\" \/>\n<meta property=\"og:url\" content=\"https:\/\/ntdctraining.org\/es\/materiales-curriculares-generales\/acceso-al-plan-de-estudios\/\" \/>\n<meta property=\"og:site_name\" content=\"National Training and Development Curriculum\" \/>\n<meta property=\"article:modified_time\" content=\"2025-08-01T16:23:33+00:00\" \/>\n<meta name=\"twitter:card\" content=\"summary_large_image\" \/>\n<meta name=\"twitter:label1\" content=\"Tiempo de lectura\" \/>\n\t<meta name=\"twitter:data1\" content=\"2 minutos\" \/>\n<script type=\"application\/ld+json\" class=\"yoast-schema-graph\">{\"@context\":\"https:\\\/\\\/schema.org\",\"@graph\":[{\"@type\":\"WebPage\",\"@id\":\"https:\\\/\\\/ntdctraining.org\\\/general-curriculum-materials\\\/accessing-the-curriculum\\\/\",\"url\":\"https:\\\/\\\/ntdctraining.org\\\/general-curriculum-materials\\\/accessing-the-curriculum\\\/\",\"name\":\"Accessing the Curriculum - National Training and Development Curriculum\",\"isPartOf\":{\"@id\":\"https:\\\/\\\/ntdctraining.org\\\/#website\"},\"datePublished\":\"2022-04-28T15:20:02+00:00\",\"dateModified\":\"2025-08-01T16:23:33+00:00\",\"breadcrumb\":{\"@id\":\"https:\\\/\\\/ntdctraining.org\\\/general-curriculum-materials\\\/accessing-the-curriculum\\\/#breadcrumb\"},\"inLanguage\":\"es\",\"potentialAction\":[{\"@type\":\"ReadAction\",\"target\":[\"https:\\\/\\\/ntdctraining.org\\\/general-curriculum-materials\\\/accessing-the-curriculum\\\/\"]}]},{\"@type\":\"BreadcrumbList\",\"@id\":\"https:\\\/\\\/ntdctraining.org\\\/general-curriculum-materials\\\/accessing-the-curriculum\\\/#breadcrumb\",\"itemListElement\":[{\"@type\":\"ListItem\",\"position\":1,\"name\":\"Home\",\"item\":\"https:\\\/\\\/ntdctraining.org\\\/\"},{\"@type\":\"ListItem\",\"position\":2,\"name\":\"Curriculum\",\"item\":\"https:\\\/\\\/ntdctraining.org\\\/general-curriculum-materials\\\/\"},{\"@type\":\"ListItem\",\"position\":3,\"name\":\"Accessing the Curriculum\"}]},{\"@type\":\"WebSite\",\"@id\":\"https:\\\/\\\/ntdctraining.org\\\/#website\",\"url\":\"https:\\\/\\\/ntdctraining.org\\\/\",\"name\":\"National Training and Development Curriculum\",\"description\":\"A State-of-the-Art Training Program for Foster and Adoptive Parents\",\"potentialAction\":[{\"@type\":\"SearchAction\",\"target\":{\"@type\":\"EntryPoint\",\"urlTemplate\":\"https:\\\/\\\/ntdctraining.org\\\/?s={search_term_string}\"},\"query-input\":{\"@type\":\"PropertyValueSpecification\",\"valueRequired\":true,\"valueName\":\"search_term_string\"}}],\"inLanguage\":\"es\"}]}<\/script>\n<!-- \/ Yoast SEO plugin. -->","yoast_head_json":{"title":"Acceso al plan de estudios - Plan Nacional de Formaci\u00f3n y Desarrollo","robots":{"index":"noindex","follow":"nofollow"},"og_locale":"es_ES","og_type":"article","og_title":"Accessing the Curriculum - National Training and Development Curriculum","og_url":"https:\/\/ntdctraining.org\/es\/materiales-curriculares-generales\/acceso-al-plan-de-estudios\/","og_site_name":"National Training and Development Curriculum","article_modified_time":"2025-08-01T16:23:33+00:00","twitter_card":"summary_large_image","twitter_misc":{"Tiempo de lectura":"2 minutos"},"schema":{"@context":"https:\/\/schema.org","@graph":[{"@type":"WebPage","@id":"https:\/\/ntdctraining.org\/general-curriculum-materials\/accessing-the-curriculum\/","url":"https:\/\/ntdctraining.org\/general-curriculum-materials\/accessing-the-curriculum\/","name":"Acceso al plan de estudios - Plan Nacional de Formaci\u00f3n y Desarrollo","isPartOf":{"@id":"https:\/\/ntdctraining.org\/#website"},"datePublished":"2022-04-28T15:20:02+00:00","dateModified":"2025-08-01T16:23:33+00:00","breadcrumb":{"@id":"https:\/\/ntdctraining.org\/general-curriculum-materials\/accessing-the-curriculum\/#breadcrumb"},"inLanguage":"es","potentialAction":[{"@type":"ReadAction","target":["https:\/\/ntdctraining.org\/general-curriculum-materials\/accessing-the-curriculum\/"]}]},{"@type":"BreadcrumbList","@id":"https:\/\/ntdctraining.org\/general-curriculum-materials\/accessing-the-curriculum\/#breadcrumb","itemListElement":[{"@type":"ListItem","position":1,"name":"Home","item":"https:\/\/ntdctraining.org\/"},{"@type":"ListItem","position":2,"name":"Curriculum","item":"https:\/\/ntdctraining.org\/general-curriculum-materials\/"},{"@type":"ListItem","position":3,"name":"Accessing the Curriculum"}]},{"@type":"WebSite","@id":"https:\/\/ntdctraining.org\/#website","url":"https:\/\/ntdctraining.org\/","name":"Programa nacional de formaci\u00f3n y desarrollo","description":"Un programa de formaci\u00f3n de vanguardia para padres de acogida y adoptivos","potentialAction":[{"@type":"SearchAction","target":{"@type":"EntryPoint","urlTemplate":"https:\/\/ntdctraining.org\/?s={search_term_string}"},"query-input":{"@type":"PropertyValueSpecification","valueRequired":true,"valueName":"search_term_string"}}],"inLanguage":"es"}]}},"_links":{"self":[{"href":"https:\/\/ntdctraining.org\/es\/wp-json\/wp\/v2\/pages\/2610","targetHints":{"allow":["GET"]}}],"collection":[{"href":"https:\/\/ntdctraining.org\/es\/wp-json\/wp\/v2\/pages"}],"about":[{"href":"https:\/\/ntdctraining.org\/es\/wp-json\/wp\/v2\/types\/page"}],"author":[{"embeddable":true,"href":"https:\/\/ntdctraining.org\/es\/wp-json\/wp\/v2\/users\/1"}],"replies":[{"embeddable":true,"href":"https:\/\/ntdctraining.org\/es\/wp-json\/wp\/v2\/comments?post=2610"}],"version-history":[{"count":0,"href":"https:\/\/ntdctraining.org\/es\/wp-json\/wp\/v2\/pages\/2610\/revisions"}],"up":[{"embeddable":true,"href":"https:\/\/ntdctraining.org\/es\/wp-json\/wp\/v2\/pages\/2325"}],"wp:attachment":[{"href":"https:\/\/ntdctraining.org\/es\/wp-json\/wp\/v2\/media?parent=2610"}],"curies":[{"name":"wp","href":"https:\/\/api.w.org\/{rel}","templated":true}]}}