{"id":2366,"date":"2022-03-23T10:19:35","date_gmt":"2022-03-23T14:19:35","guid":{"rendered":"https:\/\/ntdctraining.org\/?page_id=2366"},"modified":"2025-09-16T07:34:55","modified_gmt":"2025-09-16T11:34:55","slug":"self-assessment","status":"publish","type":"page","link":"https:\/\/ntdctraining.org\/es\/materiales-curriculares-generales\/autoevaluacion\/","title":{"rendered":"Materiales de autoevaluaci\u00f3n"},"content":{"rendered":"<style type=\"text\/css\" data-created_by=\"avia_inline_auto\" id=\"style-css-av-41v91a-7a5d4fca2f65cd942e6eb704bb6e26e3\">\n.avia-section.av-41v91a-7a5d4fca2f65cd942e6eb704bb6e26e3{\nbackground-color:#f8f8f8;\nbackground-image:unset;\n}\n<\/style>\n<div id='av_section_1'  class='avia-section av-41v91a-7a5d4fca2f65cd942e6eb704bb6e26e3 main_color avia-section-default avia-no-border-styling  avia-builder-el-0  el_before_av_one_full  avia-builder-el-first  avia-bg-style-scroll container_wrap sidebar_left'  ><div class='container av-section-cont-open' ><main  role=\"main\" itemprop=\"mainContentOfPage\"  class='template-page content  av-content-small units'><div class='post-entry post-entry-type-page post-entry-2366'><div class='entry-content-wrapper clearfix'>\n\n<style type=\"text\/css\" data-created_by=\"avia_inline_auto\" id=\"style-css-av-2husfy-d38d660cce977b8e9dab133c50d3864b\">\n.flex_column.av-2husfy-d38d660cce977b8e9dab133c50d3864b{\nbackground-color:#f8f8f8;\n}\n<\/style>\n<div  class='flex_column av-2husfy-d38d660cce977b8e9dab133c50d3864b av_one_full  avia-builder-el-1  avia-builder-el-no-sibling  first flex_column_div'     ><style type=\"text\/css\" data-created_by=\"avia_inline_auto\" id=\"style-css-av-l13nitb8-af5915310dedff566fc93acf709ae2a9\">\n#top .av-special-heading.av-l13nitb8-af5915310dedff566fc93acf709ae2a9{\npadding-bottom:10px;\ncolor:#232323;\n}\nbody .av-special-heading.av-l13nitb8-af5915310dedff566fc93acf709ae2a9 .av-special-heading-tag .heading-char{\nfont-size:25px;\n}\n.av-special-heading.av-l13nitb8-af5915310dedff566fc93acf709ae2a9 .special-heading-inner-border{\nborder-color:#232323;\n}\n.av-special-heading.av-l13nitb8-af5915310dedff566fc93acf709ae2a9 .av-subheading{\nfont-size:15px;\n}\n<\/style>\n<div  class='av-special-heading av-l13nitb8-af5915310dedff566fc93acf709ae2a9 av-special-heading-h1 custom-color-heading blockquote modern-quote  avia-builder-el-2  avia-builder-el-no-sibling'><h1 class='av-special-heading-tag'  itemprop=\"headline\"  >Autoevaluaci\u00f3n<\/h1><div class=\"special-heading-border\"><div class=\"special-heading-inner-border\"><\/div><\/div><\/div><\/div>\n<\/div><\/div><\/main><!-- close content main element --><\/div><\/div><div id='after_section_1'  class='main_color av_default_container_wrap container_wrap sidebar_left'  ><div class='container av-section-cont-open' ><div class='template-page content  av-content-small units'><div class='post-entry post-entry-type-page post-entry-2366'><div class='entry-content-wrapper clearfix'>\n\n<style type=\"text\/css\" data-created_by=\"avia_inline_auto\" id=\"style-css-av-4oislq-c10ce4b8978955e3f14815eaa4ad9eaa\">\n.flex_column.av-4oislq-c10ce4b8978955e3f14815eaa4ad9eaa{\npadding:0px 0px 0px 0px;\n}\n<\/style>\n<div  class='flex_column av-4oislq-c10ce4b8978955e3f14815eaa4ad9eaa av_one_full  avia-builder-el-3  el_after_av_section  avia-builder-el-no-sibling  first flex_column_div av-zero-column-padding'     ><p>\n<style type=\"text\/css\" data-created_by=\"avia_inline_auto\" id=\"style-css-av-l13qccsw-475ed13e7a4a077e890464a172036647\">\n#top .av-special-heading.av-l13qccsw-475ed13e7a4a077e890464a172036647{\npadding-bottom:10px;\n}\nbody .av-special-heading.av-l13qccsw-475ed13e7a4a077e890464a172036647 .av-special-heading-tag .heading-char{\nfont-size:25px;\n}\n.av-special-heading.av-l13qccsw-475ed13e7a4a077e890464a172036647 .av-subheading{\nfont-size:15px;\n}\n<\/style>\n<div  class='av-special-heading av-l13qccsw-475ed13e7a4a077e890464a172036647 av-special-heading-h2  avia-builder-el-4  el_before_av_textblock  avia-builder-el-first'><h2 class='av-special-heading-tag'  itemprop=\"headline\"  >Materiales de autoevaluaci\u00f3n<\/h2><div class=\"special-heading-border\"><div class=\"special-heading-inner-border\"><\/div><\/div><\/div><br \/>\n<section  class='av_textblock_section av-2cb132-f87f221292b4a095add799bacbe3b15f'   itemscope=\"itemscope\" itemtype=\"https:\/\/schema.org\/CreativeWork\" ><div class='avia_textblock'  itemprop=\"text\" ><p>La Autoevaluaci\u00f3n del NTDC es una herramienta de autodescubrimiento que proporciona a las familias que se est\u00e1n preparando para convertirse en padres de acogida, de parentesco o adoptivos la oportunidad de aprender m\u00e1s sobre s\u00ed mismas a medida que consideran las caracter\u00edsticas y competencias que son importantes a la hora de criar a ni\u00f1os que han experimentado traumas, separaci\u00f3n y p\u00e9rdida. Est\u00e1 dise\u00f1ado para ser autoadministrado, lo que permite al participante reconocer y construir sobre sus \u00e1reas de fortaleza, explorar las \u00e1reas que se beneficiar\u00edan de apoyo e informaci\u00f3n adicional, e identificar las \u00e1reas que pueden causar el mayor desaf\u00edo al criar a un ni\u00f1o\/joven. Las caracter\u00edsticas y competencias de la Autoevaluaci\u00f3n se destacan a lo largo del NTDC, lo que apoya la continuaci\u00f3n del aprendizaje m\u00e1s all\u00e1 de la finalizaci\u00f3n de la Autoevaluaci\u00f3n.<\/p>\n<\/div><\/section><br \/>\n<div  class='hr av-48cnta-590c12c7a871cb1a5ab30ae791935903 hr-default  avia-builder-el-6  el_after_av_textblock  el_before_av_textblock'><span class='hr-inner'><span class=\"hr-inner-style\"><\/span><\/span><\/div><br \/>\n<section  class='av_textblock_section av-l4y47d4b-d5b3dff60f1db80b58c33bd65b8297fd'   itemscope=\"itemscope\" itemtype=\"https:\/\/schema.org\/CreativeWork\" ><div class='avia_textblock'  itemprop=\"text\" ><h2>Gu\u00eda de autoevaluaci\u00f3n para profesionales<\/h2>\n<p>Esta gu\u00eda ofrece a los profesionales una descripci\u00f3n del desarrollo de la Autoevaluaci\u00f3n del NTDC y una visi\u00f3n general de su uso. Incluye el instrumento de la encuesta de Autoevaluaci\u00f3n, instrucciones sobre c\u00f3mo completar la encuesta, una gu\u00eda de puntuaci\u00f3n que ofrece orientaci\u00f3n sobre c\u00f3mo calcular las puntuaciones, y recomendaciones sobre c\u00f3mo el participante puede aumentar su sentido de competencia para aquellas competencias y caracter\u00edsticas que han sido identificadas como importantes cuando se cuida de ni\u00f1os que han experimentado trauma, separaci\u00f3n y p\u00e9rdida. Esta informaci\u00f3n proporcionar\u00e1 al profesional una mayor comprensi\u00f3n de lo que las familias experimentar\u00e1n al completar la Autoevaluaci\u00f3n.<\/p>\n<\/div><\/section><br \/>\n<div  class='avia-button-wrap av-l6lvhcg6-8b6d80552a5a305978899ca70dd859ac-wrap avia-button-left  avia-builder-el-8  el_after_av_textblock  el_before_av_button'><a href='https:\/\/spaulding.sharefile.com\/public\/share\/web-s26196ab876e747f6ae56372abe138029'  class='avia-button av-l6lvhcg6-8b6d80552a5a305978899ca70dd859ac av-link-btn avia-icon_select-yes-right-icon avia-size-medium avia-position-left avia-color-theme-color'  target=\"_blank\"  rel=\"noopener noreferrer\"  aria-label=\"Gu\u00eda de autoevaluaci\u00f3n para profesionales\"><span class='avia_iconbox_title' >Gu\u00eda de autoevaluaci\u00f3n para profesionales<\/span><span class='avia_button_icon avia_button_icon_right avia-iconfont avia-font-entypo-fontello' data-av_icon='\ue82d' data-av_iconfont='entypo-fontello' ><\/span><\/a><\/div><br \/>\n<div  class='avia-button-wrap av-m6eernwg-b75d6d8f6d29bf0c13bdb231e4f093c5-wrap avia-button-left  avia-builder-el-9  el_after_av_button  el_before_av_hr'><a href='https:\/\/ntdctraining.org\/wp-content\/uploads\/2025\/01\/Spanish-Self-Assessment_Professional.pdf'  class='avia-button av-m6eernwg-b75d6d8f6d29bf0c13bdb231e4f093c5 av-link-btn avia-icon_select-yes-right-icon avia-size-medium avia-position-left avia-color-theme-color'  target=\"_blank\"  rel=\"noopener noreferrer\"  aria-label=\"Gu\u00eda espa\u00f1ola de autoevaluaci\u00f3n para profesionales\"><span class='avia_iconbox_title' >Gu\u00eda espa\u00f1ola de autoevaluaci\u00f3n para profesionales<\/span><span class='avia_button_icon avia_button_icon_right avia-iconfont avia-font-entypo-fontello' data-av_icon='\ue82d' data-av_iconfont='entypo-fontello' ><\/span><\/a><\/div><br \/>\n<div  class='hr av-2bx3ji-3a0c36f9f06c26796455a67dd43e1db1 hr-default  avia-builder-el-10  el_after_av_button  el_before_av_textblock'><span class='hr-inner'><span class=\"hr-inner-style\"><\/span><\/span><\/div><br \/>\n<section  class='av_textblock_section av-360zlq-973b836c664578098963f3384fcf4e11'   itemscope=\"itemscope\" itemtype=\"https:\/\/schema.org\/CreativeWork\" ><div class='avia_textblock'  itemprop=\"text\" ><h2>Acceso a la autoevaluaci\u00f3n<\/h2>\n<p>Hay dos opciones para que las familias completen la Autoevaluaci\u00f3n. Las familias pueden realizar la autoevaluaci\u00f3n manualmente utilizando l\u00e1piz y papel o pueden completar la versi\u00f3n en l\u00ednea de la autoevaluaci\u00f3n que se encuentra en la pesta\u00f1a \"Formaci\u00f3n para familias\" de este sitio web.<\/p>\n<p>Las familias que completen la Autoevaluaci\u00f3n manualmente (papel y bol\u00edgrafo), pueden recibir la Gu\u00eda de Autoevaluaci\u00f3n para Familias. Esta gu\u00eda incluye instrucciones para completar la encuesta de Autoevaluaci\u00f3n y traducir las respuestas de la encuesta en puntuaciones, y proporciona recomendaciones sobre c\u00f3mo aumentar el conocimiento y la competencia para aquellas competencias y caracter\u00edsticas que han sido identificadas como importantes a la hora de cuidar a ni\u00f1os que han experimentado traumas, separaci\u00f3n y p\u00e9rdida.<\/p>\n<p><div  class='avia-button-wrap av-3j2lgu-a0c9317e69077665c8512e93b7ce65d0-wrap avia-button-left  avia-builder-el-12  el_before_av_button  avia-builder-el-first'><a href='https:\/\/spaulding.sharefile.com\/public\/share\/web-sd62005e6fb1a4a438053865a4a280064'  class='avia-button av-3j2lgu-a0c9317e69077665c8512e93b7ce65d0 av-link-btn avia-icon_select-yes-right-icon avia-size-medium avia-position-left avia-color-theme-color'  target=\"_blank\"  rel=\"noopener noreferrer\"  aria-label=\"Gu\u00eda de autoevaluaci\u00f3n para familias\"><span class='avia_iconbox_title' >Gu\u00eda de autoevaluaci\u00f3n para familias<\/span><span class='avia_button_icon avia_button_icon_right avia-iconfont avia-font-entypo-fontello' data-av_icon='\ue82d' data-av_iconfont='entypo-fontello' ><\/span><\/a><\/div> <div  class='avia-button-wrap av-2rzl5q-236d3e72f051c1893a3f308d67debac2-wrap avia-button-left  avia-builder-el-13  el_after_av_button  avia-builder-el-last'><a href='https:\/\/ntdctraining.org\/wp-content\/uploads\/2025\/01\/Spanish-Self-Assessment_Parent.pdf'  class='avia-button av-2rzl5q-236d3e72f051c1893a3f308d67debac2 av-link-btn avia-icon_select-yes-right-icon avia-size-medium avia-position-left avia-color-theme-color'  target=\"_blank\"  rel=\"noopener noreferrer\"  aria-label=\"Gu\u00eda de autoevaluaci\u00f3n para familias espa\u00f1olas\"><span class='avia_iconbox_title' >Gu\u00eda de autoevaluaci\u00f3n para familias espa\u00f1olas<\/span><span class='avia_button_icon avia_button_icon_right avia-iconfont avia-font-entypo-fontello' data-av_icon='\ue82d' data-av_iconfont='entypo-fontello' ><\/span><\/a><\/div><\/p>\n<\/div><\/section><\/p><\/div>","protected":false},"excerpt":{"rendered":"","protected":false},"author":1,"featured_media":0,"parent":2325,"menu_order":1,"comment_status":"closed","ping_status":"closed","template":"","meta":{"_acf_changed":false,"footnotes":""},"class_list":["post-2366","page","type-page","status-publish","hentry"],"acf":[],"yoast_head":"<!-- This site is optimized with the Yoast SEO plugin v27.5 - https:\/\/yoast.com\/product\/yoast-seo-wordpress\/ -->\n<title>Self-Assessment Materials - National Training and Development Curriculum<\/title>\n<meta name=\"robots\" content=\"noindex, nofollow\" \/>\n<meta property=\"og:locale\" content=\"es_ES\" \/>\n<meta property=\"og:type\" content=\"article\" \/>\n<meta property=\"og:title\" content=\"Self-Assessment Materials - National Training and Development Curriculum\" \/>\n<meta property=\"og:url\" content=\"https:\/\/ntdctraining.org\/es\/materiales-curriculares-generales\/autoevaluacion\/\" \/>\n<meta property=\"og:site_name\" content=\"National Training and Development Curriculum\" \/>\n<meta property=\"article:modified_time\" content=\"2025-09-16T11:34:55+00:00\" \/>\n<meta name=\"twitter:card\" content=\"summary_large_image\" \/>\n<meta name=\"twitter:label1\" content=\"Tiempo de lectura\" \/>\n\t<meta name=\"twitter:data1\" content=\"2 minutos\" \/>\n<script type=\"application\/ld+json\" class=\"yoast-schema-graph\">{\"@context\":\"https:\\\/\\\/schema.org\",\"@graph\":[{\"@type\":\"WebPage\",\"@id\":\"https:\\\/\\\/ntdctraining.org\\\/general-curriculum-materials\\\/self-assessment\\\/\",\"url\":\"https:\\\/\\\/ntdctraining.org\\\/general-curriculum-materials\\\/self-assessment\\\/\",\"name\":\"Self-Assessment Materials - National Training and Development Curriculum\",\"isPartOf\":{\"@id\":\"https:\\\/\\\/ntdctraining.org\\\/#website\"},\"datePublished\":\"2022-03-23T14:19:35+00:00\",\"dateModified\":\"2025-09-16T11:34:55+00:00\",\"breadcrumb\":{\"@id\":\"https:\\\/\\\/ntdctraining.org\\\/general-curriculum-materials\\\/self-assessment\\\/#breadcrumb\"},\"inLanguage\":\"es\",\"potentialAction\":[{\"@type\":\"ReadAction\",\"target\":[\"https:\\\/\\\/ntdctraining.org\\\/general-curriculum-materials\\\/self-assessment\\\/\"]}]},{\"@type\":\"BreadcrumbList\",\"@id\":\"https:\\\/\\\/ntdctraining.org\\\/general-curriculum-materials\\\/self-assessment\\\/#breadcrumb\",\"itemListElement\":[{\"@type\":\"ListItem\",\"position\":1,\"name\":\"Home\",\"item\":\"https:\\\/\\\/ntdctraining.org\\\/\"},{\"@type\":\"ListItem\",\"position\":2,\"name\":\"Curriculum\",\"item\":\"https:\\\/\\\/ntdctraining.org\\\/general-curriculum-materials\\\/\"},{\"@type\":\"ListItem\",\"position\":3,\"name\":\"Self-Assessment Materials\"}]},{\"@type\":\"WebSite\",\"@id\":\"https:\\\/\\\/ntdctraining.org\\\/#website\",\"url\":\"https:\\\/\\\/ntdctraining.org\\\/\",\"name\":\"National Training and Development Curriculum\",\"description\":\"A State-of-the-Art Training Program for Foster and Adoptive Parents\",\"potentialAction\":[{\"@type\":\"SearchAction\",\"target\":{\"@type\":\"EntryPoint\",\"urlTemplate\":\"https:\\\/\\\/ntdctraining.org\\\/?s={search_term_string}\"},\"query-input\":{\"@type\":\"PropertyValueSpecification\",\"valueRequired\":true,\"valueName\":\"search_term_string\"}}],\"inLanguage\":\"es\"}]}<\/script>\n<!-- \/ Yoast SEO plugin. -->","yoast_head_json":{"title":"Materiales de autoevaluaci\u00f3n - Programa nacional de formaci\u00f3n y desarrollo","robots":{"index":"noindex","follow":"nofollow"},"og_locale":"es_ES","og_type":"article","og_title":"Self-Assessment Materials - National Training and Development Curriculum","og_url":"https:\/\/ntdctraining.org\/es\/materiales-curriculares-generales\/autoevaluacion\/","og_site_name":"National Training and Development Curriculum","article_modified_time":"2025-09-16T11:34:55+00:00","twitter_card":"summary_large_image","twitter_misc":{"Tiempo de lectura":"2 minutos"},"schema":{"@context":"https:\/\/schema.org","@graph":[{"@type":"WebPage","@id":"https:\/\/ntdctraining.org\/general-curriculum-materials\/self-assessment\/","url":"https:\/\/ntdctraining.org\/general-curriculum-materials\/self-assessment\/","name":"Materiales de autoevaluaci\u00f3n - Programa nacional de formaci\u00f3n y desarrollo","isPartOf":{"@id":"https:\/\/ntdctraining.org\/#website"},"datePublished":"2022-03-23T14:19:35+00:00","dateModified":"2025-09-16T11:34:55+00:00","breadcrumb":{"@id":"https:\/\/ntdctraining.org\/general-curriculum-materials\/self-assessment\/#breadcrumb"},"inLanguage":"es","potentialAction":[{"@type":"ReadAction","target":["https:\/\/ntdctraining.org\/general-curriculum-materials\/self-assessment\/"]}]},{"@type":"BreadcrumbList","@id":"https:\/\/ntdctraining.org\/general-curriculum-materials\/self-assessment\/#breadcrumb","itemListElement":[{"@type":"ListItem","position":1,"name":"Home","item":"https:\/\/ntdctraining.org\/"},{"@type":"ListItem","position":2,"name":"Curriculum","item":"https:\/\/ntdctraining.org\/general-curriculum-materials\/"},{"@type":"ListItem","position":3,"name":"Self-Assessment Materials"}]},{"@type":"WebSite","@id":"https:\/\/ntdctraining.org\/#website","url":"https:\/\/ntdctraining.org\/","name":"Programa nacional de formaci\u00f3n y desarrollo","description":"Un programa de formaci\u00f3n de vanguardia para padres de acogida y adoptivos","potentialAction":[{"@type":"SearchAction","target":{"@type":"EntryPoint","urlTemplate":"https:\/\/ntdctraining.org\/?s={search_term_string}"},"query-input":{"@type":"PropertyValueSpecification","valueRequired":true,"valueName":"search_term_string"}}],"inLanguage":"es"}]}},"_links":{"self":[{"href":"https:\/\/ntdctraining.org\/es\/wp-json\/wp\/v2\/pages\/2366","targetHints":{"allow":["GET"]}}],"collection":[{"href":"https:\/\/ntdctraining.org\/es\/wp-json\/wp\/v2\/pages"}],"about":[{"href":"https:\/\/ntdctraining.org\/es\/wp-json\/wp\/v2\/types\/page"}],"author":[{"embeddable":true,"href":"https:\/\/ntdctraining.org\/es\/wp-json\/wp\/v2\/users\/1"}],"replies":[{"embeddable":true,"href":"https:\/\/ntdctraining.org\/es\/wp-json\/wp\/v2\/comments?post=2366"}],"version-history":[{"count":0,"href":"https:\/\/ntdctraining.org\/es\/wp-json\/wp\/v2\/pages\/2366\/revisions"}],"up":[{"embeddable":true,"href":"https:\/\/ntdctraining.org\/es\/wp-json\/wp\/v2\/pages\/2325"}],"wp:attachment":[{"href":"https:\/\/ntdctraining.org\/es\/wp-json\/wp\/v2\/media?parent=2366"}],"curies":[{"name":"wp","href":"https:\/\/api.w.org\/{rel}","templated":true}]}}