{"id":2290,"date":"2022-02-22T14:24:22","date_gmt":"2022-02-22T19:24:22","guid":{"rendered":"https:\/\/ntdctraining.org\/?page_id=2290"},"modified":"2022-02-23T16:15:32","modified_gmt":"2022-02-23T21:15:32","slug":"cookies-policy","status":"publish","type":"page","link":"https:\/\/ntdctraining.org\/es\/politica-de-cookies\/","title":{"rendered":"Pol\u00edtica de cookies"},"content":{"rendered":"<style type=\"text\/css\" data-created_by=\"avia_inline_auto\" id=\"style-css-av-5ntspu-471be3252241d94a7602aed33322391a\">\n.flex_column.av-5ntspu-471be3252241d94a7602aed33322391a{\npadding:40px 40px 40px 40px;\n}\n<\/style>\n<div  class='flex_column av-5ntspu-471be3252241d94a7602aed33322391a av_one_full  avia-builder-el-0  avia-builder-el-no-sibling  first flex_column_div'     ><p>\n<style type=\"text\/css\" data-created_by=\"avia_inline_auto\" id=\"style-css-av-kzyi1n37-7a89918d92e751cd9d09be6daf221690\">\n#top .av-special-heading.av-kzyi1n37-7a89918d92e751cd9d09be6daf221690{\npadding-bottom:10px;\ncolor:#0d3e64;\n}\nbody .av-special-heading.av-kzyi1n37-7a89918d92e751cd9d09be6daf221690 .av-special-heading-tag .heading-char{\nfont-size:25px;\n}\n.av-special-heading.av-kzyi1n37-7a89918d92e751cd9d09be6daf221690 .special-heading-inner-border{\nborder-color:#0d3e64;\n}\n.av-special-heading.av-kzyi1n37-7a89918d92e751cd9d09be6daf221690 .av-subheading{\nfont-size:15px;\n}\n<\/style>\n<div  class='av-special-heading av-kzyi1n37-7a89918d92e751cd9d09be6daf221690 av-special-heading-h1 custom-color-heading  avia-builder-el-1  el_before_av_textblock  avia-builder-el-first'><h1 class='av-special-heading-tag'  itemprop=\"headline\"  >Pol\u00edtica de cookies<\/h1><div class=\"special-heading-border\"><div class=\"special-heading-inner-border\"><\/div><\/div><\/div><br \/>\n<section  class='av_textblock_section av-kzyi20e7-fff85ae70d0484395d3d0d422b2da73a'   itemscope=\"itemscope\" itemtype=\"https:\/\/schema.org\/CreativeWork\" ><div class='avia_textblock av_inherit_color'  itemprop=\"text\" ><p><strong>\u00daltima actualizaci\u00f3n: 02\/22\/2022<\/strong><\/p>\n<div class=\"page\" title=\"P\u00e1gina 1\">\n<div class=\"layoutArea\">\n<div class=\"column\">\n<div class=\"page\" title=\"P\u00e1gina 1\">\n<div class=\"layoutArea\">\n<div class=\"column\">\n<p>Esta Pol\u00edtica de Cookies explica qu\u00e9 son las Cookies y c\u00f3mo las utilizamos. Debe leer esta pol\u00edtica para poder entender qu\u00e9 tipo de cookies utilizamos, o la informaci\u00f3n que recopilamos utilizando Cookies y c\u00f3mo se utiliza esa informaci\u00f3n.<\/p>\n<p>Las cookies no suelen contener informaci\u00f3n que identifique personalmente a un usuario, pero la informaci\u00f3n personal que almacenamos sobre Usted puede estar vinculada a la informaci\u00f3n almacenada y obtenida de las cookies. Para m\u00e1s informaci\u00f3n sobre c\u00f3mo utilizamos, almacenamos y mantenemos seguros sus datos personales, consulte nuestra Pol\u00edtica de Privacidad.<\/p>\n<p>No almacenamos informaci\u00f3n personal sensible, como direcciones de correo, contrase\u00f1as de cuentas, etc. en las cookies que utilizamos.<\/p>\n<\/div>\n<\/div>\n<\/div>\n<\/div>\n<\/div>\n<\/div>\n<\/div><\/section><br \/>\n\n<style type=\"text\/css\" data-created_by=\"avia_inline_auto\" id=\"style-css-av-46cuvm-53e6e2ae1685c18e79fe93e44cc6a109\">\n#top .av-special-heading.av-46cuvm-53e6e2ae1685c18e79fe93e44cc6a109{\npadding-bottom:10px;\n}\nbody .av-special-heading.av-46cuvm-53e6e2ae1685c18e79fe93e44cc6a109 .av-special-heading-tag .heading-char{\nfont-size:25px;\n}\n.av-special-heading.av-46cuvm-53e6e2ae1685c18e79fe93e44cc6a109 .av-subheading{\nfont-size:15px;\n}\n<\/style>\n<div  class='av-special-heading av-46cuvm-53e6e2ae1685c18e79fe93e44cc6a109 av-special-heading-h2  avia-builder-el-3  el_after_av_textblock  el_before_av_textblock'><h2 class='av-special-heading-tag'  itemprop=\"headline\"  >Interpretaci\u00f3n y definiciones<\/h2><div class=\"special-heading-border\"><div class=\"special-heading-inner-border\"><\/div><\/div><\/div><br \/>\n<section  class='av_textblock_section av-kzyi5aei-d6104f00d07d9a432a0fe9900b94f0c6'   itemscope=\"itemscope\" itemtype=\"https:\/\/schema.org\/CreativeWork\" ><div class='avia_textblock av_inherit_color'  itemprop=\"text\" ><div class=\"page\" title=\"P\u00e1gina 1\">\n<div class=\"layoutArea\">\n<div class=\"column\">\n<div class=\"page\" title=\"P\u00e1gina 1\">\n<div class=\"layoutArea\">\n<div class=\"column\">\n<h3>Interpretaci\u00f3n<\/h3>\n<p>Las palabras cuya inicial aparece en may\u00fascula tienen los significados que se definen a continuaci\u00f3n. Las siguientes definiciones tendr\u00e1n el mismo significado independientemente de que aparezcan en singular o en plural.<\/p>\n<h3>Definiciones<\/h3>\n<p>A los efectos de la presente Pol\u00edtica de Cookies:<\/p>\n<p><strong>Empresa<\/strong> (denominada \"la Empresa\", \"Nosotros\", \"Nos\" o \"Nuestro\" en el presente Acuerdo) se refiere a National Training and Development Curriculum.<br \/>\n<strong>Cookies<\/strong> son peque\u00f1os archivos que un sitio web coloca en su ordenador, dispositivo m\u00f3vil o cualquier otro dispositivo y que contienen, entre otras cosas, los detalles de su historial de navegaci\u00f3n en ese sitio web.<br \/>\n<strong>P\u00e1gina web<\/strong> remite al sitio web del Plan Nacional de Formaci\u00f3n y Desarrollo, accesible desde <a href=\"https:\/\/ntdctraining.org\/es\/\">https:\/\/website.address<\/a><br \/>\n<strong>Usted<\/strong> la persona f\u00edsica que accede o utiliza el Servicio, o la empresa u otra entidad jur\u00eddica en nombre de la cual dicha persona f\u00edsica accede o utiliza el Servicio, seg\u00fan proceda.<\/p>\n<\/div>\n<\/div>\n<\/div>\n<\/div>\n<\/div>\n<\/div>\n<\/div><\/section><br \/>\n\n<style type=\"text\/css\" data-created_by=\"avia_inline_auto\" id=\"style-css-av-kzyi5pg0-b18f52c8ae86a94917339a4f75538790\">\n#top .av-special-heading.av-kzyi5pg0-b18f52c8ae86a94917339a4f75538790{\npadding-bottom:10px;\n}\nbody .av-special-heading.av-kzyi5pg0-b18f52c8ae86a94917339a4f75538790 .av-special-heading-tag .heading-char{\nfont-size:25px;\n}\n.av-special-heading.av-kzyi5pg0-b18f52c8ae86a94917339a4f75538790 .av-subheading{\nfont-size:15px;\n}\n<\/style>\n<div  class='av-special-heading av-kzyi5pg0-b18f52c8ae86a94917339a4f75538790 av-special-heading-h2  avia-builder-el-5  el_after_av_textblock  el_before_av_textblock'><h2 class='av-special-heading-tag'  itemprop=\"headline\"  >Uso de las cookies<\/h2><div class=\"special-heading-border\"><div class=\"special-heading-inner-border\"><\/div><\/div><\/div><br \/>\n<section  class='av_textblock_section av-kzyi9lh7-528bc30088f826c0791ca30d06cf078b'   itemscope=\"itemscope\" itemtype=\"https:\/\/schema.org\/CreativeWork\" ><div class='avia_textblock av_inherit_color'  itemprop=\"text\" ><div class=\"page\" title=\"P\u00e1gina 1\">\n<div class=\"layoutArea\">\n<div class=\"column\">\n<h4>Tipo de cookies que utilizamos<\/h4>\n<p>Las cookies pueden ser \"persistentes\" o \"de sesi\u00f3n\". Las Cookies persistentes permanecen en su ordenador personal o dispositivo m\u00f3vil cuando se desconecta, mientras que las Cookies de sesi\u00f3n se eliminan en cuanto cierra su navegador web.<\/p>\n<\/div>\n<\/div>\n<\/div>\n<div class=\"page\" title=\"P\u00e1gina 2\">\n<div class=\"layoutArea\">\n<div class=\"column\">\n<p>Utilizamos tanto cookies de sesi\u00f3n como cookies persistentes para los fines que se indican a continuaci\u00f3n:<\/p>\n<p><strong>Cookies necesarias \/ esenciales<\/strong><\/p>\n<ul>\n<li>Tipo: Cookies de sesi\u00f3n<\/li>\n<li>Administrado por: Us<\/li>\n<li>Finalidad: Estas Cookies son esenciales para proporcionarle los servicios disponibles a trav\u00e9s del Sitio Web y permitirle utilizar algunas de sus funciones. Ayudan a autenticar a los usuarios y a evitar el uso fraudulento de las cuentas de usuario. Sin estas Cookies, los servicios que Usted ha solicitado no pueden ser proporcionados, y s\u00f3lo utilizamos estas Cookies para proporcionarle dichos servicios.<\/li>\n<\/ul>\n<p><strong>Pol\u00edtica de Cookies \/ Aviso Aceptaci\u00f3n Cookies<\/strong><\/p>\n<ul>\n<li>Tipo: Cookies persistentes<\/li>\n<li>Administrado por: Us<\/li>\n<li>Finalidad: Estas Cookies identifican si los usuarios han aceptado el uso de cookies en el Sitio Web.<\/li>\n<\/ul>\n<p><strong>Cookies de funcionalidad<\/strong><\/p>\n<ul>\n<li>Tipo: Cookies persistentes<\/li>\n<li>Administrado por: Us<\/li>\n<li>Finalidad: Estas Cookies nos permiten recordar las elecciones que Usted realiza cuando utiliza el Sitio Web, como recordar sus datos de inicio de sesi\u00f3n o su preferencia de idioma. El objetivo de estas Cookies es proporcionarle una experiencia m\u00e1s personal y evitar que tenga que volver a introducir sus preferencias cada vez que utilice el Sitio Web.<\/li>\n<\/ul>\n<p><strong>Cookies de seguimiento y rendimiento<\/strong><\/p>\n<ul>\n<li>Tipo: Cookies persistentes<\/li>\n<li>Administrado por: Terceros<\/li>\n<li>Finalidad: Estas Cookies se utilizan para rastrear informaci\u00f3n sobre el tr\u00e1fico al Sitio Web y c\u00f3mo lo utilizan los usuarios. La informaci\u00f3n recopilada a trav\u00e9s de estas Cookies puede identificarle directa o indirectamente como visitante individual. Esto se debe a que la informaci\u00f3n recopilada suele estar vinculada a un identificador seud\u00f3nimo asociado al dispositivo que utiliza para acceder al sitio web. Tambi\u00e9n podemos utilizar estas Cookies para probar nuevos anuncios, p\u00e1ginas, caracter\u00edsticas o nuevas funcionalidades del Sitio Web para ver c\u00f3mo reaccionan nuestros usuarios a ellos.<\/li>\n<\/ul>\n<\/div>\n<\/div>\n<\/div>\n<\/div><\/section><br \/>\n<section  class='av_textblock_section av-kzyiara7-98c609ade1ceec549b53ddc9eb62bfb5'   itemscope=\"itemscope\" itemtype=\"https:\/\/schema.org\/CreativeWork\" ><div class='avia_textblock av_inherit_color'  itemprop=\"text\" ><div class=\"page\" title=\"P\u00e1gina 2\">\n<div class=\"layoutArea\">\n<div class=\"column\">\n<h3>Sus opciones con respecto a las cookies<\/h3>\n<p>Si prefiere evitar el uso de Cookies en el Sitio Web, primero debe desactivar el uso de Cookies en su navegador y despu\u00e9s eliminar las Cookies guardadas en su navegador asociadas a este sitio web. Puede utilizar esta opci\u00f3n para evitar el uso de Cookies en cualquier momento.<\/p>\n<p>Si no acepta nuestras cookies, es posible que experimente algunos inconvenientes en el uso del sitio web y que algunas funciones no funcionen correctamente.<\/p>\n<p>Si desea eliminar las cookies o indicar a su navegador que las elimine o rechace, visite las p\u00e1ginas de ayuda de su navegador.<\/p>\n<\/div>\n<\/div>\n<\/div>\n<div class=\"page\" title=\"P\u00e1gina 3\">\n<div class=\"layoutArea\">\n<div class=\"column\">\n<p>Para el navegador Chrome, visite esta p\u00e1gina de Google: https:\/\/support.google.com\/accounts\/answer\/32050<br \/>\nPara el navegador web Firefox, visite esta p\u00e1gina de Mozilla: https:\/\/support.mozilla.org\/en-US\/kb\/delete-cookies-remove-info-websites-stored Para el navegador web Safari, visite esta p\u00e1gina de Apple: https:\/\/support.apple.com\/guide\/safari\/manage-cookies-and-website-data- sfri11471\/mac<\/p>\n<p>Para el navegador web de Microsoft, visite esta p\u00e1gina de Microsoft: https:\/\/support.microsoft.com\/en-us\/microsoft-edge\/delete-cookies-in-microsoft- edge-63947406-40ac-c3b8-57b9-2a946a29ae09<\/p>\n<p>Para cualquier otro navegador, visite las p\u00e1ginas oficiales de su navegador.<\/p>\n<\/div>\n<\/div>\n<\/div>\n<\/div><\/section><br \/>\n\n<style type=\"text\/css\" data-created_by=\"avia_inline_auto\" id=\"style-css-av-1yv26q-a1d6ef38384196159f50832ab15de560\">\n#top .av-special-heading.av-1yv26q-a1d6ef38384196159f50832ab15de560{\npadding-bottom:10px;\n}\nbody .av-special-heading.av-1yv26q-a1d6ef38384196159f50832ab15de560 .av-special-heading-tag .heading-char{\nfont-size:25px;\n}\n.av-special-heading.av-1yv26q-a1d6ef38384196159f50832ab15de560 .av-subheading{\nfont-size:15px;\n}\n<\/style>\n<div  class='av-special-heading av-1yv26q-a1d6ef38384196159f50832ab15de560 av-special-heading-h2  avia-builder-el-8  el_after_av_textblock  el_before_av_textblock'><h2 class='av-special-heading-tag'  itemprop=\"headline\"  >Contacte con nosotros<\/h2><div class=\"special-heading-border\"><div class=\"special-heading-inner-border\"><\/div><\/div><\/div><br \/>\n<section  class='av_textblock_section av-kzyif8t3-ff237287ed251aa484fdf983dc4eb851'   itemscope=\"itemscope\" itemtype=\"https:\/\/schema.org\/CreativeWork\" ><div class='avia_textblock av_inherit_color'  itemprop=\"text\" ><div class=\"page\" title=\"P\u00e1gina 3\">\n<div class=\"layoutArea\">\n<div class=\"column\">\n<p>Si tiene alguna pregunta sobre esta Pol\u00edtica de Cookies, puede ponerse en contacto con nosotros por correo electr\u00f3nico en la direcci\u00f3n <a href=\"mailto:scohick@spaulding.org\" target=\"_blank\" rel=\"noopener\">scohick@spaulding.org<\/a><\/p>\n<\/div>\n<\/div>\n<\/div>\n<\/div><\/section><\/p><\/div>","protected":false},"excerpt":{"rendered":"","protected":false},"author":1,"featured_media":0,"parent":0,"menu_order":0,"comment_status":"closed","ping_status":"closed","template":"","meta":{"_acf_changed":false,"footnotes":""},"class_list":["post-2290","page","type-page","status-publish","hentry"],"acf":[],"yoast_head":"<!-- This site is optimized with the Yoast SEO plugin v27.5 - https:\/\/yoast.com\/product\/yoast-seo-wordpress\/ -->\n<title>Cookies-Policy - National Training and Development Curriculum<\/title>\n<meta name=\"robots\" content=\"index, follow, max-snippet:-1, max-image-preview:large, max-video-preview:-1\" \/>\n<link rel=\"canonical\" href=\"https:\/\/ntdctraining.org\/es\/politica-de-cookies\/\" \/>\n<meta property=\"og:locale\" content=\"es_ES\" \/>\n<meta property=\"og:type\" content=\"article\" \/>\n<meta property=\"og:title\" content=\"Cookies-Policy - National Training and Development Curriculum\" \/>\n<meta property=\"og:url\" content=\"https:\/\/ntdctraining.org\/es\/politica-de-cookies\/\" \/>\n<meta property=\"og:site_name\" content=\"National Training and Development Curriculum\" \/>\n<meta property=\"article:modified_time\" content=\"2022-02-23T21:15:32+00:00\" \/>\n<meta name=\"twitter:card\" content=\"summary_large_image\" \/>\n<meta name=\"twitter:label1\" content=\"Tiempo de lectura\" \/>\n\t<meta name=\"twitter:data1\" content=\"8 minutos\" \/>\n<script type=\"application\/ld+json\" class=\"yoast-schema-graph\">{\"@context\":\"https:\\\/\\\/schema.org\",\"@graph\":[{\"@type\":\"WebPage\",\"@id\":\"https:\\\/\\\/ntdctraining.org\\\/cookies-policy\\\/\",\"url\":\"https:\\\/\\\/ntdctraining.org\\\/cookies-policy\\\/\",\"name\":\"Cookies-Policy - National Training and Development Curriculum\",\"isPartOf\":{\"@id\":\"https:\\\/\\\/ntdctraining.org\\\/#website\"},\"datePublished\":\"2022-02-22T19:24:22+00:00\",\"dateModified\":\"2022-02-23T21:15:32+00:00\",\"breadcrumb\":{\"@id\":\"https:\\\/\\\/ntdctraining.org\\\/cookies-policy\\\/#breadcrumb\"},\"inLanguage\":\"es\",\"potentialAction\":[{\"@type\":\"ReadAction\",\"target\":[\"https:\\\/\\\/ntdctraining.org\\\/cookies-policy\\\/\"]}]},{\"@type\":\"BreadcrumbList\",\"@id\":\"https:\\\/\\\/ntdctraining.org\\\/cookies-policy\\\/#breadcrumb\",\"itemListElement\":[{\"@type\":\"ListItem\",\"position\":1,\"name\":\"Home\",\"item\":\"https:\\\/\\\/ntdctraining.org\\\/\"},{\"@type\":\"ListItem\",\"position\":2,\"name\":\"Cookies-Policy\"}]},{\"@type\":\"WebSite\",\"@id\":\"https:\\\/\\\/ntdctraining.org\\\/#website\",\"url\":\"https:\\\/\\\/ntdctraining.org\\\/\",\"name\":\"National Training and Development Curriculum\",\"description\":\"A State-of-the-Art Training Program for Foster and Adoptive Parents\",\"potentialAction\":[{\"@type\":\"SearchAction\",\"target\":{\"@type\":\"EntryPoint\",\"urlTemplate\":\"https:\\\/\\\/ntdctraining.org\\\/?s={search_term_string}\"},\"query-input\":{\"@type\":\"PropertyValueSpecification\",\"valueRequired\":true,\"valueName\":\"search_term_string\"}}],\"inLanguage\":\"es\"}]}<\/script>\n<!-- \/ Yoast SEO plugin. -->","yoast_head_json":{"title":"Pol\u00edtica de cookies - Programa nacional de formaci\u00f3n y desarrollo","robots":{"index":"index","follow":"follow","max-snippet":"max-snippet:-1","max-image-preview":"max-image-preview:large","max-video-preview":"max-video-preview:-1"},"canonical":"https:\/\/ntdctraining.org\/es\/politica-de-cookies\/","og_locale":"es_ES","og_type":"article","og_title":"Cookies-Policy - National Training and Development Curriculum","og_url":"https:\/\/ntdctraining.org\/es\/politica-de-cookies\/","og_site_name":"National Training and Development Curriculum","article_modified_time":"2022-02-23T21:15:32+00:00","twitter_card":"summary_large_image","twitter_misc":{"Tiempo de lectura":"8 minutos"},"schema":{"@context":"https:\/\/schema.org","@graph":[{"@type":"WebPage","@id":"https:\/\/ntdctraining.org\/cookies-policy\/","url":"https:\/\/ntdctraining.org\/cookies-policy\/","name":"Pol\u00edtica de cookies - Programa nacional de formaci\u00f3n y desarrollo","isPartOf":{"@id":"https:\/\/ntdctraining.org\/#website"},"datePublished":"2022-02-22T19:24:22+00:00","dateModified":"2022-02-23T21:15:32+00:00","breadcrumb":{"@id":"https:\/\/ntdctraining.org\/cookies-policy\/#breadcrumb"},"inLanguage":"es","potentialAction":[{"@type":"ReadAction","target":["https:\/\/ntdctraining.org\/cookies-policy\/"]}]},{"@type":"BreadcrumbList","@id":"https:\/\/ntdctraining.org\/cookies-policy\/#breadcrumb","itemListElement":[{"@type":"ListItem","position":1,"name":"Home","item":"https:\/\/ntdctraining.org\/"},{"@type":"ListItem","position":2,"name":"Cookies-Policy"}]},{"@type":"WebSite","@id":"https:\/\/ntdctraining.org\/#website","url":"https:\/\/ntdctraining.org\/","name":"Programa nacional de formaci\u00f3n y desarrollo","description":"Un programa de formaci\u00f3n de vanguardia para padres de acogida y adoptivos","potentialAction":[{"@type":"SearchAction","target":{"@type":"EntryPoint","urlTemplate":"https:\/\/ntdctraining.org\/?s={search_term_string}"},"query-input":{"@type":"PropertyValueSpecification","valueRequired":true,"valueName":"search_term_string"}}],"inLanguage":"es"}]}},"_links":{"self":[{"href":"https:\/\/ntdctraining.org\/es\/wp-json\/wp\/v2\/pages\/2290","targetHints":{"allow":["GET"]}}],"collection":[{"href":"https:\/\/ntdctraining.org\/es\/wp-json\/wp\/v2\/pages"}],"about":[{"href":"https:\/\/ntdctraining.org\/es\/wp-json\/wp\/v2\/types\/page"}],"author":[{"embeddable":true,"href":"https:\/\/ntdctraining.org\/es\/wp-json\/wp\/v2\/users\/1"}],"replies":[{"embeddable":true,"href":"https:\/\/ntdctraining.org\/es\/wp-json\/wp\/v2\/comments?post=2290"}],"version-history":[{"count":0,"href":"https:\/\/ntdctraining.org\/es\/wp-json\/wp\/v2\/pages\/2290\/revisions"}],"wp:attachment":[{"href":"https:\/\/ntdctraining.org\/es\/wp-json\/wp\/v2\/media?parent=2290"}],"curies":[{"name":"wp","href":"https:\/\/api.w.org\/{rel}","templated":true}]}}