{"id":2,"date":"2020-06-02T15:12:43","date_gmt":"2020-06-02T15:12:43","guid":{"rendered":"http:\/\/ntdctraining.org\/2020wp\/?page_id=2"},"modified":"2025-11-26T15:06:42","modified_gmt":"2025-11-26T20:06:42","slug":"home","status":"publish","type":"page","link":"https:\/\/ntdctraining.org\/es\/","title":{"rendered":"Inicio"},"content":{"rendered":"<style type=\"text\/css\" data-created_by=\"avia_inline_auto\" id=\"style-css-av-1jaqg-bf85ff859fe6eb9e2023537acd5e1a8c\">\n.avia-section.av-1jaqg-bf85ff859fe6eb9e2023537acd5e1a8c .av-parallax .av-parallax-inner{\nbackground-repeat:no-repeat;\nbackground-image:url(https:\/\/ntdctraining.org\/wp-content\/uploads\/2022\/08\/ntdc-training-group-circle.jpg);\nbackground-position:50% 50%;\nbackground-attachment:scroll;\n}\n.avia-section.av-1jaqg-bf85ff859fe6eb9e2023537acd5e1a8c .av-section-color-overlay{\nopacity:0.5;\nbackground-color:#0a0a0a;\n}\n<\/style>\n<div id='av_section_1'  class='avia-section av-1jaqg-bf85ff859fe6eb9e2023537acd5e1a8c main_color avia-section-default avia-no-border-styling  avia-builder-el-0  el_before_av_promobox  avia-builder-el-first  avia-full-stretch av-parallax-section avia-bg-style-parallax av-section-color-overlay-active av-minimum-height av-minimum-height-50 av-height-50  container_wrap sidebar_left'  data-section-bg-repeat='stretch' data-av_minimum_height_pc='50' data-av_min_height_opt='50'><div class='av-parallax' data-avia-parallax-ratio='0.3' ><div class='av-parallax-inner main_color avia-full-stretch'><\/div><\/div><div class=\"av-section-color-overlay-wrap\"><div class=\"av-section-color-overlay\"><\/div><div class='container av-section-cont-open' ><main  role=\"main\" itemprop=\"mainContentOfPage\"  class='template-page content  av-content-small units'><div class='post-entry post-entry-type-page post-entry-2'><div class='entry-content-wrapper clearfix'>\n\n<style type=\"text\/css\" data-created_by=\"avia_inline_auto\" id=\"style-css-av-1guku-692185e147d13ee8658781e8d424ab4b\">\n#top .av-rotator-container.av-1guku-692185e147d13ee8658781e8d424ab4b{\ntext-align:center;\ncolor:#ffffff;\nmargin:50px 0 0 0;\n}\n#top #wrap_all .av-rotator-container.av-1guku-692185e147d13ee8658781e8d424ab4b .av-rotator-container-inner{\nfont-size:46px;\n}\n<\/style>\n<div  class='av-rotator-container av-rotation-container-center av-1guku-692185e147d13ee8658781e8d424ab4b  avia-builder-el-1  el_before_av_hr  avia-builder-el-first  av-typewriter av-after-rotation-text-active' data-interval='3' data-animation='typewriter'><h3 class='av-rotator-container-inner'>NTDC es un <span class='av-rotator-text av-rotator-multiline-off'>\n<span class='av-rotator-text-single av-1el6a-d019fbf9b6942d42cda01c45e5246f13 av-rotator-text-single-1' >gratis<\/span>\n<span class='av-rotator-text-single av-4tyu-8795b5a20b575ffda027a444b041df01 av-rotator-text-single-2' >trauma-informed<\/span>\n<span class='av-rotator-text-single av-19cq4-df1a0d6bd4d6393b4c679fff557a1dc3 av-rotator-text-single-3' >culturalmente relevante<\/span>\n<\/span>plan de estudios. <br \/> Ya est\u00e1 disponible.<\/h3><\/div>\n\n<style type=\"text\/css\" data-created_by=\"avia_inline_auto\" id=\"style-css-av-17vbc-7e645bf8a17c499430121b5dc639f596\">\n#top .hr.hr-invisible.av-17vbc-7e645bf8a17c499430121b5dc639f596{\nheight:70px;\n}\n<\/style>\n<div  class='hr av-17vbc-7e645bf8a17c499430121b5dc639f596 hr-invisible  avia-builder-el-2  el_after_av_headline_rotator  avia-builder-el-last'><span class='hr-inner'><span class=\"hr-inner-style\"><\/span><\/span><\/div>\n<\/div><\/div><\/main><!-- close content main element --><\/div><\/div><\/div><div id='after_section_1'  class='main_color av_default_container_wrap container_wrap sidebar_left'  ><div class='container av-section-cont-open' ><div class='template-page content  av-content-small units'><div class='post-entry post-entry-type-page post-entry-2'><div class='entry-content-wrapper clearfix'>\n\n<style type=\"text\/css\" data-created_by=\"avia_inline_auto\" id=\"style-css-av-lb5aq8yl-ecd7ad335c5780a562b30194d71a9054\">\n.av_promobox.av-lb5aq8yl-ecd7ad335c5780a562b30194d71a9054{\ncolor:#ffffff;\nbackground:#de4e26;\nborder-color:#de4e26;\n}\n<\/style>\n<div  class='av_promobox av-lb5aq8yl-ecd7ad335c5780a562b30194d71a9054 avia-button-yes  avia-builder-el-3  el_after_av_section  el_before_av_section  avia-builder-el-no-sibling'><div class='avia-promocontent'><\/p>\n<h3><span style=\"color: #ffffff;\">Formar al formador<\/span><\/h3>\n<p><span data-olk-copy-source=\"MessageBody\">Formaci\u00f3n para formadores ya disponible: m\u00e1s informaci\u00f3n<\/span><\/p>\n<\/div><div  class='avia-button-wrap av-lb5aq8yl-ee4739d94e2aeedb5399ceb6551c59db-wrap avia-button-right'><a href='https:\/\/ntdctraining.org\/es\/formar-al-formador-2\/'  class='avia-button av-lb5aq8yl-ee4739d94e2aeedb5399ceb6551c59db av-link-btn avia-icon_select-no avia-size-large avia-position-right avia-color-theme-color-highlight'   aria-label=\"M\u00e1s informaci\u00f3n\"><span class='avia_iconbox_title' >M\u00e1s informaci\u00f3n<\/span><\/a><\/div><\/div>\n<\/div><\/div><\/div><!-- close content main div --><\/div><\/div>\n<style type=\"text\/css\" data-created_by=\"avia_inline_auto\" id=\"style-css-av-7i20-907650664e7887ac186f7facdc90f6fd\">\n.avia-section.av-7i20-907650664e7887ac186f7facdc90f6fd{\nbackground-color:#f8f8f8;\nbackground-image:unset;\n}\n<\/style>\n<div id='av_section_2'  class='avia-section av-7i20-907650664e7887ac186f7facdc90f6fd main_color avia-section-small avia-no-shadow  avia-builder-el-4  el_after_av_promobox  el_before_av_section  avia-bg-style-scroll container_wrap sidebar_left'  ><div class='container av-section-cont-open' ><div class='template-page content  av-content-small units'><div class='post-entry post-entry-type-page post-entry-2'><div class='entry-content-wrapper clearfix'>\n<div class='flex_column_table av-mfwp6lm6-56ecc54d6cdc2c897795fd101228f97d sc-av_one_half av-equal-height-column-flextable'>\n<style type=\"text\/css\" data-created_by=\"avia_inline_auto\" id=\"style-css-av-mfwp6lm6-56ecc54d6cdc2c897795fd101228f97d\">\n#top .flex_column_table.av-equal-height-column-flextable.av-mfwp6lm6-56ecc54d6cdc2c897795fd101228f97d{\nmargin-top:20px;\nmargin-bottom:0px;\n}\n.flex_column.av-mfwp6lm6-56ecc54d6cdc2c897795fd101228f97d{\nwidth:49.75%;\nmargin-left:0;\nborder-radius:0px 0px 0px 0px;\npadding:0px 0px 0px 0px;\n}\n#top .flex_column_table.av-equal-height-column-flextable.av-mfwp6lm6-56ecc54d6cdc2c897795fd101228f97d .av-flex-placeholder{\nwidth:0.5%;\n}\n<\/style>\n<div  class='flex_column av-mfwp6lm6-56ecc54d6cdc2c897795fd101228f97d av_one_half  avia-builder-el-5  el_before_av_one_half  avia-builder-el-first  first flex_column_table_cell av-equal-height-column av-align-top av-zero-column-padding'     ><p>\n<style type=\"text\/css\" data-created_by=\"avia_inline_auto\" id=\"style-css-av-mfwov6oj-79fbbe9615d7274cf7bc29a03cc32100\">\n#top .av-special-heading.av-mfwov6oj-79fbbe9615d7274cf7bc29a03cc32100{\nmargin:40px 0px 0px 0px;\npadding-bottom:10px;\n}\nbody .av-special-heading.av-mfwov6oj-79fbbe9615d7274cf7bc29a03cc32100 .av-special-heading-tag .heading-char{\nfont-size:25px;\n}\n.av-special-heading.av-mfwov6oj-79fbbe9615d7274cf7bc29a03cc32100 .av-subheading{\nfont-size:15px;\n}\n\n@media only screen and (min-width: 990px){ \n#top #wrap_all .av-special-heading.av-mfwov6oj-79fbbe9615d7274cf7bc29a03cc32100 .av-special-heading-tag{\nfont-size:34px;\n}\n}\n<\/style>\n<div  class='av-special-heading av-mfwov6oj-79fbbe9615d7274cf7bc29a03cc32100 av-special-heading-h2 blockquote modern-quote modern-centered  avia-builder-el-6  el_before_av_textblock  avia-builder-el-first'><h2 class='av-special-heading-tag'  itemprop=\"headline\"  > Una mirada al interior del NTDC<\/h2><div class=\"special-heading-border\"><div class=\"special-heading-inner-border\"><\/div><\/div><\/div><br \/>\n<section  class='av_textblock_section av-mfwp5fbp-34f43f41841b31a81624907a4ce1cf9f'   itemscope=\"itemscope\" itemtype=\"https:\/\/schema.org\/CreativeWork\" ><div class='avia_textblock'  itemprop=\"text\" ><p style=\"text-align: center;\">El Curr\u00edculo Nacional de Formaci\u00f3n y Desarrollo (NTDC) se basa en la investigaci\u00f3n y las aportaciones de expertos, familias con experiencia en la acogida o adopci\u00f3n de ni\u00f1os y antiguos j\u00f3venes en acogida y adopci\u00f3n. Escuche directamente de padres y profesionales c\u00f3mo este recurso gratuito les est\u00e1 educando y capacitando.<\/p>\n<\/div><\/section><\/p><\/div><div class='av-flex-placeholder'><\/div>\n<style type=\"text\/css\" data-created_by=\"avia_inline_auto\" id=\"style-css-av-d72-efd7c50909d4ee54d03f0046630bdeef\">\n#top .flex_column_table.av-equal-height-column-flextable.av-d72-efd7c50909d4ee54d03f0046630bdeef{\nmargin-top:20px;\nmargin-bottom:0px;\n}\n.flex_column.av-d72-efd7c50909d4ee54d03f0046630bdeef{\nwidth:49.75%;\nmargin-left:0;\n}\n#top .flex_column_table.av-equal-height-column-flextable.av-d72-efd7c50909d4ee54d03f0046630bdeef .av-flex-placeholder{\nwidth:0.5%;\n}\n<\/style>\n<div  class='flex_column av-d72-efd7c50909d4ee54d03f0046630bdeef av_one_half  avia-builder-el-8  el_after_av_one_half  el_before_av_promobox  flex_column_table_cell av-equal-height-column av-align-top'     ><div  class='avia-video av-mfwoy4px-cc3dd6d0613e400fa90d85ccd2e36954 avia-video-16-9 av-no-preview-image avia-video-load-always av-lazyload-immediate av-lazyload-video-embed'  itemprop=\"video\" itemtype=\"https:\/\/schema.org\/VideoObject\"  data-original_url='https:\/\/youtu.be\/Cq5BtJLC5w8'><script type='text\/html' class='av-video-tmpl'><div class='avia-iframe-wrap'><iframe loading=\"lazy\" title=\"NTDC Home Video\" width=\"1500\" height=\"844\" src=\"https:\/\/www.youtube.com\/embed\/Cq5BtJLC5w8?feature=oembed&autoplay=0&loop=0&controls=1&mute=0\" frameborder=\"0\" allow=\"accelerometer; autoplay; clipboard-write; encrypted-media; gyroscope; picture-in-picture; web-share\" referrerpolicy=\"strict-origin-when-cross-origin\" allowfullscreen><\/iframe><\/div><\/script><div class='av-click-to-play-overlay'><div class=\"avia_playpause_icon\"><\/div><\/div><\/div><\/div><\/div><!--close column table wrapper. Autoclose: 1 -->\n<style type=\"text\/css\" data-created_by=\"avia_inline_auto\" id=\"style-css-av-3obe-be7dd9faf516d87a3f5d1ceccef44ab3\">\n.av_promobox.av-3obe-be7dd9faf516d87a3f5d1ceccef44ab3{\ncolor:#ffffff;\nbackground:#0d3f64;\nborder-color:#0d3f64;\n}\n<\/style>\n<div  class='av_promobox av-3obe-be7dd9faf516d87a3f5d1ceccef44ab3 avia-button-yes  avia-builder-el-10  el_after_av_one_half  avia-builder-el-last'><div class='avia-promocontent'><h3 style=\"text-align: left;\"><span style=\"color: #ffffff;\">El NTDC tiene un IMPACTO positivo<\/span><\/h3>\n<p style=\"text-align: left;\">Ya est\u00e1 disponible Evaluaci\u00f3n del plan nacional de formaci\u00f3n y desarrollo<\/p>\n<\/div><div  class='avia-button-wrap av-3obe-9dfba23f218ee0bd0a28c9a1bf9bdacb-wrap avia-button-right'>\n<style type=\"text\/css\" data-created_by=\"avia_inline_auto\" id=\"style-css-av-3obe-9dfba23f218ee0bd0a28c9a1bf9bdacb\">\n#top #wrap_all .avia-button.av-3obe-9dfba23f218ee0bd0a28c9a1bf9bdacb{\nbackground-color:#449cb6;\nborder-color:#449cb6;\ncolor:#ffffff;\ntransition:all 0.4s ease-in-out;\n}\n#top #wrap_all .avia-button.av-3obe-9dfba23f218ee0bd0a28c9a1bf9bdacb .avia-svg-icon svg:first-child{\nfill:#ffffff;\nstroke:#ffffff;\n}\n<\/style>\n<a href='https:\/\/ntdctraining.org\/es\/resultados-de-la-evaluacion\/'  class='avia-button av-3obe-9dfba23f218ee0bd0a28c9a1bf9bdacb av-link-btn avia-icon_select-no avia-size-large avia-position-right'   aria-label=\"Ver la evaluaci\u00f3n\"><span class='avia_iconbox_title' >Ver la evaluaci\u00f3n<\/span><\/a><\/div><\/div>\n\n<\/div><\/div><\/div><!-- close content main div --><\/div><\/div>\n<style type=\"text\/css\" data-created_by=\"avia_inline_auto\" id=\"style-css-av-9c42-630c61b4a5ada029c9a6bcc6c4adde31\">\n.avia-section.av-9c42-630c61b4a5ada029c9a6bcc6c4adde31{\nbackground-color:#f8f8f8;\nbackground-image:unset;\n}\n<\/style>\n<div id='av_section_3'  class='avia-section av-9c42-630c61b4a5ada029c9a6bcc6c4adde31 main_color avia-section-default avia-no-shadow  avia-builder-el-11  el_after_av_section  avia-builder-el-last  avia-bg-style-scroll container_wrap sidebar_left'  ><div class='container av-section-cont-open' ><div class='template-page content  av-content-small units'><div class='post-entry post-entry-type-page post-entry-2'><div class='entry-content-wrapper clearfix'>\n\n<style type=\"text\/css\" data-created_by=\"avia_inline_auto\" id=\"style-css-av-6yfm-0843b8c24096baee71020215611ccca8\">\n.flex_column.av-6yfm-0843b8c24096baee71020215611ccca8{\nborder-radius:0px 0px 0px 0px;\npadding:0px 0px 0px 0px;\n}\n<\/style>\n<div  class='flex_column av-6yfm-0843b8c24096baee71020215611ccca8 av_one_full  avia-builder-el-12  avia-builder-el-no-sibling  first flex_column_div av-zero-column-padding'     ><p>\n<style type=\"text\/css\" data-created_by=\"avia_inline_auto\" id=\"style-css-av-iwm-1067a8850705b6d31b3d1542517a4886\">\n#top .av-special-heading.av-iwm-1067a8850705b6d31b3d1542517a4886{\npadding-bottom:10px;\n}\nbody .av-special-heading.av-iwm-1067a8850705b6d31b3d1542517a4886 .av-special-heading-tag .heading-char{\nfont-size:25px;\n}\n.av-special-heading.av-iwm-1067a8850705b6d31b3d1542517a4886 .av-subheading{\nfont-size:15px;\n}\n<\/style>\n<div  class='av-special-heading av-iwm-1067a8850705b6d31b3d1542517a4886 av-special-heading-h2 blockquote modern-quote modern-centered  avia-builder-el-13  el_before_av_textblock  avia-builder-el-first'><h2 class='av-special-heading-tag'  itemprop=\"headline\"  >A qui\u00e9n sirve este sitio web<\/h2><div class=\"special-heading-border\"><div class=\"special-heading-inner-border\"><\/div><\/div><\/div><br \/>\n<section  class='av_textblock_section av-3boo-9a268b3f95fef1b35d565519e8b2a9f1'   itemscope=\"itemscope\" itemtype=\"https:\/\/schema.org\/CreativeWork\" ><div class='avia_textblock'  itemprop=\"text\" ><p style=\"text-align: center;\">Este sitio web est\u00e1 dirigido al personal de las agencias de bienestar infantil y de adopci\u00f3n nacional privada e internacional y a los formadores de padres que est\u00e9n considerando la posibilidad de utilizar o est\u00e9n utilizando actualmente el NTDC, as\u00ed como a las familias que busquen formaci\u00f3n o recursos adicionales, a menudo recomendados o exigidos por su agencia de autorizaci\u00f3n.<\/p>\n<\/div><\/section><\/p><\/div>\n<\/div><\/div><\/div><!-- close content main div --><\/div><\/div><div id='after_section_3'  class='main_color av_default_container_wrap container_wrap sidebar_left'  ><div class='container av-section-cont-open' ><div class='template-page content  av-content-small units'><div class='post-entry post-entry-type-page post-entry-2'><div class='entry-content-wrapper clearfix'>","protected":false},"excerpt":{"rendered":"","protected":false},"author":1,"featured_media":3175,"parent":0,"menu_order":0,"comment_status":"closed","ping_status":"open","template":"","meta":{"_acf_changed":false,"footnotes":""},"class_list":["post-2","page","type-page","status-publish","has-post-thumbnail","hentry"],"acf":[],"yoast_head":"<!-- This site is optimized with the Yoast SEO plugin v27.5 - https:\/\/yoast.com\/product\/yoast-seo-wordpress\/ -->\n<title>National Training and Development Curriculum<\/title>\n<meta name=\"description\" content=\"The comprehensive no-cost curriculum that tackles separation, loss, grief, trauma, and differences of race and culture in adoption and foster care\" \/>\n<meta name=\"robots\" content=\"index, follow, max-snippet:-1, max-image-preview:large, max-video-preview:-1\" \/>\n<link rel=\"canonical\" href=\"https:\/\/ntdctraining.org\/es\/\" \/>\n<meta property=\"og:locale\" content=\"es_ES\" \/>\n<meta property=\"og:type\" content=\"article\" \/>\n<meta property=\"og:title\" content=\"National Training and Development Curriculum\" \/>\n<meta property=\"og:description\" content=\"The comprehensive no-cost curriculum that tackles separation, loss, grief, trauma, and differences of race and culture in adoption and foster care\" \/>\n<meta property=\"og:url\" content=\"https:\/\/ntdctraining.org\/es\/\" \/>\n<meta property=\"og:site_name\" content=\"National Training and Development Curriculum\" \/>\n<meta property=\"article:modified_time\" content=\"2025-11-26T20:06:42+00:00\" \/>\n<meta property=\"og:image\" content=\"https:\/\/ntdctraining.org\/wp-content\/uploads\/2022\/07\/NTDC-Logo-Small.jpg\" \/>\n\t<meta property=\"og:image:width\" content=\"447\" \/>\n\t<meta property=\"og:image:height\" content=\"200\" \/>\n\t<meta property=\"og:image:type\" content=\"image\/jpeg\" \/>\n<meta name=\"twitter:card\" content=\"summary_large_image\" \/>\n<meta name=\"twitter:label1\" content=\"Tiempo de lectura\" \/>\n\t<meta name=\"twitter:data1\" content=\"1 minuto\" \/>\n<script type=\"application\/ld+json\" class=\"yoast-schema-graph\">{\"@context\":\"https:\\\/\\\/schema.org\",\"@graph\":[{\"@type\":\"WebPage\",\"@id\":\"https:\\\/\\\/ntdctraining.org\\\/\",\"url\":\"https:\\\/\\\/ntdctraining.org\\\/\",\"name\":\"National Training and Development Curriculum\",\"isPartOf\":{\"@id\":\"https:\\\/\\\/ntdctraining.org\\\/#website\"},\"primaryImageOfPage\":{\"@id\":\"https:\\\/\\\/ntdctraining.org\\\/#primaryimage\"},\"image\":{\"@id\":\"https:\\\/\\\/ntdctraining.org\\\/#primaryimage\"},\"thumbnailUrl\":\"https:\\\/\\\/ntdctraining.org\\\/wp-content\\\/uploads\\\/2022\\\/07\\\/NTDC-Logo-Small.jpg\",\"datePublished\":\"2020-06-02T15:12:43+00:00\",\"dateModified\":\"2025-11-26T20:06:42+00:00\",\"description\":\"The comprehensive no-cost curriculum that tackles separation, loss, grief, trauma, and differences of race and culture in adoption and foster care\",\"breadcrumb\":{\"@id\":\"https:\\\/\\\/ntdctraining.org\\\/#breadcrumb\"},\"inLanguage\":\"es\",\"potentialAction\":[{\"@type\":\"ReadAction\",\"target\":[\"https:\\\/\\\/ntdctraining.org\\\/\"]}]},{\"@type\":\"ImageObject\",\"inLanguage\":\"es\",\"@id\":\"https:\\\/\\\/ntdctraining.org\\\/#primaryimage\",\"url\":\"https:\\\/\\\/ntdctraining.org\\\/wp-content\\\/uploads\\\/2022\\\/07\\\/NTDC-Logo-Small.jpg\",\"contentUrl\":\"https:\\\/\\\/ntdctraining.org\\\/wp-content\\\/uploads\\\/2022\\\/07\\\/NTDC-Logo-Small.jpg\",\"width\":447,\"height\":200},{\"@type\":\"BreadcrumbList\",\"@id\":\"https:\\\/\\\/ntdctraining.org\\\/#breadcrumb\",\"itemListElement\":[{\"@type\":\"ListItem\",\"position\":1,\"name\":\"Home\",\"item\":\"https:\\\/\\\/ntdctraining.org\\\/\"},{\"@type\":\"ListItem\",\"position\":2,\"name\":\"Home\"}]},{\"@type\":\"WebSite\",\"@id\":\"https:\\\/\\\/ntdctraining.org\\\/#website\",\"url\":\"https:\\\/\\\/ntdctraining.org\\\/\",\"name\":\"National Training and Development Curriculum\",\"description\":\"A State-of-the-Art Training Program for Foster and Adoptive Parents\",\"potentialAction\":[{\"@type\":\"SearchAction\",\"target\":{\"@type\":\"EntryPoint\",\"urlTemplate\":\"https:\\\/\\\/ntdctraining.org\\\/?s={search_term_string}\"},\"query-input\":{\"@type\":\"PropertyValueSpecification\",\"valueRequired\":true,\"valueName\":\"search_term_string\"}}],\"inLanguage\":\"es\"}]}<\/script>\n<!-- \/ Yoast SEO plugin. -->","yoast_head_json":{"title":"Programa nacional de formaci\u00f3n y desarrollo","description":"El completo plan de estudios gratuito que aborda la separaci\u00f3n, la p\u00e9rdida, el duelo, el trauma y las diferencias de raza y cultura en la adopci\u00f3n y la acogida.","robots":{"index":"index","follow":"follow","max-snippet":"max-snippet:-1","max-image-preview":"max-image-preview:large","max-video-preview":"max-video-preview:-1"},"canonical":"https:\/\/ntdctraining.org\/es\/","og_locale":"es_ES","og_type":"article","og_title":"National Training and Development Curriculum","og_description":"The comprehensive no-cost curriculum that tackles separation, loss, grief, trauma, and differences of race and culture in adoption and foster care","og_url":"https:\/\/ntdctraining.org\/es\/","og_site_name":"National Training and Development Curriculum","article_modified_time":"2025-11-26T20:06:42+00:00","og_image":[{"width":447,"height":200,"url":"https:\/\/ntdctraining.org\/wp-content\/uploads\/2022\/07\/NTDC-Logo-Small.jpg","type":"image\/jpeg"}],"twitter_card":"summary_large_image","twitter_misc":{"Tiempo de lectura":"1 minuto"},"schema":{"@context":"https:\/\/schema.org","@graph":[{"@type":"WebPage","@id":"https:\/\/ntdctraining.org\/","url":"https:\/\/ntdctraining.org\/","name":"Programa nacional de formaci\u00f3n y desarrollo","isPartOf":{"@id":"https:\/\/ntdctraining.org\/#website"},"primaryImageOfPage":{"@id":"https:\/\/ntdctraining.org\/#primaryimage"},"image":{"@id":"https:\/\/ntdctraining.org\/#primaryimage"},"thumbnailUrl":"https:\/\/ntdctraining.org\/wp-content\/uploads\/2022\/07\/NTDC-Logo-Small.jpg","datePublished":"2020-06-02T15:12:43+00:00","dateModified":"2025-11-26T20:06:42+00:00","description":"El completo plan de estudios gratuito que aborda la separaci\u00f3n, la p\u00e9rdida, el duelo, el trauma y las diferencias de raza y cultura en la adopci\u00f3n y la acogida.","breadcrumb":{"@id":"https:\/\/ntdctraining.org\/#breadcrumb"},"inLanguage":"es","potentialAction":[{"@type":"ReadAction","target":["https:\/\/ntdctraining.org\/"]}]},{"@type":"ImageObject","inLanguage":"es","@id":"https:\/\/ntdctraining.org\/#primaryimage","url":"https:\/\/ntdctraining.org\/wp-content\/uploads\/2022\/07\/NTDC-Logo-Small.jpg","contentUrl":"https:\/\/ntdctraining.org\/wp-content\/uploads\/2022\/07\/NTDC-Logo-Small.jpg","width":447,"height":200},{"@type":"BreadcrumbList","@id":"https:\/\/ntdctraining.org\/#breadcrumb","itemListElement":[{"@type":"ListItem","position":1,"name":"Home","item":"https:\/\/ntdctraining.org\/"},{"@type":"ListItem","position":2,"name":"Home"}]},{"@type":"WebSite","@id":"https:\/\/ntdctraining.org\/#website","url":"https:\/\/ntdctraining.org\/","name":"Programa nacional de formaci\u00f3n y desarrollo","description":"Un programa de formaci\u00f3n de vanguardia para padres de acogida y adoptivos","potentialAction":[{"@type":"SearchAction","target":{"@type":"EntryPoint","urlTemplate":"https:\/\/ntdctraining.org\/?s={search_term_string}"},"query-input":{"@type":"PropertyValueSpecification","valueRequired":true,"valueName":"search_term_string"}}],"inLanguage":"es"}]}},"_links":{"self":[{"href":"https:\/\/ntdctraining.org\/es\/wp-json\/wp\/v2\/pages\/2","targetHints":{"allow":["GET"]}}],"collection":[{"href":"https:\/\/ntdctraining.org\/es\/wp-json\/wp\/v2\/pages"}],"about":[{"href":"https:\/\/ntdctraining.org\/es\/wp-json\/wp\/v2\/types\/page"}],"author":[{"embeddable":true,"href":"https:\/\/ntdctraining.org\/es\/wp-json\/wp\/v2\/users\/1"}],"replies":[{"embeddable":true,"href":"https:\/\/ntdctraining.org\/es\/wp-json\/wp\/v2\/comments?post=2"}],"version-history":[{"count":0,"href":"https:\/\/ntdctraining.org\/es\/wp-json\/wp\/v2\/pages\/2\/revisions"}],"wp:featuredmedia":[{"embeddable":true,"href":"https:\/\/ntdctraining.org\/es\/wp-json\/wp\/v2\/media\/3175"}],"wp:attachment":[{"href":"https:\/\/ntdctraining.org\/es\/wp-json\/wp\/v2\/media?parent=2"}],"curies":[{"name":"wp","href":"https:\/\/api.w.org\/{rel}","templated":true}]}}