{"id":189,"date":"2020-06-05T15:14:18","date_gmt":"2020-06-05T19:14:18","guid":{"rendered":"http:\/\/ntdctraining.org\/2020wp\/?page_id=189"},"modified":"2024-12-04T16:51:14","modified_gmt":"2024-12-04T21:51:14","slug":"key-messages","status":"publish","type":"page","link":"https:\/\/ntdctraining.org\/es\/acerca-de\/mensajes-clave\/","title":{"rendered":"Mensajes clave"},"content":{"rendered":"<div id='full_slider_1'  class='avia-fullwidth-slider main_color avia-shadow   avia-builder-el-0  el_before_av_layout_row  avia-builder-el-first   container_wrap sidebar_left'  ><div  class='avia-slideshow av-kbgijef4-2c90fcb5ece6f3f2ab5fbdebc6c78784 avia-slideshow-featured av_slideshow_full avia-fade-slider av-slideshow-ui av-control-hidden av-no-slider-navigation av-hide-nav-arrows av-slideshow-manual av-loop-once av-loop-manual-endless av-default-height-applied   avia-slideshow-1' data-slideshow-options=\"{&quot;animation&quot;:&quot;fade&quot;,&quot;autoplay&quot;:false,&quot;loop_autoplay&quot;:&quot;once&quot;,&quot;interval&quot;:5,&quot;loop_manual&quot;:&quot;manual-endless&quot;,&quot;autoplay_stopper&quot;:false,&quot;noNavigation&quot;:true,&quot;bg_slider&quot;:false,&quot;keep_padding&quot;:false,&quot;hoverpause&quot;:false,&quot;show_slide_delay&quot;:0}\"  itemprop=\"image\" itemscope=\"itemscope\" itemtype=\"https:\/\/schema.org\/ImageObject\" ><ul class='avia-slideshow-inner' style='padding-bottom: 28.6666666667%;'><li  class='avia-slideshow-slide av-kbgijef4-2c90fcb5ece6f3f2ab5fbdebc6c78784__0  av-single-slide slide-1 slide-odd'><div data-rel='slideshow-1' class='avia-slide-wrap'   ><div class='av-slideshow-caption av-kbgijef4-2c90fcb5ece6f3f2ab5fbdebc6c78784__0 caption_fullwidth caption_left caption_left_framed caption_framed'><div class=\"container caption_container\"><div class=\"slideshow_caption\"><div class=\"slideshow_inner_caption\"><div class=\"slideshow_align_caption\"><h1 class='avia-caption-title'  itemprop=\"name\" >Mensajes clave<\/h1><\/div><\/div><\/div><\/div><\/div><img decoding=\"async\" fetchpriority=\"high\" class=\"wp-image-127 avia-img-lazy-loading-not-127\"  src=\"https:\/\/ntdctraining.org\/wp-content\/uploads\/2020\/06\/Father-and-Dauther-1500x430.jpg\" width=\"1500\" height=\"430\" title='Padre y Dauther' alt='Padre y Dauther'  itemprop=\"thumbnailUrl\"   \/><\/div><\/li><\/ul><\/div><\/div>\n<div id='av-layout-grid-1'  class='av-layout-grid-container av-oys8-7aefcb575f8ca737fe86058931e62e50 entry-content-wrapper main_color av-fixed-cells  avia-builder-el-1  el_after_av_slideshow_full  el_before_av_one_full  grid-row-not-first  container_wrap sidebar_left'  >\n\n<style type=\"text\/css\" data-created_by=\"avia_inline_auto\" id=\"style-css-av-kbgulmw7-dca70123bfc3ce3dae234a9cbf3e7219\">\n.flex_cell.av-kbgulmw7-dca70123bfc3ce3dae234a9cbf3e7219{\nvertical-align:middle;\nbackground-color:#0d3f64;\n}\n.responsive #top #wrap_all .flex_cell.av-kbgulmw7-dca70123bfc3ce3dae234a9cbf3e7219{\npadding:10px 10px 10px 10px !important;\n}\n<\/style>\n<div class='flex_cell av-kbgulmw7-dca70123bfc3ce3dae234a9cbf3e7219 av-gridrow-cell av_one_fourth no_margin  avia-builder-el-2  el_before_av_cell_one_fourth  avia-builder-el-first  content-align-middle'  ><div class='flex_cell_inner'><\/div><\/div>\n<style type=\"text\/css\" data-created_by=\"avia_inline_auto\" id=\"style-css-av-kbgulzob-1427702b98ca5f1fd6fc5ec2cf650738\">\n.flex_cell.av-kbgulzob-1427702b98ca5f1fd6fc5ec2cf650738{\nvertical-align:middle;\nbackground-color:#94d6e0;\n}\n.responsive #top #wrap_all .flex_cell.av-kbgulzob-1427702b98ca5f1fd6fc5ec2cf650738{\npadding:10px 10px 10px 10px !important;\n}\n<\/style>\n<div class='flex_cell av-kbgulzob-1427702b98ca5f1fd6fc5ec2cf650738 av-gridrow-cell av_one_fourth no_margin  avia-builder-el-3  el_after_av_cell_one_fourth  el_before_av_cell_one_fourth  content-align-middle'  ><div class='flex_cell_inner'><\/div><\/div>\n<style type=\"text\/css\" data-created_by=\"avia_inline_auto\" id=\"style-css-av-kbgumawb-9e13596a3d2e63de723952bbb8d5c8a5\">\n.flex_cell.av-kbgumawb-9e13596a3d2e63de723952bbb8d5c8a5{\nvertical-align:middle;\nbackground-color:#e9e1e0;\n}\n.responsive #top #wrap_all .flex_cell.av-kbgumawb-9e13596a3d2e63de723952bbb8d5c8a5{\npadding:10px 10px 10px 10px !important;\n}\n<\/style>\n<div class='flex_cell av-kbgumawb-9e13596a3d2e63de723952bbb8d5c8a5 av-gridrow-cell av_one_fourth no_margin  avia-builder-el-4  el_after_av_cell_one_fourth  el_before_av_cell_one_fourth  content-align-middle'  ><div class='flex_cell_inner'><\/div><\/div>\n<style type=\"text\/css\" data-created_by=\"avia_inline_auto\" id=\"style-css-av-kbgumjy4-2d76acf0a62fe9b4bbe938746fc83fc2\">\n.flex_cell.av-kbgumjy4-2d76acf0a62fe9b4bbe938746fc83fc2{\nvertical-align:middle;\nbackground-color:#de4f26;\n}\n.responsive #top #wrap_all .flex_cell.av-kbgumjy4-2d76acf0a62fe9b4bbe938746fc83fc2{\npadding:10px 10px 10px 10px !important;\n}\n<\/style>\n<div class='flex_cell av-kbgumjy4-2d76acf0a62fe9b4bbe938746fc83fc2 av-gridrow-cell av_one_fourth no_margin  avia-builder-el-5  el_after_av_cell_one_fourth  avia-builder-el-last  content-align-middle'  ><div class='flex_cell_inner'><\/div><\/div>\n<\/div><div id='after_grid_row_1'  class='main_color av_default_container_wrap container_wrap sidebar_left'  ><div class='container av-section-cont-open' ><div class='template-page content  av-content-small units'><div class='post-entry post-entry-type-page post-entry-189'><div class='entry-content-wrapper clearfix'>\n\n<style type=\"text\/css\" data-created_by=\"avia_inline_auto\" id=\"style-css-av-tl7d9-497232fe34f4ad3b11f3f74cc358d97d\">\n.flex_column.av-tl7d9-497232fe34f4ad3b11f3f74cc358d97d{\nborder-radius:0px 0px 0px 0px;\npadding:0px 0px 0px 0px;\n}\n<\/style>\n<div  class='flex_column av-tl7d9-497232fe34f4ad3b11f3f74cc358d97d av_one_full  avia-builder-el-6  el_after_av_layout_row  el_before_av_one_full  avia-builder-el-first  first flex_column_div av-zero-column-padding'     ><p>\n<style type=\"text\/css\" data-created_by=\"avia_inline_auto\" id=\"style-css-av-aym5x-06a42d5f0cbf4f855c394a67a24f8a5f\">\n#top .av-special-heading.av-aym5x-06a42d5f0cbf4f855c394a67a24f8a5f{\npadding-bottom:10px;\n}\nbody .av-special-heading.av-aym5x-06a42d5f0cbf4f855c394a67a24f8a5f .av-special-heading-tag .heading-char{\nfont-size:25px;\n}\n.av-special-heading.av-aym5x-06a42d5f0cbf4f855c394a67a24f8a5f .av-subheading{\nfont-size:15px;\n}\n<\/style>\n<div  class='av-special-heading av-aym5x-06a42d5f0cbf4f855c394a67a24f8a5f av-special-heading-h2 blockquote modern-quote  avia-builder-el-7  el_before_av_textblock  avia-builder-el-first'><h2 class='av-special-heading-tag'  itemprop=\"headline\"  >Mensajes clave del NTDC<\/h2><div class=\"special-heading-border\"><div class=\"special-heading-inner-border\"><\/div><\/div><\/div><br \/>\n<section  class='av_textblock_section av-l4px498a-726506f92e03bfcb9174c9419f9f2c86'   itemscope=\"itemscope\" itemtype=\"https:\/\/schema.org\/CreativeWork\" ><div class='avia_textblock'  itemprop=\"text\" ><p>NTDC, el completo plan de estudios gratuito que aborda la separaci\u00f3n, la p\u00e9rdida, el duelo y el trauma en la adopci\u00f3n y la acogida. Este recurso de vanguardia ofrece a los padres adoptivos, de familia extensa y de acogida una formaci\u00f3n flexible que les capacita a lo largo del tiempo y en el momento oportuno. Estos son los \"mensajes clave\" que distinguen al NTDC. Eche un vistazo a algunos ejemplos del plan de estudios y escuche lo que dicen las familias.<\/p>\n<\/div><\/section><\/p><\/div><div  class='flex_column av-9me1x-5e009b51b87bdcc50d717f63f6648907 av_one_full  avia-builder-el-9  el_after_av_one_full  avia-builder-el-last  first flex_column_div  column-top-margin'     ><style type=\"text\/css\" data-created_by=\"avia_inline_auto\" id=\"style-css-av-l4oouxwc-d74b12c56be8eb5b619a50ff339d1e48\">\n#top .avia-gallery.av-l4oouxwc-d74b12c56be8eb5b619a50ff339d1e48 .avia-gallery-thumb a{\nwidth:33.3333%;\n}\n<\/style>\n<div  class='avia-gallery av-l4oouxwc-d74b12c56be8eb5b619a50ff339d1e48 avia_animate_when_visible  avia-builder-el-10  avia-builder-el-no-sibling  deactivate_avia_lazyload avia-gallery-animate avia-gallery-1'  itemprop=\"image\" itemscope=\"itemscope\" itemtype=\"https:\/\/schema.org\/ImageObject\" ><meta itemprop=\"contentURL\" content=\"https:\/\/ntdctraining.org\/es\/acerca-de\/mensajes-clave\/\"><div class='avia-gallery-thumb'><a href=\"https:\/\/ntdctraining.org\/es\/acerca-de\/mensajes-clave\/ampliar-el-paradigma-de-la-paternidad\/\" data-srcset=\"https:\/\/ntdctraining.org\/wp-content\/uploads\/2022\/06\/NTDC-1-Expands-Parenting-Paradigm-btn.jpg 768w, https:\/\/ntdctraining.org\/wp-content\/uploads\/2022\/06\/NTDC-1-Expands-Parenting-Paradigm-btn-300x300.jpg 300w, https:\/\/ntdctraining.org\/wp-content\/uploads\/2022\/06\/NTDC-1-Expands-Parenting-Paradigm-btn-80x80.jpg 80w, https:\/\/ntdctraining.org\/wp-content\/uploads\/2022\/06\/NTDC-1-Expands-Parenting-Paradigm-btn-36x36.jpg 36w, https:\/\/ntdctraining.org\/wp-content\/uploads\/2022\/06\/NTDC-1-Expands-Parenting-Paradigm-btn-180x180.jpg 180w, https:\/\/ntdctraining.org\/wp-content\/uploads\/2022\/06\/NTDC-1-Expands-Parenting-Paradigm-btn-705x705.jpg 705w\" data-sizes=\"(max-width: 768px) 100vw, 768px\" data-rel='gallery-1' data-prev-img='https:\/\/ntdctraining.org\/wp-content\/uploads\/2022\/06\/NTDC-1-Expands-Parenting-Paradigm-btn-495x400.jpg' class='first_thumb custom_link' data-onclick='1' title='NTDC-1-Expands-Parenting-Paradigm-btn'  itemprop=\"thumbnailUrl\"  ><img decoding=\"async\" fetchpriority=\"high\" class=\"wp-image-2983 avia-img-lazy-loading-not-2983\"   src=\"https:\/\/ntdctraining.org\/wp-content\/uploads\/2022\/06\/NTDC-1-Expands-Parenting-Paradigm-btn.jpg\" width=\"768\" height=\"768\"  title='NTDC-1-Expands-Parenting-Paradigm-btn' alt='' srcset=\"https:\/\/ntdctraining.org\/wp-content\/uploads\/2022\/06\/NTDC-1-Expands-Parenting-Paradigm-btn.jpg 768w, https:\/\/ntdctraining.org\/wp-content\/uploads\/2022\/06\/NTDC-1-Expands-Parenting-Paradigm-btn-300x300.jpg 300w, https:\/\/ntdctraining.org\/wp-content\/uploads\/2022\/06\/NTDC-1-Expands-Parenting-Paradigm-btn-80x80.jpg 80w, https:\/\/ntdctraining.org\/wp-content\/uploads\/2022\/06\/NTDC-1-Expands-Parenting-Paradigm-btn-36x36.jpg 36w, https:\/\/ntdctraining.org\/wp-content\/uploads\/2022\/06\/NTDC-1-Expands-Parenting-Paradigm-btn-180x180.jpg 180w, https:\/\/ntdctraining.org\/wp-content\/uploads\/2022\/06\/NTDC-1-Expands-Parenting-Paradigm-btn-705x705.jpg 705w\" sizes=\"(max-width: 768px) 100vw, 768px\" \/><div class='big-prev-fake'><img decoding=\"async\" loading=\"lazy\" class=\"wp-image-2983 avia-img-lazy-loading-2983\"  width=\"495\" height=\"400\" src=\"https:\/\/ntdctraining.org\/wp-content\/uploads\/2022\/06\/NTDC-1-Expands-Parenting-Paradigm-btn-495x400.jpg\" title='NTDC-1-Expands-Parenting-Paradigm-btn' alt='' \/><\/div><\/a><a href=\"https:\/\/ntdctraining.org\/es\/acerca-de\/mensajes-clave\/para-las-familias\/\" data-srcset=\"https:\/\/ntdctraining.org\/wp-content\/uploads\/2022\/06\/NTDC-2-Relatable-for-Families-btn.jpg 768w, https:\/\/ntdctraining.org\/wp-content\/uploads\/2022\/06\/NTDC-2-Relatable-for-Families-btn-300x300.jpg 300w, https:\/\/ntdctraining.org\/wp-content\/uploads\/2022\/06\/NTDC-2-Relatable-for-Families-btn-80x80.jpg 80w, https:\/\/ntdctraining.org\/wp-content\/uploads\/2022\/06\/NTDC-2-Relatable-for-Families-btn-36x36.jpg 36w, https:\/\/ntdctraining.org\/wp-content\/uploads\/2022\/06\/NTDC-2-Relatable-for-Families-btn-180x180.jpg 180w, https:\/\/ntdctraining.org\/wp-content\/uploads\/2022\/06\/NTDC-2-Relatable-for-Families-btn-705x705.jpg 705w\" data-sizes=\"(max-width: 768px) 100vw, 768px\" data-rel='gallery-1' data-prev-img='https:\/\/ntdctraining.org\/wp-content\/uploads\/2022\/06\/NTDC-2-Relatable-for-Families-btn-495x400.jpg' class='custom_link' data-onclick='2' title='NTDC-2-Relatable para familias-btn'  itemprop=\"thumbnailUrl\"  ><img decoding=\"async\" fetchpriority=\"high\" class=\"wp-image-2984 avia-img-lazy-loading-not-2984\"   src=\"https:\/\/ntdctraining.org\/wp-content\/uploads\/2022\/06\/NTDC-2-Relatable-for-Families-btn.jpg\" width=\"768\" height=\"768\"  title='NTDC-2-Relatable para familias-btn' alt='' srcset=\"https:\/\/ntdctraining.org\/wp-content\/uploads\/2022\/06\/NTDC-2-Relatable-for-Families-btn.jpg 768w, https:\/\/ntdctraining.org\/wp-content\/uploads\/2022\/06\/NTDC-2-Relatable-for-Families-btn-300x300.jpg 300w, https:\/\/ntdctraining.org\/wp-content\/uploads\/2022\/06\/NTDC-2-Relatable-for-Families-btn-80x80.jpg 80w, https:\/\/ntdctraining.org\/wp-content\/uploads\/2022\/06\/NTDC-2-Relatable-for-Families-btn-36x36.jpg 36w, https:\/\/ntdctraining.org\/wp-content\/uploads\/2022\/06\/NTDC-2-Relatable-for-Families-btn-180x180.jpg 180w, https:\/\/ntdctraining.org\/wp-content\/uploads\/2022\/06\/NTDC-2-Relatable-for-Families-btn-705x705.jpg 705w\" sizes=\"(max-width: 768px) 100vw, 768px\" \/><div class='big-prev-fake'><img decoding=\"async\" loading=\"lazy\" class=\"wp-image-2984 avia-img-lazy-loading-2984\"  width=\"495\" height=\"400\" src=\"https:\/\/ntdctraining.org\/wp-content\/uploads\/2022\/06\/NTDC-2-Relatable-for-Families-btn-495x400.jpg\" title='NTDC-2-Relatable para familias-btn' alt='' \/><\/div><\/a><a href=\"https:\/\/ntdctraining.org\/es\/acerca-de\/mensajes-clave\/informado-sobre-traumas\/\" data-srcset=\"https:\/\/ntdctraining.org\/wp-content\/uploads\/2022\/06\/NTDC-3-Trauma-Informed-btn.jpg 768w, https:\/\/ntdctraining.org\/wp-content\/uploads\/2022\/06\/NTDC-3-Trauma-Informed-btn-300x300.jpg 300w, https:\/\/ntdctraining.org\/wp-content\/uploads\/2022\/06\/NTDC-3-Trauma-Informed-btn-80x80.jpg 80w, https:\/\/ntdctraining.org\/wp-content\/uploads\/2022\/06\/NTDC-3-Trauma-Informed-btn-36x36.jpg 36w, https:\/\/ntdctraining.org\/wp-content\/uploads\/2022\/06\/NTDC-3-Trauma-Informed-btn-180x180.jpg 180w, https:\/\/ntdctraining.org\/wp-content\/uploads\/2022\/06\/NTDC-3-Trauma-Informed-btn-705x705.jpg 705w\" data-sizes=\"(max-width: 768px) 100vw, 768px\" data-rel='gallery-1' data-prev-img='https:\/\/ntdctraining.org\/wp-content\/uploads\/2022\/06\/NTDC-3-Trauma-Informed-btn-495x400.jpg' class='custom_link' data-onclick='3' title='NTDC-3-Trauma-Informed-btn'  itemprop=\"thumbnailUrl\"  ><img decoding=\"async\" fetchpriority=\"high\" class=\"wp-image-2985 avia-img-lazy-loading-not-2985\"   src=\"https:\/\/ntdctraining.org\/wp-content\/uploads\/2022\/06\/NTDC-3-Trauma-Informed-btn.jpg\" width=\"768\" height=\"768\"  title='NTDC-3-Trauma-Informed-btn' alt='' srcset=\"https:\/\/ntdctraining.org\/wp-content\/uploads\/2022\/06\/NTDC-3-Trauma-Informed-btn.jpg 768w, https:\/\/ntdctraining.org\/wp-content\/uploads\/2022\/06\/NTDC-3-Trauma-Informed-btn-300x300.jpg 300w, https:\/\/ntdctraining.org\/wp-content\/uploads\/2022\/06\/NTDC-3-Trauma-Informed-btn-80x80.jpg 80w, https:\/\/ntdctraining.org\/wp-content\/uploads\/2022\/06\/NTDC-3-Trauma-Informed-btn-36x36.jpg 36w, https:\/\/ntdctraining.org\/wp-content\/uploads\/2022\/06\/NTDC-3-Trauma-Informed-btn-180x180.jpg 180w, https:\/\/ntdctraining.org\/wp-content\/uploads\/2022\/06\/NTDC-3-Trauma-Informed-btn-705x705.jpg 705w\" sizes=\"(max-width: 768px) 100vw, 768px\" \/><div class='big-prev-fake'><img decoding=\"async\" loading=\"lazy\" class=\"wp-image-2985 avia-img-lazy-loading-2985\"  width=\"495\" height=\"400\" src=\"https:\/\/ntdctraining.org\/wp-content\/uploads\/2022\/06\/NTDC-3-Trauma-Informed-btn-495x400.jpg\" title='NTDC-3-Trauma-Informed-btn' alt='' \/><\/div><\/a><a href=\"https:\/\/ntdctraining.org\/es\/acerca-de\/mensajes-clave\/actual-moderno\/\" data-srcset=\"https:\/\/ntdctraining.org\/wp-content\/uploads\/2022\/06\/NTDC-4-Current-Modern-btn.jpg 768w, https:\/\/ntdctraining.org\/wp-content\/uploads\/2022\/06\/NTDC-4-Current-Modern-btn-300x300.jpg 300w, https:\/\/ntdctraining.org\/wp-content\/uploads\/2022\/06\/NTDC-4-Current-Modern-btn-80x80.jpg 80w, https:\/\/ntdctraining.org\/wp-content\/uploads\/2022\/06\/NTDC-4-Current-Modern-btn-36x36.jpg 36w, https:\/\/ntdctraining.org\/wp-content\/uploads\/2022\/06\/NTDC-4-Current-Modern-btn-180x180.jpg 180w, https:\/\/ntdctraining.org\/wp-content\/uploads\/2022\/06\/NTDC-4-Current-Modern-btn-705x705.jpg 705w\" data-sizes=\"(max-width: 768px) 100vw, 768px\" data-rel='gallery-1' data-prev-img='https:\/\/ntdctraining.org\/wp-content\/uploads\/2022\/06\/NTDC-4-Current-Modern-btn-495x400.jpg' class='first_thumb custom_link' data-onclick='4' title='NTDC-4-Current-Modern-btn'  itemprop=\"thumbnailUrl\"  ><img decoding=\"async\" fetchpriority=\"high\" class=\"wp-image-2986 avia-img-lazy-loading-not-2986\"   src=\"https:\/\/ntdctraining.org\/wp-content\/uploads\/2022\/06\/NTDC-4-Current-Modern-btn.jpg\" width=\"768\" height=\"768\"  title='NTDC-4-Current-Modern-btn' alt='' srcset=\"https:\/\/ntdctraining.org\/wp-content\/uploads\/2022\/06\/NTDC-4-Current-Modern-btn.jpg 768w, https:\/\/ntdctraining.org\/wp-content\/uploads\/2022\/06\/NTDC-4-Current-Modern-btn-300x300.jpg 300w, https:\/\/ntdctraining.org\/wp-content\/uploads\/2022\/06\/NTDC-4-Current-Modern-btn-80x80.jpg 80w, https:\/\/ntdctraining.org\/wp-content\/uploads\/2022\/06\/NTDC-4-Current-Modern-btn-36x36.jpg 36w, https:\/\/ntdctraining.org\/wp-content\/uploads\/2022\/06\/NTDC-4-Current-Modern-btn-180x180.jpg 180w, https:\/\/ntdctraining.org\/wp-content\/uploads\/2022\/06\/NTDC-4-Current-Modern-btn-705x705.jpg 705w\" sizes=\"(max-width: 768px) 100vw, 768px\" \/><div class='big-prev-fake'><img decoding=\"async\" loading=\"lazy\" class=\"wp-image-2986 avia-img-lazy-loading-2986\"  width=\"495\" height=\"400\" src=\"https:\/\/ntdctraining.org\/wp-content\/uploads\/2022\/06\/NTDC-4-Current-Modern-btn-495x400.jpg\" title='NTDC-4-Current-Modern-btn' alt='' \/><\/div><\/a><a href=\"https:\/\/ntdctraining.org\/es\/acerca-de\/mensajes-clave\/multiuso-flexible\/\" data-srcset=\"https:\/\/ntdctraining.org\/wp-content\/uploads\/2022\/06\/NTDC-6-Flexible-Multi-use-btn.jpg 768w, https:\/\/ntdctraining.org\/wp-content\/uploads\/2022\/06\/NTDC-6-Flexible-Multi-use-btn-300x300.jpg 300w, https:\/\/ntdctraining.org\/wp-content\/uploads\/2022\/06\/NTDC-6-Flexible-Multi-use-btn-80x80.jpg 80w, https:\/\/ntdctraining.org\/wp-content\/uploads\/2022\/06\/NTDC-6-Flexible-Multi-use-btn-36x36.jpg 36w, https:\/\/ntdctraining.org\/wp-content\/uploads\/2022\/06\/NTDC-6-Flexible-Multi-use-btn-180x180.jpg 180w, https:\/\/ntdctraining.org\/wp-content\/uploads\/2022\/06\/NTDC-6-Flexible-Multi-use-btn-705x705.jpg 705w\" data-sizes=\"(max-width: 768px) 100vw, 768px\" data-rel='gallery-1' data-prev-img='https:\/\/ntdctraining.org\/wp-content\/uploads\/2022\/06\/NTDC-6-Flexible-Multi-use-btn-495x400.jpg' class='custom_link' data-onclick='5' title='NTDC-6-Flexible-Multi-use-btn'  itemprop=\"thumbnailUrl\"  ><img decoding=\"async\" fetchpriority=\"high\" class=\"wp-image-2988 avia-img-lazy-loading-not-2988\"   src=\"https:\/\/ntdctraining.org\/wp-content\/uploads\/2022\/06\/NTDC-6-Flexible-Multi-use-btn.jpg\" width=\"768\" height=\"768\"  title='NTDC-6-Flexible-Multi-use-btn' alt='' srcset=\"https:\/\/ntdctraining.org\/wp-content\/uploads\/2022\/06\/NTDC-6-Flexible-Multi-use-btn.jpg 768w, https:\/\/ntdctraining.org\/wp-content\/uploads\/2022\/06\/NTDC-6-Flexible-Multi-use-btn-300x300.jpg 300w, https:\/\/ntdctraining.org\/wp-content\/uploads\/2022\/06\/NTDC-6-Flexible-Multi-use-btn-80x80.jpg 80w, https:\/\/ntdctraining.org\/wp-content\/uploads\/2022\/06\/NTDC-6-Flexible-Multi-use-btn-36x36.jpg 36w, https:\/\/ntdctraining.org\/wp-content\/uploads\/2022\/06\/NTDC-6-Flexible-Multi-use-btn-180x180.jpg 180w, https:\/\/ntdctraining.org\/wp-content\/uploads\/2022\/06\/NTDC-6-Flexible-Multi-use-btn-705x705.jpg 705w\" sizes=\"(max-width: 768px) 100vw, 768px\" \/><div class='big-prev-fake'><img decoding=\"async\" loading=\"lazy\" class=\"wp-image-2988 avia-img-lazy-loading-2988\"  width=\"495\" height=\"400\" src=\"https:\/\/ntdctraining.org\/wp-content\/uploads\/2022\/06\/NTDC-6-Flexible-Multi-use-btn-495x400.jpg\" title='NTDC-6-Flexible-Multi-use-btn' alt='' \/><\/div><\/a><\/div><\/div><\/div><\/p>","protected":false},"excerpt":{"rendered":"","protected":false},"author":1,"featured_media":0,"parent":24,"menu_order":2,"comment_status":"closed","ping_status":"closed","template":"","meta":{"_acf_changed":false,"footnotes":""},"class_list":["post-189","page","type-page","status-publish","hentry"],"acf":[],"yoast_head":"<!-- This site is optimized with the Yoast SEO plugin v27.5 - https:\/\/yoast.com\/product\/yoast-seo-wordpress\/ -->\n<title>Key Messages - National Training and Development Curriculum<\/title>\n<meta name=\"robots\" content=\"index, follow, max-snippet:-1, max-image-preview:large, max-video-preview:-1\" \/>\n<link rel=\"canonical\" href=\"https:\/\/ntdctraining.org\/es\/acerca-de\/mensajes-clave\/\" \/>\n<meta property=\"og:locale\" content=\"es_ES\" \/>\n<meta property=\"og:type\" content=\"article\" \/>\n<meta property=\"og:title\" content=\"Key Messages - National Training and Development Curriculum\" \/>\n<meta property=\"og:url\" content=\"https:\/\/ntdctraining.org\/es\/acerca-de\/mensajes-clave\/\" \/>\n<meta property=\"og:site_name\" content=\"National Training and Development Curriculum\" \/>\n<meta property=\"article:modified_time\" content=\"2024-12-04T21:51:14+00:00\" \/>\n<meta name=\"twitter:card\" content=\"summary_large_image\" \/>\n<meta name=\"twitter:label1\" content=\"Tiempo de lectura\" \/>\n\t<meta name=\"twitter:data1\" content=\"2 minutos\" \/>\n<script type=\"application\/ld+json\" class=\"yoast-schema-graph\">{\"@context\":\"https:\\\/\\\/schema.org\",\"@graph\":[{\"@type\":\"WebPage\",\"@id\":\"https:\\\/\\\/ntdctraining.org\\\/about\\\/key-messages\\\/\",\"url\":\"https:\\\/\\\/ntdctraining.org\\\/about\\\/key-messages\\\/\",\"name\":\"Key Messages - National Training and Development Curriculum\",\"isPartOf\":{\"@id\":\"https:\\\/\\\/ntdctraining.org\\\/#website\"},\"datePublished\":\"2020-06-05T19:14:18+00:00\",\"dateModified\":\"2024-12-04T21:51:14+00:00\",\"breadcrumb\":{\"@id\":\"https:\\\/\\\/ntdctraining.org\\\/about\\\/key-messages\\\/#breadcrumb\"},\"inLanguage\":\"es\",\"potentialAction\":[{\"@type\":\"ReadAction\",\"target\":[\"https:\\\/\\\/ntdctraining.org\\\/about\\\/key-messages\\\/\"]}]},{\"@type\":\"BreadcrumbList\",\"@id\":\"https:\\\/\\\/ntdctraining.org\\\/about\\\/key-messages\\\/#breadcrumb\",\"itemListElement\":[{\"@type\":\"ListItem\",\"position\":1,\"name\":\"Home\",\"item\":\"https:\\\/\\\/ntdctraining.org\\\/\"},{\"@type\":\"ListItem\",\"position\":2,\"name\":\"About NTDC\",\"item\":\"https:\\\/\\\/ntdctraining.org\\\/about\\\/\"},{\"@type\":\"ListItem\",\"position\":3,\"name\":\"Key Messages\"}]},{\"@type\":\"WebSite\",\"@id\":\"https:\\\/\\\/ntdctraining.org\\\/#website\",\"url\":\"https:\\\/\\\/ntdctraining.org\\\/\",\"name\":\"National Training and Development Curriculum\",\"description\":\"A State-of-the-Art Training Program for Foster and Adoptive Parents\",\"potentialAction\":[{\"@type\":\"SearchAction\",\"target\":{\"@type\":\"EntryPoint\",\"urlTemplate\":\"https:\\\/\\\/ntdctraining.org\\\/?s={search_term_string}\"},\"query-input\":{\"@type\":\"PropertyValueSpecification\",\"valueRequired\":true,\"valueName\":\"search_term_string\"}}],\"inLanguage\":\"es\"}]}<\/script>\n<!-- \/ Yoast SEO plugin. -->","yoast_head_json":{"title":"Mensajes clave - Programa Nacional de Formaci\u00f3n y Desarrollo","robots":{"index":"index","follow":"follow","max-snippet":"max-snippet:-1","max-image-preview":"max-image-preview:large","max-video-preview":"max-video-preview:-1"},"canonical":"https:\/\/ntdctraining.org\/es\/acerca-de\/mensajes-clave\/","og_locale":"es_ES","og_type":"article","og_title":"Key Messages - National Training and Development Curriculum","og_url":"https:\/\/ntdctraining.org\/es\/acerca-de\/mensajes-clave\/","og_site_name":"National Training and Development Curriculum","article_modified_time":"2024-12-04T21:51:14+00:00","twitter_card":"summary_large_image","twitter_misc":{"Tiempo de lectura":"2 minutos"},"schema":{"@context":"https:\/\/schema.org","@graph":[{"@type":"WebPage","@id":"https:\/\/ntdctraining.org\/about\/key-messages\/","url":"https:\/\/ntdctraining.org\/about\/key-messages\/","name":"Mensajes clave - Programa Nacional de Formaci\u00f3n y Desarrollo","isPartOf":{"@id":"https:\/\/ntdctraining.org\/#website"},"datePublished":"2020-06-05T19:14:18+00:00","dateModified":"2024-12-04T21:51:14+00:00","breadcrumb":{"@id":"https:\/\/ntdctraining.org\/about\/key-messages\/#breadcrumb"},"inLanguage":"es","potentialAction":[{"@type":"ReadAction","target":["https:\/\/ntdctraining.org\/about\/key-messages\/"]}]},{"@type":"BreadcrumbList","@id":"https:\/\/ntdctraining.org\/about\/key-messages\/#breadcrumb","itemListElement":[{"@type":"ListItem","position":1,"name":"Home","item":"https:\/\/ntdctraining.org\/"},{"@type":"ListItem","position":2,"name":"About NTDC","item":"https:\/\/ntdctraining.org\/about\/"},{"@type":"ListItem","position":3,"name":"Key Messages"}]},{"@type":"WebSite","@id":"https:\/\/ntdctraining.org\/#website","url":"https:\/\/ntdctraining.org\/","name":"Programa nacional de formaci\u00f3n y desarrollo","description":"Un programa de formaci\u00f3n de vanguardia para padres de acogida y adoptivos","potentialAction":[{"@type":"SearchAction","target":{"@type":"EntryPoint","urlTemplate":"https:\/\/ntdctraining.org\/?s={search_term_string}"},"query-input":{"@type":"PropertyValueSpecification","valueRequired":true,"valueName":"search_term_string"}}],"inLanguage":"es"}]}},"_links":{"self":[{"href":"https:\/\/ntdctraining.org\/es\/wp-json\/wp\/v2\/pages\/189","targetHints":{"allow":["GET"]}}],"collection":[{"href":"https:\/\/ntdctraining.org\/es\/wp-json\/wp\/v2\/pages"}],"about":[{"href":"https:\/\/ntdctraining.org\/es\/wp-json\/wp\/v2\/types\/page"}],"author":[{"embeddable":true,"href":"https:\/\/ntdctraining.org\/es\/wp-json\/wp\/v2\/users\/1"}],"replies":[{"embeddable":true,"href":"https:\/\/ntdctraining.org\/es\/wp-json\/wp\/v2\/comments?post=189"}],"version-history":[{"count":0,"href":"https:\/\/ntdctraining.org\/es\/wp-json\/wp\/v2\/pages\/189\/revisions"}],"up":[{"embeddable":true,"href":"https:\/\/ntdctraining.org\/es\/wp-json\/wp\/v2\/pages\/24"}],"wp:attachment":[{"href":"https:\/\/ntdctraining.org\/es\/wp-json\/wp\/v2\/media?parent=189"}],"curies":[{"name":"wp","href":"https:\/\/api.w.org\/{rel}","templated":true}]}}